{"id":957,"date":"2024-06-28T17:46:12","date_gmt":"2024-06-28T17:46:12","guid":{"rendered":"http:\/\/aramarvarais.com\/?page_id=957"},"modified":"2024-07-01T18:14:13","modified_gmt":"2024-07-01T18:14:13","slug":"basculante-sob-medida","status":"publish","type":"page","link":"https:\/\/aramarvarais.com\/?page_id=957","title":{"rendered":"Basculante sob medida"},"content":{"rendered":"\n<p>Modelo varal muito resistente, pode ser recolhido quando n\u00e3o estiver em uso, pode ser pequeno como um porta toalha ou muito grande com 2 metros ou mais de comprimento de vareta!<\/p>\n\n\n\n<figure class=\"wp-block-image\"><img fetchpriority=\"high\" decoding=\"async\" width=\"1000\" height=\"666\" src=\"http:\/\/aramarvarais.com\/wp-content\/uploads\/2024\/06\/varal-basculante-em-santos-varal.jpg\" alt=\"varal em Santos\" class=\"wp-image-961\" srcset=\"https:\/\/aramarvarais.com\/wp-content\/uploads\/2024\/06\/varal-basculante-em-santos-varal.jpg 1000w, https:\/\/aramarvarais.com\/wp-content\/uploads\/2024\/06\/varal-basculante-em-santos-varal-300x200.jpg 300w, https:\/\/aramarvarais.com\/wp-content\/uploads\/2024\/06\/varal-basculante-em-santos-varal-768x511.jpg 768w\" sizes=\"(max-width: 1000px) 100vw, 1000px\" \/><figcaption>varal forte n\u00e3o enferruja em Santos.<\/figcaption><\/figure>\n\n\n\n<figure class=\"wp-block-image\"><img decoding=\"async\" width=\"1000\" height=\"750\" src=\"http:\/\/aramarvarais.com\/wp-content\/uploads\/2024\/06\/varal-basculante-em-santos-varal-aramar.jpg\" alt=\"varal basculante varal em santos\" class=\"wp-image-960\" srcset=\"https:\/\/aramarvarais.com\/wp-content\/uploads\/2024\/06\/varal-basculante-em-santos-varal-aramar.jpg 1000w, https:\/\/aramarvarais.com\/wp-content\/uploads\/2024\/06\/varal-basculante-em-santos-varal-aramar-300x225.jpg 300w, https:\/\/aramarvarais.com\/wp-content\/uploads\/2024\/06\/varal-basculante-em-santos-varal-aramar-768x576.jpg 768w\" sizes=\"(max-width: 1000px) 100vw, 1000px\" \/><figcaption>Varal basculante sob medida!<\/figcaption><\/figure>\n\n\n\n<figure class=\"wp-block-image\"><img decoding=\"async\" width=\"1000\" height=\"750\" src=\"http:\/\/aramarvarais.com\/wp-content\/uploads\/2024\/06\/varal-basculante-em-santos-varal-aramar2.jpg\" alt=\"varal branco alum\u00ednio\" class=\"wp-image-959\" srcset=\"https:\/\/aramarvarais.com\/wp-content\/uploads\/2024\/06\/varal-basculante-em-santos-varal-aramar2.jpg 1000w, https:\/\/aramarvarais.com\/wp-content\/uploads\/2024\/06\/varal-basculante-em-santos-varal-aramar2-300x225.jpg 300w, https:\/\/aramarvarais.com\/wp-content\/uploads\/2024\/06\/varal-basculante-em-santos-varal-aramar2-768x576.jpg 768w\" sizes=\"(max-width: 1000px) 100vw, 1000px\" \/><figcaption>O melhor varal da Baixada Santista!<\/figcaption><\/figure>\n\n\n\n<figure class=\"wp-block-image\"><img loading=\"lazy\" decoding=\"async\" width=\"1000\" height=\"750\" src=\"http:\/\/aramarvarais.com\/wp-content\/uploads\/2024\/06\/varal-basculante-em-santos-varal-FORTE.jpg\" alt=\"alum\u00ednio seu varal definitivo \" class=\"wp-image-958\" srcset=\"https:\/\/aramarvarais.com\/wp-content\/uploads\/2024\/06\/varal-basculante-em-santos-varal-FORTE.jpg 1000w, https:\/\/aramarvarais.com\/wp-content\/uploads\/2024\/06\/varal-basculante-em-santos-varal-FORTE-300x225.jpg 300w, https:\/\/aramarvarais.com\/wp-content\/uploads\/2024\/06\/varal-basculante-em-santos-varal-FORTE-768x576.jpg 768w\" sizes=\"(max-width: 1000px) 100vw, 1000px\" \/><figcaption>Varal de alum\u00ednio<\/figcaption><\/figure>\n\n\n\n<p>Pose ser feito pequeno apenas para toalhas, pano de prato, pano de ch\u00e3o etc&#8230;<\/p>\n\n\n\n<figure class=\"wp-block-image\"><img loading=\"lazy\" decoding=\"async\" width=\"1000\" height=\"750\" src=\"http:\/\/aramarvarais.com\/wp-content\/uploads\/2024\/06\/varal-basculante-em-santos.jpg\" alt=\"varal forte alum\u00ednio branco\" class=\"wp-image-963\" srcset=\"https:\/\/aramarvarais.com\/wp-content\/uploads\/2024\/06\/varal-basculante-em-santos.jpg 1000w, https:\/\/aramarvarais.com\/wp-content\/uploads\/2024\/06\/varal-basculante-em-santos-300x225.jpg 300w, https:\/\/aramarvarais.com\/wp-content\/uploads\/2024\/06\/varal-basculante-em-santos-768x576.jpg 768w\" sizes=\"(max-width: 1000px) 100vw, 1000px\" \/><figcaption>varal basculante tamanho m\u00e9dio<\/figcaption><\/figure>\n\n\n\n<figure class=\"wp-block-image\"><img loading=\"lazy\" decoding=\"async\" width=\"1000\" height=\"750\" src=\"http:\/\/aramarvarais.com\/wp-content\/uploads\/2024\/06\/varal-basculante-em-casa-santos.jpg\" alt=\"varal alum\u00ednio forte\" class=\"wp-image-966\" srcset=\"https:\/\/aramarvarais.com\/wp-content\/uploads\/2024\/06\/varal-basculante-em-casa-santos.jpg 1000w, https:\/\/aramarvarais.com\/wp-content\/uploads\/2024\/06\/varal-basculante-em-casa-santos-300x225.jpg 300w, https:\/\/aramarvarais.com\/wp-content\/uploads\/2024\/06\/varal-basculante-em-casa-santos-768x576.jpg 768w\" sizes=\"(max-width: 1000px) 100vw, 1000px\" \/><figcaption>O varal que voc\u00ea precisa e n\u00e3o o que querem te empurrar! <\/figcaption><\/figure>\n\n\n\n<p>A pedido da cliente para um varal basculante cabideiro, fizemos a visita t\u00e9cnica e projetamos do jeito que ela queria.<\/p>\n\n\n\n<figure class=\"wp-block-image\"><img loading=\"lazy\" decoding=\"async\" width=\"847\" height=\"1024\" src=\"http:\/\/aramarvarais.com\/wp-content\/uploads\/2024\/07\/vara-basculante-nao-enferruja-santos-847x1024.jpg\" alt=\"varal em santos\" class=\"wp-image-970\" srcset=\"https:\/\/aramarvarais.com\/wp-content\/uploads\/2024\/07\/vara-basculante-nao-enferruja-santos-847x1024.jpg 847w, https:\/\/aramarvarais.com\/wp-content\/uploads\/2024\/07\/vara-basculante-nao-enferruja-santos-248x300.jpg 248w, https:\/\/aramarvarais.com\/wp-content\/uploads\/2024\/07\/vara-basculante-nao-enferruja-santos-768x929.jpg 768w, https:\/\/aramarvarais.com\/wp-content\/uploads\/2024\/07\/vara-basculante-nao-enferruja-santos.jpg 1000w\" sizes=\"(max-width: 847px) 100vw, 847px\" \/><figcaption>Visita t\u00e9cnica no local de instala\u00e7\u00e3o.<\/figcaption><\/figure>\n\n\n\n<figure class=\"wp-block-image\"><img loading=\"lazy\" decoding=\"async\" width=\"1000\" height=\"399\" src=\"http:\/\/aramarvarais.com\/wp-content\/uploads\/2024\/07\/varal-basculante-santos.jpg\" alt=\"varal alum\u00ednio\" class=\"wp-image-973\" srcset=\"https:\/\/aramarvarais.com\/wp-content\/uploads\/2024\/07\/varal-basculante-santos.jpg 1000w, https:\/\/aramarvarais.com\/wp-content\/uploads\/2024\/07\/varal-basculante-santos-300x120.jpg 300w, https:\/\/aramarvarais.com\/wp-content\/uploads\/2024\/07\/varal-basculante-santos-768x306.jpg 768w\" sizes=\"(max-width: 1000px) 100vw, 1000px\" \/><figcaption>varal recolhe para baixo ou para cima.<\/figcaption><\/figure>\n\n\n\n<figure class=\"wp-block-image\"><img loading=\"lazy\" decoding=\"async\" width=\"1024\" height=\"682\" src=\"http:\/\/aramarvarais.com\/wp-content\/uploads\/2024\/07\/varal-basculante-casa-dos-varais-1024x682.jpg\" alt=\"varais\" class=\"wp-image-974\" srcset=\"https:\/\/aramarvarais.com\/wp-content\/uploads\/2024\/07\/varal-basculante-casa-dos-varais-1024x682.jpg 1024w, https:\/\/aramarvarais.com\/wp-content\/uploads\/2024\/07\/varal-basculante-casa-dos-varais-300x200.jpg 300w, https:\/\/aramarvarais.com\/wp-content\/uploads\/2024\/07\/varal-basculante-casa-dos-varais-768x512.jpg 768w, https:\/\/aramarvarais.com\/wp-content\/uploads\/2024\/07\/varal-basculante-casa-dos-varais.jpg 1100w\" sizes=\"(max-width: 1024px) 100vw, 1024px\" \/><figcaption>Varal basculante em Santos<\/figcaption><\/figure>\n\n\n\n<p>Instalado na grade feito com todo acabamento em inox da linha tempestade nosso orgulho varal feito para durar.<\/p>\n\n\n\n<figure class=\"wp-block-image\"><img loading=\"lazy\" decoding=\"async\" width=\"683\" height=\"1024\" src=\"http:\/\/aramarvarais.com\/wp-content\/uploads\/2024\/07\/varal-basculante-santos-baixada-683x1024.jpg\" alt=\"varal inox santos\" class=\"wp-image-977\" srcset=\"https:\/\/aramarvarais.com\/wp-content\/uploads\/2024\/07\/varal-basculante-santos-baixada-683x1024.jpg 683w, https:\/\/aramarvarais.com\/wp-content\/uploads\/2024\/07\/varal-basculante-santos-baixada-200x300.jpg 200w, https:\/\/aramarvarais.com\/wp-content\/uploads\/2024\/07\/varal-basculante-santos-baixada-768x1152.jpg 768w, https:\/\/aramarvarais.com\/wp-content\/uploads\/2024\/07\/varal-basculante-santos-baixada.jpg 800w\" sizes=\"(max-width: 683px) 100vw, 683px\" \/><figcaption>varal com acabamento inox<\/figcaption><\/figure>\n","protected":false},"excerpt":{"rendered":"<p>Modelo varal muito resistente, pode ser recolhido quando n\u00e3o estiver em uso, pode ser pequeno como um porta toalha ou muito grande com 2 metros ou mais de comprimento de vareta! Pose ser feito pequeno apenas para toalhas, pano de prato, pano de ch\u00e3o etc&#8230; A pedido da cliente para um varal basculante cabideiro, fizemos a visita t\u00e9cnica e projetamos do jeito que ela queria. Instalado na grade feito com todo acabamento em inox da linha tempestade nosso orgulho varal feito para durar.<\/p>\n","protected":false},"author":1,"featured_media":0,"parent":0,"menu_order":0,"comment_status":"closed","ping_status":"closed","template":"","meta":{"footnotes":""},"class_list":["post-957","page","type-page","status-publish","hentry"],"_links":{"self":[{"href":"https:\/\/aramarvarais.com\/index.php?rest_route=\/wp\/v2\/pages\/957","targetHints":{"allow":["GET"]}}],"collection":[{"href":"https:\/\/aramarvarais.com\/index.php?rest_route=\/wp\/v2\/pages"}],"about":[{"href":"https:\/\/aramarvarais.com\/index.php?rest_route=\/wp\/v2\/types\/page"}],"author":[{"embeddable":true,"href":"https:\/\/aramarvarais.com\/index.php?rest_route=\/wp\/v2\/users\/1"}],"replies":[{"embeddable":true,"href":"https:\/\/aramarvarais.com\/index.php?rest_route=%2Fwp%2Fv2%2Fcomments&post=957"}],"version-history":[{"count":6,"href":"https:\/\/aramarvarais.com\/index.php?rest_route=\/wp\/v2\/pages\/957\/revisions"}],"predecessor-version":[{"id":978,"href":"https:\/\/aramarvarais.com\/index.php?rest_route=\/wp\/v2\/pages\/957\/revisions\/978"}],"wp:attachment":[{"href":"https:\/\/aramarvarais.com\/index.php?rest_route=%2Fwp%2Fv2%2Fmedia&parent=957"}],"curies":[{"name":"wp","href":"https:\/\/api.w.org\/{rel}","templated":true}]}}