{"id":80,"date":"2017-02-08T00:01:24","date_gmt":"2017-02-08T00:01:24","guid":{"rendered":"http:\/\/aramarvarais.com\/?page_id=80"},"modified":"2025-12-29T17:01:12","modified_gmt":"2025-12-29T17:01:12","slug":"furos-avulsos","status":"publish","type":"page","link":"https:\/\/aramarvarais.com\/?page_id=80","title":{"rendered":"furos avulsos"},"content":{"rendered":"<h4>Instala\u00e7\u00e3o de varal em Santos, voc\u00ea est\u00e1 vindo de mudan\u00e7a? traga o seu varal e n\u00f3s fazemos a instala\u00e7\u00e3o pra voc\u00ea! Dependendo do modelo, n\u00e3o precisa de comprar um varal novo.<\/h4>\n<h4>Fazemos furos avulsos para acess\u00f3rios em geral: prateleira, suporte de tv, espelho rede de balan\u00e7o etc&#8230;<\/h4>\n<p><img fetchpriority=\"high\" decoding=\"async\" class=\"alignnone wp-image-293\" src=\"http:\/\/aramarvarais.com\/wp-content\/uploads\/2017\/02\/site-furo-marido-de-aluguel-santos-300x225.jpg\" alt=\"site-furo-marido-de-aluguel-santos\" width=\"408\" height=\"306\" srcset=\"https:\/\/aramarvarais.com\/wp-content\/uploads\/2017\/02\/site-furo-marido-de-aluguel-santos-300x225.jpg 300w, https:\/\/aramarvarais.com\/wp-content\/uploads\/2017\/02\/site-furo-marido-de-aluguel-santos-768x576.jpg 768w, https:\/\/aramarvarais.com\/wp-content\/uploads\/2017\/02\/site-furo-marido-de-aluguel-santos.jpg 800w\" sizes=\"(max-width: 408px) 100vw, 408px\" \/><\/p>\n<p><img decoding=\"async\" class=\"alignnone wp-image-311\" src=\"http:\/\/aramarvarais.com\/wp-content\/uploads\/2017\/02\/site-furos-avulsos-300x225.jpg\" alt=\"site-furos-avulsos\" width=\"407\" height=\"305\" srcset=\"https:\/\/aramarvarais.com\/wp-content\/uploads\/2017\/02\/site-furos-avulsos-300x225.jpg 300w, https:\/\/aramarvarais.com\/wp-content\/uploads\/2017\/02\/site-furos-avulsos-768x576.jpg 768w, https:\/\/aramarvarais.com\/wp-content\/uploads\/2017\/02\/site-furos-avulsos.jpg 1000w\" sizes=\"(max-width: 407px) 100vw, 407px\" \/><\/p>\n<p><img decoding=\"async\" class=\"alignnone wp-image-313\" src=\"http:\/\/aramarvarais.com\/wp-content\/uploads\/2017\/02\/site-furo-avuslsos-300x225.jpg\" alt=\"site-furo-avuslsos\" width=\"407\" height=\"305\" srcset=\"https:\/\/aramarvarais.com\/wp-content\/uploads\/2017\/02\/site-furo-avuslsos-300x225.jpg 300w, https:\/\/aramarvarais.com\/wp-content\/uploads\/2017\/02\/site-furo-avuslsos-768x576.jpg 768w, https:\/\/aramarvarais.com\/wp-content\/uploads\/2017\/02\/site-furo-avuslsos.jpg 1000w\" sizes=\"(max-width: 407px) 100vw, 407px\" \/><\/p>\n<p><img loading=\"lazy\" decoding=\"async\" class=\"alignnone wp-image-452\" src=\"http:\/\/aramarvarais.com\/wp-content\/uploads\/2017\/02\/site-furos-acesso-300x225.jpg\" alt=\"site-furos-acesso\" width=\"407\" height=\"305\" srcset=\"https:\/\/aramarvarais.com\/wp-content\/uploads\/2017\/02\/site-furos-acesso-300x225.jpg 300w, https:\/\/aramarvarais.com\/wp-content\/uploads\/2017\/02\/site-furos-acesso-768x576.jpg 768w, https:\/\/aramarvarais.com\/wp-content\/uploads\/2017\/02\/site-furos-acesso.jpg 1000w\" sizes=\"(max-width: 407px) 100vw, 407px\" \/><\/p>\n<p><img loading=\"lazy\" decoding=\"async\" class=\"alignnone size-medium wp-image-346\" src=\"http:\/\/aramarvarais.com\/wp-content\/uploads\/2017\/02\/site-furadeira-bosch-300x185.png\" alt=\"site-furadeira-bosch\" width=\"300\" height=\"185\" srcset=\"https:\/\/aramarvarais.com\/wp-content\/uploads\/2017\/02\/site-furadeira-bosch-300x185.png 300w, https:\/\/aramarvarais.com\/wp-content\/uploads\/2017\/02\/site-furadeira-bosch.png 500w\" sizes=\"(max-width: 300px) 100vw, 300px\" \/><\/p>\n","protected":false},"excerpt":{"rendered":"<p>Instala\u00e7\u00e3o de varal em Santos, voc\u00ea est\u00e1 vindo de mudan\u00e7a? traga o seu varal e n\u00f3s fazemos a instala\u00e7\u00e3o pra voc\u00ea! Dependendo do modelo, n\u00e3o precisa de comprar um varal novo. Fazemos furos avulsos para acess\u00f3rios em geral: prateleira, suporte de tv, espelho rede de balan\u00e7o etc&#8230;<\/p>\n","protected":false},"author":1,"featured_media":0,"parent":31,"menu_order":0,"comment_status":"closed","ping_status":"closed","template":"","meta":{"footnotes":""},"class_list":["post-80","page","type-page","status-publish","hentry"],"_links":{"self":[{"href":"https:\/\/aramarvarais.com\/index.php?rest_route=\/wp\/v2\/pages\/80","targetHints":{"allow":["GET"]}}],"collection":[{"href":"https:\/\/aramarvarais.com\/index.php?rest_route=\/wp\/v2\/pages"}],"about":[{"href":"https:\/\/aramarvarais.com\/index.php?rest_route=\/wp\/v2\/types\/page"}],"author":[{"embeddable":true,"href":"https:\/\/aramarvarais.com\/index.php?rest_route=\/wp\/v2\/users\/1"}],"replies":[{"embeddable":true,"href":"https:\/\/aramarvarais.com\/index.php?rest_route=%2Fwp%2Fv2%2Fcomments&post=80"}],"version-history":[{"count":11,"href":"https:\/\/aramarvarais.com\/index.php?rest_route=\/wp\/v2\/pages\/80\/revisions"}],"predecessor-version":[{"id":1011,"href":"https:\/\/aramarvarais.com\/index.php?rest_route=\/wp\/v2\/pages\/80\/revisions\/1011"}],"up":[{"embeddable":true,"href":"https:\/\/aramarvarais.com\/index.php?rest_route=\/wp\/v2\/pages\/31"}],"wp:attachment":[{"href":"https:\/\/aramarvarais.com\/index.php?rest_route=%2Fwp%2Fv2%2Fmedia&parent=80"}],"curies":[{"name":"wp","href":"https:\/\/api.w.org\/{rel}","templated":true}]}}