{"id":78,"date":"2017-02-08T00:00:45","date_gmt":"2017-02-08T00:00:45","guid":{"rendered":"http:\/\/aramarvarais.com\/?page_id=78"},"modified":"2019-06-24T18:44:15","modified_gmt":"2019-06-24T18:44:15","slug":"troca-de-corda","status":"publish","type":"page","link":"https:\/\/aramarvarais.com\/?page_id=78","title":{"rendered":"troca de corda"},"content":{"rendered":"<p>Fazemos troca de corda e manuten\u00e7\u00e3o do seu varal tradicional, individual, varal de muro.<\/p>\n<p>Temos 2 op\u00e7\u00f5es de corda usamos corda de polipropileno (seda) 3 mm ou 4 mm branca servi\u00e7o com garantia!<\/p>\n<p><img fetchpriority=\"high\" decoding=\"async\" class=\"alignnone size-full wp-image-515\" src=\"http:\/\/aramarvarais.com\/wp-content\/uploads\/2017\/02\/site-corda-3-e-4-mm.jpg\" alt=\"site-corda-3-e-4-mm\" width=\"800\" height=\"600\" srcset=\"https:\/\/aramarvarais.com\/wp-content\/uploads\/2017\/02\/site-corda-3-e-4-mm.jpg 800w, https:\/\/aramarvarais.com\/wp-content\/uploads\/2017\/02\/site-corda-3-e-4-mm-300x225.jpg 300w, https:\/\/aramarvarais.com\/wp-content\/uploads\/2017\/02\/site-corda-3-e-4-mm-768x576.jpg 768w\" sizes=\"(max-width: 800px) 100vw, 800px\" \/><\/p>\n<p>Temos novas cores de corda para seu varal.<\/p>\n<p><img decoding=\"async\" class=\"alignnone size-full wp-image-635\" src=\"http:\/\/aramarvarais.com\/wp-content\/uploads\/2017\/02\/site-corda-varal-cores-guaruja-santos.jpg\" alt=\"site-corda-varal-cores-guaruja-santos\" width=\"800\" height=\"600\" srcset=\"https:\/\/aramarvarais.com\/wp-content\/uploads\/2017\/02\/site-corda-varal-cores-guaruja-santos.jpg 800w, https:\/\/aramarvarais.com\/wp-content\/uploads\/2017\/02\/site-corda-varal-cores-guaruja-santos-300x225.jpg 300w, https:\/\/aramarvarais.com\/wp-content\/uploads\/2017\/02\/site-corda-varal-cores-guaruja-santos-768x576.jpg 768w\" sizes=\"(max-width: 800px) 100vw, 800px\" \/><\/p>\n<p>Branca, Preta, Cinza, Rosa e Camuflada.<\/p>\n<p><img decoding=\"async\" class=\"alignnone wp-image-198\" src=\"http:\/\/aramarvarais.com\/wp-content\/uploads\/2017\/02\/site-varal-troca-de-corda-santos-300x169.jpg\" alt=\"site-varal-troca-de-corda-santos\" width=\"467\" height=\"263\" srcset=\"https:\/\/aramarvarais.com\/wp-content\/uploads\/2017\/02\/site-varal-troca-de-corda-santos-300x169.jpg 300w, https:\/\/aramarvarais.com\/wp-content\/uploads\/2017\/02\/site-varal-troca-de-corda-santos.jpg 700w\" sizes=\"(max-width: 467px) 100vw, 467px\" \/><\/p>\n<p>Fazemos o servi\u00e7o com hora marcada, voc\u00ea n\u00e3o vai querer esperar o dia inteiro por uma troca de corda n\u00e3o \u00e9 mesmo?!<\/p>\n<p><img loading=\"lazy\" decoding=\"async\" class=\"alignnone wp-image-448\" src=\"http:\/\/aramarvarais.com\/wp-content\/uploads\/2017\/02\/site-troca-de-corda-3d-300x169.jpg\" alt=\"site-troca-de-corda-3d\" width=\"469\" height=\"264\" srcset=\"https:\/\/aramarvarais.com\/wp-content\/uploads\/2017\/02\/site-troca-de-corda-3d-300x169.jpg 300w, https:\/\/aramarvarais.com\/wp-content\/uploads\/2017\/02\/site-troca-de-corda-3d-768x432.jpg 768w, https:\/\/aramarvarais.com\/wp-content\/uploads\/2017\/02\/site-troca-de-corda-3d.jpg 1000w\" sizes=\"(max-width: 469px) 100vw, 469px\" \/><\/p>\n<p>Muita variedade deixando sua \u00e1rea de servi\u00e7o com um detalhe diferente!<\/p>\n<p><img loading=\"lazy\" decoding=\"async\" class=\"alignnone size-full wp-image-686\" src=\"http:\/\/aramarvarais.com\/wp-content\/uploads\/2017\/02\/corda-para-varal-santos.jpg\" alt=\"corda-para-varal-santos corda pp\" width=\"1200\" height=\"900\" srcset=\"https:\/\/aramarvarais.com\/wp-content\/uploads\/2017\/02\/corda-para-varal-santos.jpg 1200w, https:\/\/aramarvarais.com\/wp-content\/uploads\/2017\/02\/corda-para-varal-santos-300x225.jpg 300w, https:\/\/aramarvarais.com\/wp-content\/uploads\/2017\/02\/corda-para-varal-santos-768x576.jpg 768w, https:\/\/aramarvarais.com\/wp-content\/uploads\/2017\/02\/corda-para-varal-santos-1024x768.jpg 1024w\" sizes=\"(max-width: 1200px) 100vw, 1200px\" \/><\/p>\n<p>S\u00e3o 6 op\u00e7\u00f5es para dar um toque diferente na sua \u00e1rea de servi\u00e7o!<\/p>\n<p>&nbsp;<\/p>\n<p>&nbsp;<\/p>\n<p>&nbsp;<\/p>\n<p>&nbsp;<\/p>\n","protected":false},"excerpt":{"rendered":"<p>Fazemos troca de corda e manuten\u00e7\u00e3o do seu varal tradicional, individual, varal de muro. Temos 2 op\u00e7\u00f5es de corda usamos corda de polipropileno (seda) 3 mm ou 4 mm branca servi\u00e7o com garantia! Temos novas cores de corda para seu varal. Branca, Preta, Cinza, Rosa e Camuflada. Fazemos o servi\u00e7o com hora marcada, voc\u00ea n\u00e3o vai querer esperar o dia inteiro por uma troca de corda n\u00e3o \u00e9 mesmo?! Muita variedade deixando sua \u00e1rea de servi\u00e7o com um detalhe diferente! S\u00e3o 6 op\u00e7\u00f5es para dar um toque diferente na sua \u00e1rea de servi\u00e7o! &nbsp; &nbsp; &nbsp; &nbsp;<\/p>\n","protected":false},"author":1,"featured_media":0,"parent":31,"menu_order":0,"comment_status":"closed","ping_status":"closed","template":"","meta":{"footnotes":""},"class_list":["post-78","page","type-page","status-publish","hentry"],"_links":{"self":[{"href":"https:\/\/aramarvarais.com\/index.php?rest_route=\/wp\/v2\/pages\/78","targetHints":{"allow":["GET"]}}],"collection":[{"href":"https:\/\/aramarvarais.com\/index.php?rest_route=\/wp\/v2\/pages"}],"about":[{"href":"https:\/\/aramarvarais.com\/index.php?rest_route=\/wp\/v2\/types\/page"}],"author":[{"embeddable":true,"href":"https:\/\/aramarvarais.com\/index.php?rest_route=\/wp\/v2\/users\/1"}],"replies":[{"embeddable":true,"href":"https:\/\/aramarvarais.com\/index.php?rest_route=%2Fwp%2Fv2%2Fcomments&post=78"}],"version-history":[{"count":13,"href":"https:\/\/aramarvarais.com\/index.php?rest_route=\/wp\/v2\/pages\/78\/revisions"}],"predecessor-version":[{"id":698,"href":"https:\/\/aramarvarais.com\/index.php?rest_route=\/wp\/v2\/pages\/78\/revisions\/698"}],"up":[{"embeddable":true,"href":"https:\/\/aramarvarais.com\/index.php?rest_route=\/wp\/v2\/pages\/31"}],"wp:attachment":[{"href":"https:\/\/aramarvarais.com\/index.php?rest_route=%2Fwp%2Fv2%2Fmedia&parent=78"}],"curies":[{"name":"wp","href":"https:\/\/api.w.org\/{rel}","templated":true}]}}