{"id":74,"date":"2017-02-07T23:59:02","date_gmt":"2017-02-07T23:59:02","guid":{"rendered":"http:\/\/aramarvarais.com\/?page_id=74"},"modified":"2025-09-09T15:10:47","modified_gmt":"2025-09-09T15:10:47","slug":"carretilhas-de-metal-varal-em-santos","status":"publish","type":"page","link":"https:\/\/aramarvarais.com\/?page_id=74","title":{"rendered":"carretilhas de metal"},"content":{"rendered":"<p>Em algumas casas o varal \u00e9 muito exigido fazendo com que as roldanas de pl\u00e1stico n\u00e3o aguentem o esfor\u00e7o e quebrem, essa \u00e9 feita de metal e tem grande resist\u00eancia e maior durabilidade.<\/p>\n<p><img fetchpriority=\"high\" decoding=\"async\" class=\"alignnone  wp-image-234\" src=\"http:\/\/aramarvarais.com\/wp-content\/uploads\/2017\/02\/site-carretilhas-de-metal-santos-varal-173x300.jpg\" alt=\"site-carretilhas-de-metal-santos-varal\" width=\"340\" height=\"590\" srcset=\"https:\/\/aramarvarais.com\/wp-content\/uploads\/2017\/02\/site-carretilhas-de-metal-santos-varal-173x300.jpg 173w, https:\/\/aramarvarais.com\/wp-content\/uploads\/2017\/02\/site-carretilhas-de-metal-santos-varal.jpg 400w\" sizes=\"(max-width: 340px) 100vw, 340px\" \/><\/p>\n<figure id=\"attachment_907\" aria-describedby=\"caption-attachment-907\" style=\"width: 500px\" class=\"wp-caption alignnone\"><img decoding=\"async\" class=\"size-full wp-image-907\" src=\"http:\/\/aramarvarais.com\/wp-content\/uploads\/2024\/06\/contato-varal-santos-aramar-varais.png\" alt=\"varal em santos roupa\" width=\"500\" height=\"166\" srcset=\"https:\/\/aramarvarais.com\/wp-content\/uploads\/2024\/06\/contato-varal-santos-aramar-varais.png 500w, https:\/\/aramarvarais.com\/wp-content\/uploads\/2024\/06\/contato-varal-santos-aramar-varais-300x100.png 300w\" sizes=\"(max-width: 500px) 100vw, 500px\" \/><figcaption id=\"caption-attachment-907\" class=\"wp-caption-text\">Varal de roupa em Santos, contato WhatsApp.<\/figcaption><\/figure>\n","protected":false},"excerpt":{"rendered":"<p>Em algumas casas o varal \u00e9 muito exigido fazendo com que as roldanas de pl\u00e1stico n\u00e3o aguentem o esfor\u00e7o e quebrem, essa \u00e9 feita de metal e tem grande resist\u00eancia e maior durabilidade.<\/p>\n","protected":false},"author":1,"featured_media":0,"parent":0,"menu_order":0,"comment_status":"closed","ping_status":"closed","template":"","meta":{"footnotes":""},"class_list":["post-74","page","type-page","status-publish","hentry"],"_links":{"self":[{"href":"https:\/\/aramarvarais.com\/index.php?rest_route=\/wp\/v2\/pages\/74","targetHints":{"allow":["GET"]}}],"collection":[{"href":"https:\/\/aramarvarais.com\/index.php?rest_route=\/wp\/v2\/pages"}],"about":[{"href":"https:\/\/aramarvarais.com\/index.php?rest_route=\/wp\/v2\/types\/page"}],"author":[{"embeddable":true,"href":"https:\/\/aramarvarais.com\/index.php?rest_route=\/wp\/v2\/users\/1"}],"replies":[{"embeddable":true,"href":"https:\/\/aramarvarais.com\/index.php?rest_route=%2Fwp%2Fv2%2Fcomments&post=74"}],"version-history":[{"count":5,"href":"https:\/\/aramarvarais.com\/index.php?rest_route=\/wp\/v2\/pages\/74\/revisions"}],"predecessor-version":[{"id":1004,"href":"https:\/\/aramarvarais.com\/index.php?rest_route=\/wp\/v2\/pages\/74\/revisions\/1004"}],"wp:attachment":[{"href":"https:\/\/aramarvarais.com\/index.php?rest_route=%2Fwp%2Fv2%2Fmedia&parent=74"}],"curies":[{"name":"wp","href":"https:\/\/api.w.org\/{rel}","templated":true}]}}