{"id":691,"date":"2019-06-24T13:07:51","date_gmt":"2019-06-24T13:07:51","guid":{"rendered":"http:\/\/aramarvarais.com\/?page_id=691"},"modified":"2024-06-27T18:46:22","modified_gmt":"2024-06-27T18:46:22","slug":"novidades-lancamentos-noticias","status":"publish","type":"page","link":"https:\/\/aramarvarais.com\/?page_id=691","title":{"rendered":"Novidades, lan\u00e7amentos not\u00edcias&#8230;"},"content":{"rendered":"\n<p><\/p>\n\n\n<p>Aqui voc\u00ea tem as nossas novidades e fica por dentro de como cuidar e manter o seu varal sempre em dia.<\/p>\n<h5>24\/6\/19 &#8211;&nbsp; Para facilitar a vida do nosso cliente temos uma nova m\u00eddia social o Instagram com conte\u00fado sobre os nossos varais.<\/h5>\n<p><\/p>\n<figure id=\"attachment_689\" aria-describedby=\"caption-attachment-689\" style=\"width: 98px\" class=\"wp-caption alignnone\"><a href=\"https:\/\/www.instagram.com\/aramar_varais\/\" target=\"_blank\" rel=\"noopener noreferrer\"><img decoding=\"async\" class=\"wp-image-689 size-full\" src=\"http:\/\/aramarvarais.com\/wp-content\/uploads\/2019\/06\/media-aramar-instagran-varal.png\" alt=\"m\u00eddia-aramar-instagran-varal\" width=\"98\" height=\"96\"><\/a><figcaption id=\"caption-attachment-689\" class=\"wp-caption-text\">Clique e acesse nosso Instagram!<\/figcaption><\/figure>\n<p><\/p>\n<h5>29\/7\/19 &#8211;&nbsp;Varal de ch\u00e3o P\u00e9gasus Color esse grande lan\u00e7amento traz o destaque de ter uma nova op\u00e7\u00e3o de cor vinho met\u00e1lico sistema de pintura eletrost\u00e1tica, com 2 abas e espa\u00e7o de sobra para suas roupas, conta ainda com 2 rodas e 2 porta meias um excelente presente para voc\u00ea! Acesse a aba <a href=\"http:\/\/aramarvarais.com\/?page_id=653\" target=\"_blank\" rel=\"noopener noreferrer\"><span style=\"color: #33cccc;\">varais de ch\u00e3o<\/span><\/a> e veja mais detalhes!<\/h5>\n<p><img fetchpriority=\"high\" decoding=\"async\" class=\"alignnone size-full wp-image-701\" src=\"http:\/\/aramarvarais.com\/wp-content\/uploads\/2019\/06\/pegasus-color.jpg\" alt=\"cor p\u00e9gaso\" width=\"800\" height=\"379\" srcset=\"https:\/\/aramarvarais.com\/wp-content\/uploads\/2019\/06\/pegasus-color.jpg 800w, https:\/\/aramarvarais.com\/wp-content\/uploads\/2019\/06\/pegasus-color-300x142.jpg 300w, https:\/\/aramarvarais.com\/wp-content\/uploads\/2019\/06\/pegasus-color-768x364.jpg 768w\" sizes=\"(max-width: 800px) 100vw, 800px\" \/><\/p>\n<p><\/p>\n<p><strong>13\/02\/2020 &#8211; O que era bom ficou ainda melhor! nossa linha de varal Aramar tradicional e Aramar individual passa de 1 para 1 anos e 6 meses de garantia total, esse n\u00famero significa a nossa qualidade e compromisso em levar sempre o melhor aos nosso parceiros arquitetos e clientes, compara e compre seu varal com a gente e descanse afinal s\u00e3o 1 ano e 6 meses de garantia total!<\/strong><\/p>\n<p><\/p>\n<p><strong>24\/6\/2020 Temos mais uma op\u00e7\u00e3o de cor o azul Aramar corda 100% polipropileno 3 mm.<\/strong><\/p>\n<p><img decoding=\"async\" class=\"alignnone size-full wp-image-789\" src=\"http:\/\/aramarvarais.com\/wp-content\/uploads\/2019\/06\/corda-azul-aramar-santos.jpg\" alt=\"corda-azul-aramar-santos\" width=\"900\" height=\"1600\" srcset=\"https:\/\/aramarvarais.com\/wp-content\/uploads\/2019\/06\/corda-azul-aramar-santos.jpg 900w, https:\/\/aramarvarais.com\/wp-content\/uploads\/2019\/06\/corda-azul-aramar-santos-169x300.jpg 169w, https:\/\/aramarvarais.com\/wp-content\/uploads\/2019\/06\/corda-azul-aramar-santos-768x1365.jpg 768w, https:\/\/aramarvarais.com\/wp-content\/uploads\/2019\/06\/corda-azul-aramar-santos-576x1024.jpg 576w\" sizes=\"(max-width: 900px) 100vw, 900px\" \/><\/p>\n<h5><strong>2\/5\/2021 Temos mais cores dispon\u00edveis!&nbsp;<\/strong><\/h5>\n<p><img loading=\"lazy\" decoding=\"async\" class=\"alignnone size-full wp-image-878\" src=\"http:\/\/aramarvarais.com\/wp-content\/uploads\/2019\/06\/cordas-varal-santos-colorida.jpg\" alt=\"cordas-varal-santos-colorida\" width=\"600\" height=\"600\" srcset=\"https:\/\/aramarvarais.com\/wp-content\/uploads\/2019\/06\/cordas-varal-santos-colorida.jpg 600w, https:\/\/aramarvarais.com\/wp-content\/uploads\/2019\/06\/cordas-varal-santos-colorida-150x150.jpg 150w, https:\/\/aramarvarais.com\/wp-content\/uploads\/2019\/06\/cordas-varal-santos-colorida-300x300.jpg 300w\" sizes=\"(max-width: 600px) 100vw, 600px\" \/><\/p>\n<h5>&nbsp;<\/h5>\n<h5><strong>15\/8\/23 Ferramentas especiais e t\u00e9cnica para furar porcelanato sem que ele quebre ou trinque.<\/strong><\/h5>\n<p><img loading=\"lazy\" decoding=\"async\" class=\"alignnone size-full wp-image-882\" src=\"http:\/\/aramarvarais.com\/wp-content\/uploads\/2019\/06\/site-furo-em-porcenato-santos_1.jpg\" alt=\"site-furo-em-porcenato-santos_1 sem quebrar\" width=\"1200\" height=\"900\" srcset=\"https:\/\/aramarvarais.com\/wp-content\/uploads\/2019\/06\/site-furo-em-porcenato-santos_1.jpg 1200w, https:\/\/aramarvarais.com\/wp-content\/uploads\/2019\/06\/site-furo-em-porcenato-santos_1-300x225.jpg 300w, https:\/\/aramarvarais.com\/wp-content\/uploads\/2019\/06\/site-furo-em-porcenato-santos_1-768x576.jpg 768w, https:\/\/aramarvarais.com\/wp-content\/uploads\/2019\/06\/site-furo-em-porcenato-santos_1-1024x768.jpg 1024w\" sizes=\"(max-width: 1200px) 100vw, 1200px\" \/><\/p>\n<p><img loading=\"lazy\" decoding=\"async\" class=\"alignnone size-full wp-image-880\" src=\"http:\/\/aramarvarais.com\/wp-content\/uploads\/2019\/06\/site-furo-em-porcenato-santos.jpg\" alt=\"site-furo-em-porcenato-santos\" width=\"1200\" height=\"900\" srcset=\"https:\/\/aramarvarais.com\/wp-content\/uploads\/2019\/06\/site-furo-em-porcenato-santos.jpg 1200w, https:\/\/aramarvarais.com\/wp-content\/uploads\/2019\/06\/site-furo-em-porcenato-santos-300x225.jpg 300w, https:\/\/aramarvarais.com\/wp-content\/uploads\/2019\/06\/site-furo-em-porcenato-santos-768x576.jpg 768w, https:\/\/aramarvarais.com\/wp-content\/uploads\/2019\/06\/site-furo-em-porcenato-santos-1024x768.jpg 1024w\" sizes=\"(max-width: 1200px) 100vw, 1200px\" \/><\/p>\n<p><\/p>\n<h5><strong>14\/11\/23 &#8211; Usamos nossa experi\u00eancia de fabricante de varal para lan\u00e7ar o novo suporte chamado \u00c2ngulo, sua principal carater\u00edstica \u00e9 o posicionamento rente ao teto mesmo sendo instalado na parede!<\/strong><\/h5>\n<h5><strong>Surpreenda-se com o caminho mais livre sem bater a cabe\u00e7a nas roupas!&nbsp;&nbsp;<\/strong><\/h5>\n<p><img loading=\"lazy\" decoding=\"async\" class=\"alignnone size-full wp-image-885\" src=\"http:\/\/aramarvarais.com\/wp-content\/uploads\/2019\/06\/site-aramar-suporte-angulo.jpg\" alt=\"varal parede-santos-aramar-suporte-angulo\" width=\"1500\" height=\"1124\" srcset=\"https:\/\/aramarvarais.com\/wp-content\/uploads\/2019\/06\/site-aramar-suporte-angulo.jpg 1500w, https:\/\/aramarvarais.com\/wp-content\/uploads\/2019\/06\/site-aramar-suporte-angulo-300x225.jpg 300w, https:\/\/aramarvarais.com\/wp-content\/uploads\/2019\/06\/site-aramar-suporte-angulo-768x575.jpg 768w, https:\/\/aramarvarais.com\/wp-content\/uploads\/2019\/06\/site-aramar-suporte-angulo-1024x767.jpg 1024w\" sizes=\"(max-width: 1500px) 100vw, 1500px\" \/><\/p>\n<p><\/p>\n\n\n<h5 class=\"wp-block-heading\">2\/5\/22 H\u00e1 muito tempo temos o varal que n\u00e3o enferruja em Santos no come\u00e7o trabalhamos com o alum\u00ednio anodizado, com a prefer\u00eancia do publico por um varal com pintura eletrost\u00e1tica passamos por essa mudan\u00e7a trabalhamos com o melhor perfil dispon\u00edvel no varal individual 1\/2 x 1\/16 e no tradicional 3\/8 x 1\/16.<\/h5>\n\n\n\n<figure class=\"wp-block-image\"><img loading=\"lazy\" decoding=\"async\" width=\"1024\" height=\"600\" src=\"http:\/\/aramarvarais.com\/wp-content\/uploads\/2024\/06\/varal-que-nao-enferruja-em-santos-1024x600.jpg\" alt=\"varal em santos\" class=\"wp-image-901\" srcset=\"https:\/\/aramarvarais.com\/wp-content\/uploads\/2024\/06\/varal-que-nao-enferruja-em-santos-1024x600.jpg 1024w, https:\/\/aramarvarais.com\/wp-content\/uploads\/2024\/06\/varal-que-nao-enferruja-em-santos-300x176.jpg 300w, https:\/\/aramarvarais.com\/wp-content\/uploads\/2024\/06\/varal-que-nao-enferruja-em-santos-768x450.jpg 768w\" sizes=\"(max-width: 1024px) 100vw, 1024px\" \/><figcaption>varal de roupa em santos<\/figcaption><\/figure>\n\n\n\n<figure class=\"wp-block-image\"><img loading=\"lazy\" decoding=\"async\" width=\"1024\" height=\"839\" src=\"http:\/\/aramarvarais.com\/wp-content\/uploads\/2024\/06\/varal-forte-em-santos-melhor-1024x839.jpg\" alt=\"\" class=\"wp-image-943\" srcset=\"https:\/\/aramarvarais.com\/wp-content\/uploads\/2024\/06\/varal-forte-em-santos-melhor-1024x839.jpg 1024w, https:\/\/aramarvarais.com\/wp-content\/uploads\/2024\/06\/varal-forte-em-santos-melhor-300x246.jpg 300w, https:\/\/aramarvarais.com\/wp-content\/uploads\/2024\/06\/varal-forte-em-santos-melhor-768x629.jpg 768w, https:\/\/aramarvarais.com\/wp-content\/uploads\/2024\/06\/varal-forte-em-santos-melhor.jpg 1836w\" sizes=\"(max-width: 1024px) 100vw, 1024px\" \/><\/figure>\n\n\n\n<p><\/p>\n\n\n\n<p><\/p>\n","protected":false},"excerpt":{"rendered":"<p>Aqui voc\u00ea tem as nossas novidades e fica por dentro de como cuidar e manter o seu varal sempre em dia. 24\/6\/19 &#8211;&nbsp; Para facilitar a vida do nosso cliente temos uma nova m\u00eddia social o Instagram com conte\u00fado sobre os nossos varais. 29\/7\/19 &#8211;&nbsp;Varal de ch\u00e3o P\u00e9gasus Color esse grande lan\u00e7amento traz o destaque de ter uma nova op\u00e7\u00e3o de cor vinho met\u00e1lico sistema de pintura eletrost\u00e1tica, com 2 abas e espa\u00e7o de sobra para suas roupas, conta ainda com 2 rodas e 2 porta meias um excelente presente para voc\u00ea! Acesse a aba varais de ch\u00e3o e veja mais detalhes! 13\/02\/2020 &#8211; O que era bom ficou ainda melhor! nossa linha de varal Aramar tradicional e Aramar individual passa de 1 para 1 anos e 6 meses de garantia total, esse n\u00famero significa a nossa qualidade e compromisso em levar sempre o melhor aos nosso parceiros arquitetos e clientes, compara e compre seu varal com a gente e descanse afinal s\u00e3o 1 ano e 6 meses de garantia total! 24\/6\/2020 Temos mais uma op\u00e7\u00e3o de cor o azul Aramar corda 100% polipropileno 3 mm. 2\/5\/2021 Temos mais cores dispon\u00edveis!&nbsp; &nbsp; 15\/8\/23 Ferramentas especiais e t\u00e9cnica para furar porcelanato sem que ele quebre ou trinque. 14\/11\/23 &#8211; Usamos nossa experi\u00eancia de fabricante de varal para lan\u00e7ar o novo suporte chamado \u00c2ngulo, sua principal carater\u00edstica \u00e9 o posicionamento rente ao teto mesmo sendo instalado na parede! Surpreenda-se com o caminho mais livre sem bater a cabe\u00e7a nas roupas!&nbsp;&nbsp; 2\/5\/22 H\u00e1 muito tempo temos o varal que n\u00e3o enferruja em Santos no come\u00e7o trabalhamos com o alum\u00ednio anodizado, com a prefer\u00eancia do publico por um varal com pintura eletrost\u00e1tica passamos por essa mudan\u00e7a trabalhamos com o melhor perfil dispon\u00edvel no varal individual 1\/2 x 1\/16 e no tradicional 3\/8 x 1\/16.<\/p>\n","protected":false},"author":1,"featured_media":0,"parent":0,"menu_order":0,"comment_status":"closed","ping_status":"closed","template":"","meta":{"footnotes":""},"class_list":["post-691","page","type-page","status-publish","hentry"],"_links":{"self":[{"href":"https:\/\/aramarvarais.com\/index.php?rest_route=\/wp\/v2\/pages\/691","targetHints":{"allow":["GET"]}}],"collection":[{"href":"https:\/\/aramarvarais.com\/index.php?rest_route=\/wp\/v2\/pages"}],"about":[{"href":"https:\/\/aramarvarais.com\/index.php?rest_route=\/wp\/v2\/types\/page"}],"author":[{"embeddable":true,"href":"https:\/\/aramarvarais.com\/index.php?rest_route=\/wp\/v2\/users\/1"}],"replies":[{"embeddable":true,"href":"https:\/\/aramarvarais.com\/index.php?rest_route=%2Fwp%2Fv2%2Fcomments&post=691"}],"version-history":[{"count":23,"href":"https:\/\/aramarvarais.com\/index.php?rest_route=\/wp\/v2\/pages\/691\/revisions"}],"predecessor-version":[{"id":944,"href":"https:\/\/aramarvarais.com\/index.php?rest_route=\/wp\/v2\/pages\/691\/revisions\/944"}],"wp:attachment":[{"href":"https:\/\/aramarvarais.com\/index.php?rest_route=%2Fwp%2Fv2%2Fmedia&parent=691"}],"curies":[{"name":"wp","href":"https:\/\/api.w.org\/{rel}","templated":true}]}}