{"id":68,"date":"2017-02-07T23:54:06","date_gmt":"2017-02-07T23:54:06","guid":{"rendered":"http:\/\/aramarvarais.com\/?page_id=68"},"modified":"2026-02-05T22:06:11","modified_gmt":"2026-02-05T22:06:11","slug":"no-gesso","status":"publish","type":"page","link":"https:\/\/aramarvarais.com\/?page_id=68","title":{"rendered":"no gesso"},"content":{"rendered":"\t\t<div data-elementor-type=\"wp-page\" data-elementor-id=\"68\" class=\"elementor elementor-68\">\n\t\t\t\t<div class=\"elementor-element elementor-element-47bf1c34 e-flex e-con-boxed wpr-particle-no wpr-jarallax-no wpr-parallax-no wpr-sticky-section-no e-con e-parent\" data-id=\"47bf1c34\" data-element_type=\"container\">\n\t\t\t\t\t<div class=\"e-con-inner\">\n\t\t\t\t<div class=\"elementor-element elementor-element-618ce350 elementor-widget elementor-widget-text-editor\" data-id=\"618ce350\" data-element_type=\"widget\" data-widget_type=\"text-editor.default\">\n\t\t\t\t\t\t\t\t\t<h5><\/h5>\n<h5><\/h5>\n<h4>Todos falam em progresso mas apenas um \u00e9 o primeiro, a Aramar&nbsp; Varais traz o nosso destaque que \u00e9 a instala\u00e7\u00e3o que transpassa o gesso e fixa na laje \u00e9 100% segura por isso tem garantia vital\u00edcia na instala\u00e7\u00e3o!<\/h4>\n<figure id=\"attachment_986\" aria-describedby=\"caption-attachment-986\" style=\"width: 1200px\" class=\"wp-caption alignnone\"><img fetchpriority=\"high\" decoding=\"async\" class=\"size-full wp-image-986\" src=\"http:\/\/aramarvarais.com\/wp-content\/uploads\/2025\/03\/castell-di-villa-real-aramar-teto-de-gesso.jpg\" alt=\"varal teto de gesso forte\" width=\"1200\" height=\"900\" srcset=\"https:\/\/aramarvarais.com\/wp-content\/uploads\/2025\/03\/castell-di-villa-real-aramar-teto-de-gesso.jpg 1200w, https:\/\/aramarvarais.com\/wp-content\/uploads\/2025\/03\/castell-di-villa-real-aramar-teto-de-gesso-300x225.jpg 300w, https:\/\/aramarvarais.com\/wp-content\/uploads\/2025\/03\/castell-di-villa-real-aramar-teto-de-gesso-768x576.jpg 768w, https:\/\/aramarvarais.com\/wp-content\/uploads\/2025\/03\/castell-di-villa-real-aramar-teto-de-gesso-1024x768.jpg 1024w\" sizes=\"(max-width: 1200px) 100vw, 1200px\" \/><figcaption id=\"caption-attachment-986\" class=\"wp-caption-text\">varal teto de gesso<\/figcaption><\/figure>\n<p><img decoding=\"async\" class=\"wp-image-217 aligncenter\" src=\"http:\/\/aramarvarais.com\/wp-content\/uploads\/2017\/02\/site-aramar-branco-gesso-300x225.jpg\" alt=\"site-aramar-branco-gesso\" width=\"564\" height=\"423\" srcset=\"https:\/\/aramarvarais.com\/wp-content\/uploads\/2017\/02\/site-aramar-branco-gesso-300x225.jpg 300w, https:\/\/aramarvarais.com\/wp-content\/uploads\/2017\/02\/site-aramar-branco-gesso.jpg 700w\" sizes=\"(max-width: 564px) 100vw, 564px\" \/><\/p>\n<p><img decoding=\"async\" class=\"wp-image-218 aligncenter\" src=\"http:\/\/aramarvarais.com\/wp-content\/uploads\/2017\/02\/site-sob-medida-varal-gesso-300x169.jpg\" alt=\"site-sob-medida-varal-gesso\" width=\"573\" height=\"323\" srcset=\"https:\/\/aramarvarais.com\/wp-content\/uploads\/2017\/02\/site-sob-medida-varal-gesso-300x169.jpg 300w, https:\/\/aramarvarais.com\/wp-content\/uploads\/2017\/02\/site-sob-medida-varal-gesso-768x432.jpg 768w, https:\/\/aramarvarais.com\/wp-content\/uploads\/2017\/02\/site-sob-medida-varal-gesso.jpg 800w\" sizes=\"(max-width: 573px) 100vw, 573px\" \/><\/p>\n<p><img loading=\"lazy\" decoding=\"async\" class=\"wp-image-220 aligncenter\" src=\"http:\/\/aramarvarais.com\/wp-content\/uploads\/2017\/02\/site-varal-no-gesso-guaruja-300x169.jpg\" alt=\"site-varal-no-gesso-guaruja\" width=\"582\" height=\"328\" srcset=\"https:\/\/aramarvarais.com\/wp-content\/uploads\/2017\/02\/site-varal-no-gesso-guaruja-300x169.jpg 300w, https:\/\/aramarvarais.com\/wp-content\/uploads\/2017\/02\/site-varal-no-gesso-guaruja-768x432.jpg 768w, https:\/\/aramarvarais.com\/wp-content\/uploads\/2017\/02\/site-varal-no-gesso-guaruja.jpg 1000w\" sizes=\"(max-width: 582px) 100vw, 582px\" \/><\/p>\n<h4 style=\"text-align: center;\">&nbsp; Desenvolvida por n\u00f3s da Aramar Disk Varais \u00e9 a solu\u00e7\u00e3o definitiva<\/h4>\n<h4 style=\"text-align: center;\">para \u00e1rea com teto de gesso. Veja na ilustra\u00e7\u00e3o como \u00e9 feita a instala\u00e7\u00e3o.<\/h4>\n<h4 style=\"text-align: center;\">&nbsp;<img loading=\"lazy\" decoding=\"async\" class=\"size-full wp-image-526 aligncenter\" src=\"http:\/\/aramarvarais.com\/wp-content\/uploads\/2017\/02\/site-aramar-varal-no-gesso.jpg\" alt=\"site-aramar-varal-no-gesso\" width=\"600\" height=\"338\" srcset=\"https:\/\/aramarvarais.com\/wp-content\/uploads\/2017\/02\/site-aramar-varal-no-gesso.jpg 600w, https:\/\/aramarvarais.com\/wp-content\/uploads\/2017\/02\/site-aramar-varal-no-gesso-300x169.jpg 300w\" sizes=\"(max-width: 600px) 100vw, 600px\" \/> S\u00e3<strong>o fe<\/strong>itos 4 pequenos furos no gesso menor que uma moeda de 1 Real!<\/h4>\n<p><img loading=\"lazy\" decoding=\"async\" class=\"wp-image-586 aligncenter\" src=\"http:\/\/aramarvarais.com\/wp-content\/uploads\/2017\/02\/moeda-site-varal.jpg\" alt=\"moeda-site-varal\" width=\"84\" height=\"85\" srcset=\"https:\/\/aramarvarais.com\/wp-content\/uploads\/2017\/02\/moeda-site-varal.jpg 300w, https:\/\/aramarvarais.com\/wp-content\/uploads\/2017\/02\/moeda-site-varal-150x150.jpg 150w, https:\/\/aramarvarais.com\/wp-content\/uploads\/2017\/02\/moeda-site-varal-298x300.jpg 298w\" sizes=\"(max-width: 84px) 100vw, 84px\" \/><\/p>\n<h4 style=\"text-align: center;\">&nbsp; Depois \u00e9 passado o suporte e fixado na laje esse \u00e9 o segredo o<\/h4>\n<h4>&nbsp; &nbsp; &nbsp; &nbsp; &nbsp; &nbsp; &nbsp; &nbsp; &nbsp; &nbsp; &nbsp; &nbsp; &nbsp; &nbsp; &nbsp; &nbsp; &nbsp; suporte n\u00e3o apoia no gesso fica direto na laje sem contato com o gesso!<\/h4>\n<p><img loading=\"lazy\" decoding=\"async\" class=\"wp-image-588 aligncenter\" src=\"http:\/\/aramarvarais.com\/wp-content\/uploads\/2017\/02\/varal-no-gesso-em-santos-site.jpg\" alt=\"varal-no-gesso-em-santos-site\" width=\"638\" height=\"488\" srcset=\"https:\/\/aramarvarais.com\/wp-content\/uploads\/2017\/02\/varal-no-gesso-em-santos-site.jpg 704w, https:\/\/aramarvarais.com\/wp-content\/uploads\/2017\/02\/varal-no-gesso-em-santos-site-300x229.jpg 300w\" sizes=\"(max-width: 638px) 100vw, 638px\" \/><\/p>\n<h4>&nbsp; &nbsp; &nbsp; &nbsp; &nbsp; &nbsp; &nbsp; &nbsp; &nbsp; &nbsp; &nbsp; &nbsp; &nbsp; &nbsp; &nbsp; &nbsp; &nbsp; &nbsp; &nbsp;Veja como fica no final, uma instala\u00e7\u00e3o segura e definitiva!<\/h4><h4>&nbsp; &nbsp; &nbsp; &nbsp; &nbsp; &nbsp; &nbsp; &nbsp; &nbsp; &nbsp; &nbsp; &nbsp; &nbsp; &nbsp; &nbsp; &nbsp; &nbsp; &nbsp; &nbsp; &nbsp; &nbsp; &nbsp; &nbsp; &nbsp; &nbsp; &nbsp; &nbsp; &nbsp; &nbsp;&nbsp;<span style=\"color: #003366;\">Garantia vital\u00edcia nessa instala\u00e7\u00e3o!<\/span><\/h4>\n<p><img loading=\"lazy\" decoding=\"async\" class=\"wp-image-812 aligncenter\" src=\"http:\/\/aramarvarais.com\/wp-content\/uploads\/2017\/02\/site-transpassa-o-gesso-casa-.jpg\" alt=\"site-transpassa-o-gesso-casa-\" width=\"681\" height=\"511\" srcset=\"https:\/\/aramarvarais.com\/wp-content\/uploads\/2017\/02\/site-transpassa-o-gesso-casa-.jpg 1500w, https:\/\/aramarvarais.com\/wp-content\/uploads\/2017\/02\/site-transpassa-o-gesso-casa--300x225.jpg 300w, https:\/\/aramarvarais.com\/wp-content\/uploads\/2017\/02\/site-transpassa-o-gesso-casa--768x576.jpg 768w, https:\/\/aramarvarais.com\/wp-content\/uploads\/2017\/02\/site-transpassa-o-gesso-casa--1024x768.jpg 1024w\" sizes=\"(max-width: 681px) 100vw, 681px\" \/><\/p>\n<h4 style=\"text-align: center;\">Servi\u00e7o realizado para um est\u00fadio de Arquitetura da Baixada Santista.<\/h4>\n<p><img loading=\"lazy\" decoding=\"async\" class=\"wp-image-814 aligncenter\" src=\"http:\/\/aramarvarais.com\/wp-content\/uploads\/2017\/02\/site-varal-transpassa-gesso3.jpg\" alt=\"site-varal-transpassa-gesso3\" width=\"685\" height=\"514\" srcset=\"https:\/\/aramarvarais.com\/wp-content\/uploads\/2017\/02\/site-varal-transpassa-gesso3.jpg 2272w, https:\/\/aramarvarais.com\/wp-content\/uploads\/2017\/02\/site-varal-transpassa-gesso3-300x225.jpg 300w, https:\/\/aramarvarais.com\/wp-content\/uploads\/2017\/02\/site-varal-transpassa-gesso3-768x576.jpg 768w, https:\/\/aramarvarais.com\/wp-content\/uploads\/2017\/02\/site-varal-transpassa-gesso3-1024x768.jpg 1024w\" sizes=\"(max-width: 685px) 100vw, 685px\" \/><\/p>\n<p><img loading=\"lazy\" decoding=\"async\" class=\"wp-image-816 aligncenter\" src=\"http:\/\/aramarvarais.com\/wp-content\/uploads\/2017\/02\/site-varal-transpassa-gesso.jpg\" alt=\"site-varal-transpassa-gesso\" width=\"683\" height=\"512\" srcset=\"https:\/\/aramarvarais.com\/wp-content\/uploads\/2017\/02\/site-varal-transpassa-gesso.jpg 1000w, https:\/\/aramarvarais.com\/wp-content\/uploads\/2017\/02\/site-varal-transpassa-gesso-300x225.jpg 300w, https:\/\/aramarvarais.com\/wp-content\/uploads\/2017\/02\/site-varal-transpassa-gesso-768x576.jpg 768w\" sizes=\"(max-width: 683px) 100vw, 683px\" \/><\/p>\n<p><img loading=\"lazy\" decoding=\"async\" class=\"wp-image-835 aligncenter\" src=\"http:\/\/aramarvarais.com\/wp-content\/uploads\/2017\/02\/site-varal-gesso.jpg\" alt=\"site-varal-gesso varal no gesso santos\" width=\"683\" height=\"512\" srcset=\"https:\/\/aramarvarais.com\/wp-content\/uploads\/2017\/02\/site-varal-gesso.jpg 1100w, https:\/\/aramarvarais.com\/wp-content\/uploads\/2017\/02\/site-varal-gesso-300x225.jpg 300w, https:\/\/aramarvarais.com\/wp-content\/uploads\/2017\/02\/site-varal-gesso-768x576.jpg 768w, https:\/\/aramarvarais.com\/wp-content\/uploads\/2017\/02\/site-varal-gesso-1024x768.jpg 1024w\" sizes=\"(max-width: 683px) 100vw, 683px\" \/><\/p>\n<p>&nbsp;<\/p>\n<p><img loading=\"lazy\" decoding=\"async\" class=\"wp-image-1029 aligncenter\" src=\"https:\/\/aramarvarais.com\/wp-content\/uploads\/2026\/01\/aramar-varal-em-santos-site-reclicar.jpg\" alt=\"varal recicl\u00e1vel, varal forte, varal em santos\" width=\"691\" height=\"377\" srcset=\"https:\/\/aramarvarais.com\/wp-content\/uploads\/2026\/01\/aramar-varal-em-santos-site-reclicar.jpg 1200w, https:\/\/aramarvarais.com\/wp-content\/uploads\/2026\/01\/aramar-varal-em-santos-site-reclicar-300x164.jpg 300w, https:\/\/aramarvarais.com\/wp-content\/uploads\/2026\/01\/aramar-varal-em-santos-site-reclicar-1024x559.jpg 1024w, https:\/\/aramarvarais.com\/wp-content\/uploads\/2026\/01\/aramar-varal-em-santos-site-reclicar-768x419.jpg 768w\" sizes=\"(max-width: 691px) 100vw, 691px\" \/><\/p>\n<p>&nbsp;<\/p>\n<h4 style=\"text-align: center;\">Pequenas altera\u00e7\u00f5es podem ser feitas sem aviso pr\u00e9vio, apenas para melhorar o produto.<\/h4>\n<p><a href=\"https:\/\/www.youtube.com\/watch?v=rnq58Y7TQBA\">V\u00eddeo demonstra\u00e7\u00e3o no youtube.<\/a><\/p>\n<p>&nbsp;<\/p>\t\t\t\t\t\t\t\t<\/div>\n\t\t\t\t\t<\/div>\n\t\t\t\t<\/div>\n\t\t\t\t<\/div>\n\t\t","protected":false},"excerpt":{"rendered":"<p>Todos falam em progresso mas apenas um \u00e9 o primeiro, a Aramar&nbsp; Varais traz o nosso destaque que \u00e9 a instala\u00e7\u00e3o que transpassa o gesso e fixa na laje \u00e9 100% segura por isso tem garantia vital\u00edcia na instala\u00e7\u00e3o! &nbsp; Desenvolvida por n\u00f3s da Aramar Disk Varais \u00e9 a solu\u00e7\u00e3o definitiva para \u00e1rea com teto de gesso. Veja na ilustra\u00e7\u00e3o como \u00e9 feita a instala\u00e7\u00e3o. &nbsp; S\u00e3o feitos 4 pequenos furos no gesso menor que uma moeda de 1 Real! &nbsp; Depois \u00e9 passado o suporte e fixado na laje esse \u00e9 o segredo o &nbsp; &nbsp; &nbsp; &nbsp; &nbsp; &nbsp; &nbsp; &nbsp; &nbsp; &nbsp; &nbsp; &nbsp; &nbsp; &nbsp; &nbsp; &nbsp; &nbsp; suporte n\u00e3o apoia no gesso fica direto na laje sem contato com o gesso! &nbsp; &nbsp; &nbsp; &nbsp; &nbsp; &nbsp; &nbsp; &nbsp; &nbsp; &nbsp; &nbsp; &nbsp; &nbsp; &nbsp; &nbsp; &nbsp; &nbsp; &nbsp; &nbsp;Veja como fica no final, uma instala\u00e7\u00e3o segura e definitiva! &nbsp; &nbsp; &nbsp; &nbsp; &nbsp; &nbsp; &nbsp; &nbsp; &nbsp; &nbsp; &nbsp; &nbsp; &nbsp; &nbsp; &nbsp; &nbsp; &nbsp; &nbsp; &nbsp; &nbsp; &nbsp; &nbsp; &nbsp; &nbsp; &nbsp; &nbsp; &nbsp; &nbsp; &nbsp;&nbsp;Garantia vital\u00edcia nessa instala\u00e7\u00e3o! Servi\u00e7o realizado para um est\u00fadio de Arquitetura da Baixada Santista. &nbsp; &nbsp; Pequenas altera\u00e7\u00f5es podem ser feitas sem aviso pr\u00e9vio, apenas para melhorar o produto. V\u00eddeo demonstra\u00e7\u00e3o no youtube. &nbsp;<\/p>\n","protected":false},"author":1,"featured_media":986,"parent":20,"menu_order":0,"comment_status":"closed","ping_status":"closed","template":"","meta":{"footnotes":""},"class_list":["post-68","page","type-page","status-publish","has-post-thumbnail","hentry"],"_links":{"self":[{"href":"https:\/\/aramarvarais.com\/index.php?rest_route=\/wp\/v2\/pages\/68","targetHints":{"allow":["GET"]}}],"collection":[{"href":"https:\/\/aramarvarais.com\/index.php?rest_route=\/wp\/v2\/pages"}],"about":[{"href":"https:\/\/aramarvarais.com\/index.php?rest_route=\/wp\/v2\/types\/page"}],"author":[{"embeddable":true,"href":"https:\/\/aramarvarais.com\/index.php?rest_route=\/wp\/v2\/users\/1"}],"replies":[{"embeddable":true,"href":"https:\/\/aramarvarais.com\/index.php?rest_route=%2Fwp%2Fv2%2Fcomments&post=68"}],"version-history":[{"count":41,"href":"https:\/\/aramarvarais.com\/index.php?rest_route=\/wp\/v2\/pages\/68\/revisions"}],"predecessor-version":[{"id":1331,"href":"https:\/\/aramarvarais.com\/index.php?rest_route=\/wp\/v2\/pages\/68\/revisions\/1331"}],"up":[{"embeddable":true,"href":"https:\/\/aramarvarais.com\/index.php?rest_route=\/wp\/v2\/pages\/20"}],"wp:featuredmedia":[{"embeddable":true,"href":"https:\/\/aramarvarais.com\/index.php?rest_route=\/wp\/v2\/media\/986"}],"wp:attachment":[{"href":"https:\/\/aramarvarais.com\/index.php?rest_route=%2Fwp%2Fv2%2Fmedia&parent=68"}],"curies":[{"name":"wp","href":"https:\/\/api.w.org\/{rel}","templated":true}]}}