{"id":66,"date":"2017-02-07T23:53:26","date_gmt":"2017-02-07T23:53:26","guid":{"rendered":"http:\/\/aramarvarais.com\/?page_id=66"},"modified":"2024-06-27T16:36:17","modified_gmt":"2024-06-27T16:36:17","slug":"semi-barra","status":"publish","type":"page","link":"https:\/\/aramarvarais.com\/?page_id=66","title":{"rendered":"semi barra"},"content":{"rendered":"<p>Essa instala\u00e7\u00e3o tamb\u00e9m depende de espa\u00e7os espec\u00edficos para que a instala\u00e7\u00e3o seja feita com qualidade.<\/p>\n<p><img fetchpriority=\"high\" decoding=\"async\" class=\"alignnone wp-image-210\" src=\"http:\/\/aramarvarais.com\/wp-content\/uploads\/2017\/02\/site-semi-barra-aramar-varal-gesso-300x200.jpg\" alt=\"site-semi-barra-aramar-varal-gesso\" width=\"465\" height=\"310\" srcset=\"https:\/\/aramarvarais.com\/wp-content\/uploads\/2017\/02\/site-semi-barra-aramar-varal-gesso-300x200.jpg 300w, https:\/\/aramarvarais.com\/wp-content\/uploads\/2017\/02\/site-semi-barra-aramar-varal-gesso-768x512.jpg 768w, https:\/\/aramarvarais.com\/wp-content\/uploads\/2017\/02\/site-semi-barra-aramar-varal-gesso.jpg 800w\" sizes=\"(max-width: 465px) 100vw, 465px\" \/><\/p>\n<p><img decoding=\"async\" class=\"alignnone wp-image-211\" src=\"http:\/\/aramarvarais.com\/wp-content\/uploads\/2017\/02\/site-semi-barra-varal-300x169.jpg\" alt=\"site-semi-barra-varal\" width=\"463\" height=\"261\" srcset=\"https:\/\/aramarvarais.com\/wp-content\/uploads\/2017\/02\/site-semi-barra-varal-300x169.jpg 300w, https:\/\/aramarvarais.com\/wp-content\/uploads\/2017\/02\/site-semi-barra-varal-768x432.jpg 768w, https:\/\/aramarvarais.com\/wp-content\/uploads\/2017\/02\/site-semi-barra-varal.jpg 800w\" sizes=\"(max-width: 463px) 100vw, 463px\" \/><\/p>\n<p>Pequenas altera\u00e7\u00f5es podem ser feitas sem aviso pr\u00e9vio, apenas para melhorar o produto.<\/p>\n<p><img decoding=\"async\" class=\"size-medium wp-image-470 aligncenter\" src=\"http:\/\/aramarvarais.com\/wp-content\/uploads\/2017\/02\/produto-reciclavel-3-300x225.png\" alt=\"produto-reciclavel-3\" width=\"300\" height=\"225\" srcset=\"https:\/\/aramarvarais.com\/wp-content\/uploads\/2017\/02\/produto-reciclavel-3-300x225.png 300w, https:\/\/aramarvarais.com\/wp-content\/uploads\/2017\/02\/produto-reciclavel-3.png 500w\" sizes=\"(max-width: 300px) 100vw, 300px\" \/><\/p>\n<figure id=\"attachment_907\" aria-describedby=\"caption-attachment-907\" style=\"width: 500px\" class=\"wp-caption alignnone\"><img loading=\"lazy\" decoding=\"async\" class=\"size-full wp-image-907\" src=\"http:\/\/aramarvarais.com\/wp-content\/uploads\/2024\/06\/contato-varal-santos-aramar-varais.png\" alt=\"varal em santos roupa\" width=\"500\" height=\"166\" srcset=\"https:\/\/aramarvarais.com\/wp-content\/uploads\/2024\/06\/contato-varal-santos-aramar-varais.png 500w, https:\/\/aramarvarais.com\/wp-content\/uploads\/2024\/06\/contato-varal-santos-aramar-varais-300x100.png 300w\" sizes=\"(max-width: 500px) 100vw, 500px\" \/><figcaption id=\"caption-attachment-907\" class=\"wp-caption-text\">Varal de roupa em Santos, contato WhatsApp.<\/figcaption><\/figure>\n","protected":false},"excerpt":{"rendered":"<p>Essa instala\u00e7\u00e3o tamb\u00e9m depende de espa\u00e7os espec\u00edficos para que a instala\u00e7\u00e3o seja feita com qualidade. Pequenas altera\u00e7\u00f5es podem ser feitas sem aviso pr\u00e9vio, apenas para melhorar o produto.<\/p>\n","protected":false},"author":1,"featured_media":0,"parent":20,"menu_order":0,"comment_status":"closed","ping_status":"closed","template":"","meta":{"footnotes":""},"class_list":["post-66","page","type-page","status-publish","hentry"],"_links":{"self":[{"href":"https:\/\/aramarvarais.com\/index.php?rest_route=\/wp\/v2\/pages\/66","targetHints":{"allow":["GET"]}}],"collection":[{"href":"https:\/\/aramarvarais.com\/index.php?rest_route=\/wp\/v2\/pages"}],"about":[{"href":"https:\/\/aramarvarais.com\/index.php?rest_route=\/wp\/v2\/types\/page"}],"author":[{"embeddable":true,"href":"https:\/\/aramarvarais.com\/index.php?rest_route=\/wp\/v2\/users\/1"}],"replies":[{"embeddable":true,"href":"https:\/\/aramarvarais.com\/index.php?rest_route=%2Fwp%2Fv2%2Fcomments&post=66"}],"version-history":[{"count":7,"href":"https:\/\/aramarvarais.com\/index.php?rest_route=\/wp\/v2\/pages\/66\/revisions"}],"predecessor-version":[{"id":916,"href":"https:\/\/aramarvarais.com\/index.php?rest_route=\/wp\/v2\/pages\/66\/revisions\/916"}],"up":[{"embeddable":true,"href":"https:\/\/aramarvarais.com\/index.php?rest_route=\/wp\/v2\/pages\/20"}],"wp:attachment":[{"href":"https:\/\/aramarvarais.com\/index.php?rest_route=%2Fwp%2Fv2%2Fmedia&parent=66"}],"curies":[{"name":"wp","href":"https:\/\/api.w.org\/{rel}","templated":true}]}}