{"id":653,"date":"2019-05-21T19:43:10","date_gmt":"2019-05-21T19:43:10","guid":{"rendered":"http:\/\/aramarvarais.com\/?page_id=653"},"modified":"2024-06-27T14:25:29","modified_gmt":"2024-06-27T14:25:29","slug":"varal-de-chao-aco","status":"publish","type":"page","link":"https:\/\/aramarvarais.com\/?page_id=653","title":{"rendered":"Varal de ch\u00e3o a\u00e7o"},"content":{"rendered":"<p>Varal de ch\u00e3o \u00e9 um varal de apoio quando o varal principal estiver cheio, f\u00e1cil de guarda pode ser um boa op\u00e7\u00e3o!<\/p>\n<h3>Varal de ch\u00e3o N\u00e1poles.<\/h3>\n<p><img fetchpriority=\"high\" decoding=\"async\" class=\"alignnone size-full wp-image-656\" src=\"http:\/\/aramarvarais.com\/wp-content\/uploads\/2019\/05\/varal-de-chao-napoles-santos.jpg\" alt=\"varal-de-chao-napoles-santos-casa dos varais\" width=\"700\" height=\"651\" srcset=\"https:\/\/aramarvarais.com\/wp-content\/uploads\/2019\/05\/varal-de-chao-napoles-santos.jpg 700w, https:\/\/aramarvarais.com\/wp-content\/uploads\/2019\/05\/varal-de-chao-napoles-santos-300x279.jpg 300w\" sizes=\"(max-width: 700px) 100vw, 700px\" \/><\/p>\n<p><img decoding=\"async\" class=\"alignnone size-full wp-image-657\" src=\"http:\/\/aramarvarais.com\/wp-content\/uploads\/2019\/05\/varal-de-chao-napoles-santosm.jpg\" alt=\"varal-de-chao-napoles-santosm\" width=\"889\" height=\"625\" srcset=\"https:\/\/aramarvarais.com\/wp-content\/uploads\/2019\/05\/varal-de-chao-napoles-santosm.jpg 889w, https:\/\/aramarvarais.com\/wp-content\/uploads\/2019\/05\/varal-de-chao-napoles-santosm-300x211.jpg 300w, https:\/\/aramarvarais.com\/wp-content\/uploads\/2019\/05\/varal-de-chao-napoles-santosm-768x540.jpg 768w\" sizes=\"(max-width: 889px) 100vw, 889px\" \/><\/p>\n<h3>Varal de ch\u00e3o P\u00e9gasus Color com abas<\/h3>\n<p><img decoding=\"async\" class=\"alignnone size-full wp-image-705\" src=\"http:\/\/aramarvarais.com\/wp-content\/uploads\/2019\/05\/pegasus-color-casa-do-varal.jpg\" alt=\"pegasus-color-casa-do-varal-santos\" width=\"800\" height=\"379\" srcset=\"https:\/\/aramarvarais.com\/wp-content\/uploads\/2019\/05\/pegasus-color-casa-do-varal.jpg 800w, https:\/\/aramarvarais.com\/wp-content\/uploads\/2019\/05\/pegasus-color-casa-do-varal-300x142.jpg 300w, https:\/\/aramarvarais.com\/wp-content\/uploads\/2019\/05\/pegasus-color-casa-do-varal-768x364.jpg 768w\" sizes=\"(max-width: 800px) 100vw, 800px\" \/><\/p>\n<p>Com 2 rodas para facilitar a locomo\u00e7\u00e3o as veze o varal tem que ir onde o sol bate facilitando sua vida!<\/p>\n<p><img loading=\"lazy\" decoding=\"async\" class=\"alignnone size-full wp-image-706\" src=\"http:\/\/aramarvarais.com\/wp-content\/uploads\/2019\/05\/pegasus-color-varal-casa.jpg\" alt=\"pegasus-color-varal-casa\" width=\"800\" height=\"379\" srcset=\"https:\/\/aramarvarais.com\/wp-content\/uploads\/2019\/05\/pegasus-color-varal-casa.jpg 800w, https:\/\/aramarvarais.com\/wp-content\/uploads\/2019\/05\/pegasus-color-varal-casa-300x142.jpg 300w, https:\/\/aramarvarais.com\/wp-content\/uploads\/2019\/05\/pegasus-color-varal-casa-768x364.jpg 768w\" sizes=\"(max-width: 800px) 100vw, 800px\" \/><\/p>\n<p>2 porta meias substituindo o mini varal.<\/p>\n<p><img loading=\"lazy\" decoding=\"async\" class=\"alignnone size-full wp-image-707\" src=\"http:\/\/aramarvarais.com\/wp-content\/uploads\/2019\/05\/pegasus-color-varal-chao.jpg\" alt=\"pegasus-color-varal-chao\" width=\"800\" height=\"379\" \/><\/p>\n<p>Um varal super completo com alta capacidade de peso s\u00e3o 12,5 kg de roupas \u00famidas!<\/p>\n<p><img loading=\"lazy\" decoding=\"async\" class=\"alignnone size-full wp-image-709\" src=\"http:\/\/aramarvarais.com\/wp-content\/uploads\/2019\/05\/pegasus-color-varal-de-chao.jpg\" alt=\"pegasus-color-varal-de-chao\" width=\"800\" height=\"379\" \/><\/p>\n","protected":false},"excerpt":{"rendered":"<p>Varal de ch\u00e3o \u00e9 um varal de apoio quando o varal principal estiver cheio, f\u00e1cil de guarda pode ser um boa op\u00e7\u00e3o! Varal de ch\u00e3o N\u00e1poles. Varal de ch\u00e3o P\u00e9gasus Color com abas Com 2 rodas para facilitar a locomo\u00e7\u00e3o as veze o varal tem que ir onde o sol bate facilitando sua vida! 2 porta meias substituindo o mini varal. Um varal super completo com alta capacidade de peso s\u00e3o 12,5 kg de roupas \u00famidas!<\/p>\n","protected":false},"author":1,"featured_media":0,"parent":0,"menu_order":0,"comment_status":"closed","ping_status":"closed","template":"","meta":{"footnotes":""},"class_list":["post-653","page","type-page","status-publish","hentry"],"_links":{"self":[{"href":"https:\/\/aramarvarais.com\/index.php?rest_route=\/wp\/v2\/pages\/653","targetHints":{"allow":["GET"]}}],"collection":[{"href":"https:\/\/aramarvarais.com\/index.php?rest_route=\/wp\/v2\/pages"}],"about":[{"href":"https:\/\/aramarvarais.com\/index.php?rest_route=\/wp\/v2\/types\/page"}],"author":[{"embeddable":true,"href":"https:\/\/aramarvarais.com\/index.php?rest_route=\/wp\/v2\/users\/1"}],"replies":[{"embeddable":true,"href":"https:\/\/aramarvarais.com\/index.php?rest_route=%2Fwp%2Fv2%2Fcomments&post=653"}],"version-history":[{"count":7,"href":"https:\/\/aramarvarais.com\/index.php?rest_route=\/wp\/v2\/pages\/653\/revisions"}],"predecessor-version":[{"id":905,"href":"https:\/\/aramarvarais.com\/index.php?rest_route=\/wp\/v2\/pages\/653\/revisions\/905"}],"wp:attachment":[{"href":"https:\/\/aramarvarais.com\/index.php?rest_route=%2Fwp%2Fv2%2Fmedia&parent=653"}],"curies":[{"name":"wp","href":"https:\/\/api.w.org\/{rel}","templated":true}]}}