{"id":64,"date":"2017-02-07T23:53:03","date_gmt":"2017-02-07T23:53:03","guid":{"rendered":"http:\/\/aramarvarais.com\/?page_id=64"},"modified":"2024-06-27T17:55:21","modified_gmt":"2024-06-27T17:55:21","slug":"barra","status":"publish","type":"page","link":"https:\/\/aramarvarais.com\/?page_id=64","title":{"rendered":"barra"},"content":{"rendered":"<figure id=\"attachment_207\" aria-describedby=\"caption-attachment-207\" style=\"width: 800px\" class=\"wp-caption alignnone\"><img fetchpriority=\"high\" decoding=\"async\" class=\"size-full wp-image-207\" src=\"http:\/\/aramarvarais.com\/wp-content\/uploads\/2017\/02\/site-varal-em-santos-barra.jpg\" alt=\"\" width=\"800\" height=\"600\" srcset=\"https:\/\/aramarvarais.com\/wp-content\/uploads\/2017\/02\/site-varal-em-santos-barra.jpg 800w, https:\/\/aramarvarais.com\/wp-content\/uploads\/2017\/02\/site-varal-em-santos-barra-300x225.jpg 300w, https:\/\/aramarvarais.com\/wp-content\/uploads\/2017\/02\/site-varal-em-santos-barra-768x576.jpg 768w\" sizes=\"(max-width: 800px) 100vw, 800px\" \/><figcaption id=\"caption-attachment-207\" class=\"wp-caption-text\">varal com suporte de alum\u00ednio em santos.<\/figcaption><\/figure>\n<p>Sistema de 2 barras de alum\u00ednio atravessadas na \u00e1rea de servi\u00e7o.<\/p>\n<p>\u00a0<\/p>\n<p>\u00a0<\/p>\n<figure id=\"attachment_205\" aria-describedby=\"caption-attachment-205\" style=\"width: 600px\" class=\"wp-caption alignnone\"><img decoding=\"async\" class=\"size-full wp-image-205\" src=\"http:\/\/aramarvarais.com\/wp-content\/uploads\/2017\/02\/site-barra-varal-editado.jpg\" alt=\"suporte para  varal em Santos\" width=\"600\" height=\"900\" srcset=\"https:\/\/aramarvarais.com\/wp-content\/uploads\/2017\/02\/site-barra-varal-editado.jpg 600w, https:\/\/aramarvarais.com\/wp-content\/uploads\/2017\/02\/site-barra-varal-editado-200x300.jpg 200w\" sizes=\"(max-width: 600px) 100vw, 600px\" \/><figcaption id=\"caption-attachment-205\" class=\"wp-caption-text\">barra para varal<\/figcaption><\/figure>\n<p>\u00a0<\/p>\n<p>Com pintura eletrost\u00e1tica branca \u00e9 o que tem sido usado atualmente.<\/p>\n<p>\u00a0<\/p>\n<figure id=\"attachment_206\" aria-describedby=\"caption-attachment-206\" style=\"width: 800px\" class=\"wp-caption alignnone\"><img decoding=\"async\" class=\"size-full wp-image-206\" src=\"http:\/\/aramarvarais.com\/wp-content\/uploads\/2017\/02\/site-varal-barra-aramar.jpg\" alt=\"\" width=\"800\" height=\"600\" srcset=\"https:\/\/aramarvarais.com\/wp-content\/uploads\/2017\/02\/site-varal-barra-aramar.jpg 800w, https:\/\/aramarvarais.com\/wp-content\/uploads\/2017\/02\/site-varal-barra-aramar-300x225.jpg 300w, https:\/\/aramarvarais.com\/wp-content\/uploads\/2017\/02\/site-varal-barra-aramar-768x576.jpg 768w\" sizes=\"(max-width: 800px) 100vw, 800px\" \/><figcaption id=\"caption-attachment-206\" class=\"wp-caption-text\">suporte para varal barra<\/figcaption><\/figure>\n<p>\u00a0<\/p>\n<p><img loading=\"lazy\" decoding=\"async\" class=\"alignnone wp-image-531\" src=\"http:\/\/aramarvarais.com\/wp-content\/uploads\/2017\/02\/site-aramar-barra-alum.jpg\" alt=\"site-aramar-barra-alum\" width=\"443\" height=\"380\" srcset=\"https:\/\/aramarvarais.com\/wp-content\/uploads\/2017\/02\/site-aramar-barra-alum.jpg 698w, https:\/\/aramarvarais.com\/wp-content\/uploads\/2017\/02\/site-aramar-barra-alum-300x258.jpg 300w\" sizes=\"(max-width: 443px) 100vw, 443px\" \/><\/p>\n<p><img loading=\"lazy\" decoding=\"async\" class=\"alignleft wp-image-552\" src=\"http:\/\/aramarvarais.com\/wp-content\/uploads\/2017\/02\/site-barra-casa-do-varal-santos.jpg\" alt=\"site-barra-casa-do-varal-santos\" width=\"440\" height=\"985\" srcset=\"https:\/\/aramarvarais.com\/wp-content\/uploads\/2017\/02\/site-barra-casa-do-varal-santos.jpg 500w, https:\/\/aramarvarais.com\/wp-content\/uploads\/2017\/02\/site-barra-casa-do-varal-santos-134x300.jpg 134w, https:\/\/aramarvarais.com\/wp-content\/uploads\/2017\/02\/site-barra-casa-do-varal-santos-458x1024.jpg 458w\" sizes=\"(max-width: 440px) 100vw, 440px\" \/><\/p>\n<p>\u00a0<\/p>\n<p>\u00a0<\/p>\n<p>\u00a0<\/p>\n<p>\u00a0<\/p>\n<p>\u00a0<\/p>\n<p>\u00a0<\/p>\n<p>\u00a0<\/p>\n<p>\u00a0<\/p>\n<p>\u00a0<\/p>\n<p>\u00a0<\/p>\n<p>\u00a0<\/p>\n<p>\u00a0<\/p>\n<p>\u00a0<\/p>\n<p>\u00a0<\/p>\n<p>\u00a0<\/p>\n<p>\u00a0<\/p>\n<p>\u00a0<\/p>\n<p>\u00a0<\/p>\n<p>\u00a0<\/p>\n<p>\u00a0<\/p>\n<p>\u00a0<\/p>\n<p><img loading=\"lazy\" decoding=\"async\" class=\"alignnone wp-image-566\" src=\"http:\/\/aramarvarais.com\/wp-content\/uploads\/2017\/02\/site-barra-varal-indivi.jpg\" alt=\"site-barra-varal-indivi\" width=\"437\" height=\"328\" srcset=\"https:\/\/aramarvarais.com\/wp-content\/uploads\/2017\/02\/site-barra-varal-indivi.jpg 800w, https:\/\/aramarvarais.com\/wp-content\/uploads\/2017\/02\/site-barra-varal-indivi-300x225.jpg 300w, https:\/\/aramarvarais.com\/wp-content\/uploads\/2017\/02\/site-barra-varal-indivi-768x576.jpg 768w\" sizes=\"(max-width: 437px) 100vw, 437px\" \/><\/p>\n<p><img loading=\"lazy\" decoding=\"async\" class=\"alignnone wp-image-568\" src=\"http:\/\/aramarvarais.com\/wp-content\/uploads\/2017\/02\/site-suporte-varal-sao-vicente.jpg\" alt=\"site-suporte-varal-sao-vicente\" width=\"439\" height=\"250\" srcset=\"https:\/\/aramarvarais.com\/wp-content\/uploads\/2017\/02\/site-suporte-varal-sao-vicente.jpg 800w, https:\/\/aramarvarais.com\/wp-content\/uploads\/2017\/02\/site-suporte-varal-sao-vicente-300x171.jpg 300w, https:\/\/aramarvarais.com\/wp-content\/uploads\/2017\/02\/site-suporte-varal-sao-vicente-768x438.jpg 768w\" sizes=\"(max-width: 439px) 100vw, 439px\" \/><\/p>\n<p><img loading=\"lazy\" decoding=\"async\" class=\"alignnone size-full wp-image-855\" src=\"http:\/\/aramarvarais.com\/wp-content\/uploads\/2017\/02\/site-barra-para-varal.jpg\" alt=\"barra-para-varal\" width=\"1350\" height=\"1013\" srcset=\"https:\/\/aramarvarais.com\/wp-content\/uploads\/2017\/02\/site-barra-para-varal.jpg 1350w, https:\/\/aramarvarais.com\/wp-content\/uploads\/2017\/02\/site-barra-para-varal-300x225.jpg 300w, https:\/\/aramarvarais.com\/wp-content\/uploads\/2017\/02\/site-barra-para-varal-768x576.jpg 768w, https:\/\/aramarvarais.com\/wp-content\/uploads\/2017\/02\/site-barra-para-varal-1024x768.jpg 1024w\" sizes=\"(max-width: 1350px) 100vw, 1350px\" \/><\/p>\n<p><img loading=\"lazy\" decoding=\"async\" class=\"alignnone size-full wp-image-859\" src=\"http:\/\/aramarvarais.com\/wp-content\/uploads\/2017\/02\/site-barra-para-varal-santos.jpg\" alt=\"site-barra-para-varal-santos\" width=\"1200\" height=\"900\" srcset=\"https:\/\/aramarvarais.com\/wp-content\/uploads\/2017\/02\/site-barra-para-varal-santos.jpg 1200w, https:\/\/aramarvarais.com\/wp-content\/uploads\/2017\/02\/site-barra-para-varal-santos-300x225.jpg 300w, https:\/\/aramarvarais.com\/wp-content\/uploads\/2017\/02\/site-barra-para-varal-santos-768x576.jpg 768w, https:\/\/aramarvarais.com\/wp-content\/uploads\/2017\/02\/site-barra-para-varal-santos-1024x768.jpg 1024w\" sizes=\"(max-width: 1200px) 100vw, 1200px\" \/><\/p>\n<p>Pequenas altera\u00e7\u00f5es podem ser feitas sem aviso pr\u00e9vio, apenas para melhorar o produto.<\/p>\n<p>Todas as imagens do site n\u00e3o podem ser copiadas ou alteradas sem permiss\u00e3o.<\/p>\n<p>\u00a0<\/p>\n<p><img loading=\"lazy\" decoding=\"async\" class=\"size-medium wp-image-470 aligncenter\" src=\"http:\/\/aramarvarais.com\/wp-content\/uploads\/2017\/02\/produto-reciclavel-3-300x225.png\" alt=\"produto-reciclavel-3\" width=\"300\" height=\"225\" srcset=\"https:\/\/aramarvarais.com\/wp-content\/uploads\/2017\/02\/produto-reciclavel-3-300x225.png 300w, https:\/\/aramarvarais.com\/wp-content\/uploads\/2017\/02\/produto-reciclavel-3.png 500w\" sizes=\"(max-width: 300px) 100vw, 300px\" \/><\/p>\n<p>\u00a0<\/p>\n<p>\u00a0<\/p>\n<p>\u00a0<\/p>\n<p>\u00a0<\/p>\n\n\n<figure class=\"wp-block-image\"><img loading=\"lazy\" decoding=\"async\" width=\"500\" height=\"166\" src=\"http:\/\/aramarvarais.com\/wp-content\/uploads\/2024\/06\/contato-varal-santos-aramar-varais.png\" alt=\"varal em santos roupa\" class=\"wp-image-907\" srcset=\"https:\/\/aramarvarais.com\/wp-content\/uploads\/2024\/06\/contato-varal-santos-aramar-varais.png 500w, https:\/\/aramarvarais.com\/wp-content\/uploads\/2024\/06\/contato-varal-santos-aramar-varais-300x100.png 300w\" sizes=\"(max-width: 500px) 100vw, 500px\" \/><\/figure>\n","protected":false},"excerpt":{"rendered":"<p>Sistema de 2 barras de alum\u00ednio atravessadas na \u00e1rea de servi\u00e7o. \u00a0 \u00a0 \u00a0 Com pintura eletrost\u00e1tica branca \u00e9 o que tem sido usado atualmente. \u00a0 \u00a0 \u00a0 \u00a0 \u00a0 \u00a0 \u00a0 \u00a0 \u00a0 \u00a0 \u00a0 \u00a0 \u00a0 \u00a0 \u00a0 \u00a0 \u00a0 \u00a0 \u00a0 \u00a0 \u00a0 \u00a0 \u00a0 Pequenas altera\u00e7\u00f5es podem ser feitas sem aviso pr\u00e9vio, apenas para melhorar o produto. Todas as imagens do site n\u00e3o podem ser copiadas ou alteradas sem permiss\u00e3o. \u00a0 \u00a0 \u00a0 \u00a0 \u00a0<\/p>\n","protected":false},"author":1,"featured_media":0,"parent":20,"menu_order":0,"comment_status":"closed","ping_status":"closed","template":"","meta":{"footnotes":""},"class_list":["post-64","page","type-page","status-publish","hentry"],"_links":{"self":[{"href":"https:\/\/aramarvarais.com\/index.php?rest_route=\/wp\/v2\/pages\/64","targetHints":{"allow":["GET"]}}],"collection":[{"href":"https:\/\/aramarvarais.com\/index.php?rest_route=\/wp\/v2\/pages"}],"about":[{"href":"https:\/\/aramarvarais.com\/index.php?rest_route=\/wp\/v2\/types\/page"}],"author":[{"embeddable":true,"href":"https:\/\/aramarvarais.com\/index.php?rest_route=\/wp\/v2\/users\/1"}],"replies":[{"embeddable":true,"href":"https:\/\/aramarvarais.com\/index.php?rest_route=%2Fwp%2Fv2%2Fcomments&post=64"}],"version-history":[{"count":19,"href":"https:\/\/aramarvarais.com\/index.php?rest_route=\/wp\/v2\/pages\/64\/revisions"}],"predecessor-version":[{"id":934,"href":"https:\/\/aramarvarais.com\/index.php?rest_route=\/wp\/v2\/pages\/64\/revisions\/934"}],"up":[{"embeddable":true,"href":"https:\/\/aramarvarais.com\/index.php?rest_route=\/wp\/v2\/pages\/20"}],"wp:attachment":[{"href":"https:\/\/aramarvarais.com\/index.php?rest_route=%2Fwp%2Fv2%2Fmedia&parent=64"}],"curies":[{"name":"wp","href":"https:\/\/api.w.org\/{rel}","templated":true}]}}