{"id":62,"date":"2017-02-07T23:52:34","date_gmt":"2017-02-07T23:52:34","guid":{"rendered":"http:\/\/aramarvarais.com\/?page_id=62"},"modified":"2024-06-27T16:49:05","modified_gmt":"2024-06-27T16:49:05","slug":"mao-francesa-mfr","status":"publish","type":"page","link":"https:\/\/aramarvarais.com\/?page_id=62","title":{"rendered":"suporte m\u00e3o francesa"},"content":{"rendered":"<p>Outro produto de fabrica\u00e7\u00e3o pr\u00f3pria em alum\u00ednio branco, feito em sistema de treli\u00e7a e dimensionado para todas as marcas de varal de teto. Super resistente e bem fixado n\u00e3o pende ou cai da parede, tamb\u00e9m tem garantia total de 3 anos!<\/p>\n<p><img fetchpriority=\"high\" decoding=\"async\" class=\"alignnone wp-image-224\" src=\"http:\/\/aramarvarais.com\/wp-content\/uploads\/2017\/02\/site-mao-francesa-varal-225x300.jpg\" alt=\"site-mao-francesa-varal\" width=\"463\" height=\"618\" srcset=\"https:\/\/aramarvarais.com\/wp-content\/uploads\/2017\/02\/site-mao-francesa-varal-225x300.jpg 225w, https:\/\/aramarvarais.com\/wp-content\/uploads\/2017\/02\/site-mao-francesa-varal.jpg 600w\" sizes=\"(max-width: 463px) 100vw, 463px\" \/><\/p>\n<p>Uma das op\u00e7\u00f5es mais usadas.<\/p>\n<p><img decoding=\"async\" class=\"alignnone wp-image-227\" src=\"http:\/\/aramarvarais.com\/wp-content\/uploads\/2017\/02\/mao-francesa-varal-300x169.jpg\" alt=\"mao-francesa-varal\" width=\"460\" height=\"259\" srcset=\"https:\/\/aramarvarais.com\/wp-content\/uploads\/2017\/02\/mao-francesa-varal-300x169.jpg 300w, https:\/\/aramarvarais.com\/wp-content\/uploads\/2017\/02\/mao-francesa-varal-768x432.jpg 768w, https:\/\/aramarvarais.com\/wp-content\/uploads\/2017\/02\/mao-francesa-varal-1024x576.jpg 1024w, https:\/\/aramarvarais.com\/wp-content\/uploads\/2017\/02\/mao-francesa-varal.jpg 1100w\" sizes=\"(max-width: 460px) 100vw, 460px\" \/><\/p>\n<p><span style=\"color: #008000;\">informa\u00e7\u00e3o:<span style=\"color: #000000;\"> Diferente de outra marca nosso suporte serve para todas as marcas de varal! <\/span><\/span><\/p>\n<p><img decoding=\"async\" class=\"alignnone wp-image-230\" src=\"http:\/\/aramarvarais.com\/wp-content\/uploads\/2017\/02\/site-suporte-mfr-editado-300x225.jpg\" alt=\"site-suporte-mfr-editado\" width=\"459\" height=\"344\" srcset=\"https:\/\/aramarvarais.com\/wp-content\/uploads\/2017\/02\/site-suporte-mfr-editado-300x225.jpg 300w, https:\/\/aramarvarais.com\/wp-content\/uploads\/2017\/02\/site-suporte-mfr-editado-768x576.jpg 768w, https:\/\/aramarvarais.com\/wp-content\/uploads\/2017\/02\/site-suporte-mfr-editado.jpg 800w\" sizes=\"(max-width: 459px) 100vw, 459px\" \/><\/p>\n<p><img loading=\"lazy\" decoding=\"async\" class=\"alignnone size-full wp-image-838\" src=\"http:\/\/aramarvarais.com\/wp-content\/uploads\/2017\/02\/site-suporte-de-varal-aluminio.jpg\" alt=\"suporte-de-varal-alum\u00ednio\" width=\"1000\" height=\"1333\" srcset=\"https:\/\/aramarvarais.com\/wp-content\/uploads\/2017\/02\/site-suporte-de-varal-aluminio.jpg 1000w, https:\/\/aramarvarais.com\/wp-content\/uploads\/2017\/02\/site-suporte-de-varal-aluminio-225x300.jpg 225w, https:\/\/aramarvarais.com\/wp-content\/uploads\/2017\/02\/site-suporte-de-varal-aluminio-768x1024.jpg 768w\" sizes=\"(max-width: 1000px) 100vw, 1000px\" \/><\/p>\n<p><img loading=\"lazy\" decoding=\"async\" class=\"alignnone size-full wp-image-840\" src=\"http:\/\/aramarvarais.com\/wp-content\/uploads\/2017\/02\/site-casa-dos-varais-santos-2.jpg\" alt=\"casa-dos-varais-santos\" width=\"1000\" height=\"750\" srcset=\"https:\/\/aramarvarais.com\/wp-content\/uploads\/2017\/02\/site-casa-dos-varais-santos-2.jpg 1000w, https:\/\/aramarvarais.com\/wp-content\/uploads\/2017\/02\/site-casa-dos-varais-santos-2-300x225.jpg 300w, https:\/\/aramarvarais.com\/wp-content\/uploads\/2017\/02\/site-casa-dos-varais-santos-2-768x576.jpg 768w\" sizes=\"(max-width: 1000px) 100vw, 1000px\" \/><\/p>\n<p><img loading=\"lazy\" decoding=\"async\" class=\"alignnone size-full wp-image-841\" src=\"http:\/\/aramarvarais.com\/wp-content\/uploads\/2017\/02\/site-rede-social-varal-concerto.jpg\" alt=\"rede-social-varal-concerto\" width=\"600\" height=\"113\" srcset=\"https:\/\/aramarvarais.com\/wp-content\/uploads\/2017\/02\/site-rede-social-varal-concerto.jpg 600w, https:\/\/aramarvarais.com\/wp-content\/uploads\/2017\/02\/site-rede-social-varal-concerto-300x57.jpg 300w\" sizes=\"(max-width: 600px) 100vw, 600px\" \/><\/p>\n<p>Pequenas altera\u00e7\u00f5es podem ser feitas sem\u00a0 aviso pr\u00e9vio, apenas para melhorar o produto.<\/p>\n<p>Todas as imagens s\u00e3o de propriedade do site, n\u00e3o podem ser usadas sem autoriza\u00e7\u00e3o.<\/p>\n<p><img loading=\"lazy\" decoding=\"async\" class=\"size-medium wp-image-470 aligncenter\" src=\"http:\/\/aramarvarais.com\/wp-content\/uploads\/2017\/02\/produto-reciclavel-3-300x225.png\" alt=\"produto-reciclavel-3\" width=\"300\" height=\"225\" srcset=\"https:\/\/aramarvarais.com\/wp-content\/uploads\/2017\/02\/produto-reciclavel-3-300x225.png 300w, https:\/\/aramarvarais.com\/wp-content\/uploads\/2017\/02\/produto-reciclavel-3.png 500w\" sizes=\"(max-width: 300px) 100vw, 300px\" \/><\/p>\n<figure id=\"attachment_907\" aria-describedby=\"caption-attachment-907\" style=\"width: 500px\" class=\"wp-caption alignnone\"><img loading=\"lazy\" decoding=\"async\" class=\"size-full wp-image-907\" src=\"http:\/\/aramarvarais.com\/wp-content\/uploads\/2024\/06\/contato-varal-santos-aramar-varais.png\" alt=\"varal em santos roupa\" width=\"500\" height=\"166\" srcset=\"https:\/\/aramarvarais.com\/wp-content\/uploads\/2024\/06\/contato-varal-santos-aramar-varais.png 500w, https:\/\/aramarvarais.com\/wp-content\/uploads\/2024\/06\/contato-varal-santos-aramar-varais-300x100.png 300w\" sizes=\"(max-width: 500px) 100vw, 500px\" \/><figcaption id=\"caption-attachment-907\" class=\"wp-caption-text\">Varal de roupa em Santos, contato WhatsApp.<\/figcaption><\/figure>\n","protected":false},"excerpt":{"rendered":"<p>Outro produto de fabrica\u00e7\u00e3o pr\u00f3pria em alum\u00ednio branco, feito em sistema de treli\u00e7a e dimensionado para todas as marcas de varal de teto. Super resistente e bem fixado n\u00e3o pende ou cai da parede, tamb\u00e9m tem garantia total de 3 anos! Uma das op\u00e7\u00f5es mais usadas. informa\u00e7\u00e3o: Diferente de outra marca nosso suporte serve para todas as marcas de varal! Pequenas altera\u00e7\u00f5es podem ser feitas sem\u00a0 aviso pr\u00e9vio, apenas para melhorar o produto. Todas as imagens s\u00e3o de propriedade do site, n\u00e3o podem ser usadas sem autoriza\u00e7\u00e3o.<\/p>\n","protected":false},"author":1,"featured_media":0,"parent":20,"menu_order":0,"comment_status":"closed","ping_status":"closed","template":"","meta":{"footnotes":""},"class_list":["post-62","page","type-page","status-publish","hentry"],"_links":{"self":[{"href":"https:\/\/aramarvarais.com\/index.php?rest_route=\/wp\/v2\/pages\/62","targetHints":{"allow":["GET"]}}],"collection":[{"href":"https:\/\/aramarvarais.com\/index.php?rest_route=\/wp\/v2\/pages"}],"about":[{"href":"https:\/\/aramarvarais.com\/index.php?rest_route=\/wp\/v2\/types\/page"}],"author":[{"embeddable":true,"href":"https:\/\/aramarvarais.com\/index.php?rest_route=\/wp\/v2\/users\/1"}],"replies":[{"embeddable":true,"href":"https:\/\/aramarvarais.com\/index.php?rest_route=%2Fwp%2Fv2%2Fcomments&post=62"}],"version-history":[{"count":13,"href":"https:\/\/aramarvarais.com\/index.php?rest_route=\/wp\/v2\/pages\/62\/revisions"}],"predecessor-version":[{"id":917,"href":"https:\/\/aramarvarais.com\/index.php?rest_route=\/wp\/v2\/pages\/62\/revisions\/917"}],"up":[{"embeddable":true,"href":"https:\/\/aramarvarais.com\/index.php?rest_route=\/wp\/v2\/pages\/20"}],"wp:attachment":[{"href":"https:\/\/aramarvarais.com\/index.php?rest_route=%2Fwp%2Fv2%2Fmedia&parent=62"}],"curies":[{"name":"wp","href":"https:\/\/api.w.org\/{rel}","templated":true}]}}