{"id":60,"date":"2017-02-07T23:49:45","date_gmt":"2017-02-07T23:49:45","guid":{"rendered":"http:\/\/aramarvarais.com\/?page_id=60"},"modified":"2024-06-27T16:35:04","modified_gmt":"2024-06-27T16:35:04","slug":"parede-a-parede","status":"publish","type":"page","link":"https:\/\/aramarvarais.com\/?page_id=60","title":{"rendered":"parede a parede"},"content":{"rendered":"<p>Essa instala\u00e7\u00e3o fica entre duas paredes frontais dependendo da dist\u00e2ncia entre elas, \u00e9 recomendado o uso de carretilhas de metal.<\/p>\n<p><img fetchpriority=\"high\" decoding=\"async\" class=\"alignnone wp-image-201\" src=\"http:\/\/aramarvarais.com\/wp-content\/uploads\/2017\/02\/site-instala-parede-a-parede-300x225.jpg\" alt=\"site-instala-parede-a-parede\" width=\"451\" height=\"338\" srcset=\"https:\/\/aramarvarais.com\/wp-content\/uploads\/2017\/02\/site-instala-parede-a-parede-300x225.jpg 300w, https:\/\/aramarvarais.com\/wp-content\/uploads\/2017\/02\/site-instala-parede-a-parede-768x576.jpg 768w, https:\/\/aramarvarais.com\/wp-content\/uploads\/2017\/02\/site-instala-parede-a-parede.jpg 800w\" sizes=\"(max-width: 451px) 100vw, 451px\" \/><\/p>\n<p>Pequenas\u00a0 altera\u00e7\u00f5es podem ser feitas sem\u00a0 aviso pr\u00e9vio, apenas para melhorar o produto.<\/p>\n<p>Esse tipo de instala\u00e7\u00e3o \u00e9 muito usado em Santos, S\u00e3o Vicente, Guaruj\u00e1 e toda Baixada Santista.<\/p>\n<p><img decoding=\"async\" class=\"alignnone  wp-image-470\" src=\"http:\/\/aramarvarais.com\/wp-content\/uploads\/2017\/02\/produto-reciclavel-3.png\" alt=\"produto-reciclavel-3\" width=\"265\" height=\"200\" srcset=\"https:\/\/aramarvarais.com\/wp-content\/uploads\/2017\/02\/produto-reciclavel-3.png 500w, https:\/\/aramarvarais.com\/wp-content\/uploads\/2017\/02\/produto-reciclavel-3-300x225.png 300w\" sizes=\"(max-width: 265px) 100vw, 265px\" \/><\/p>\n<figure id=\"attachment_907\" aria-describedby=\"caption-attachment-907\" style=\"width: 500px\" class=\"wp-caption alignnone\"><img decoding=\"async\" class=\"size-full wp-image-907\" src=\"http:\/\/aramarvarais.com\/wp-content\/uploads\/2024\/06\/contato-varal-santos-aramar-varais.png\" alt=\"varal em santos roupa\" width=\"500\" height=\"166\" srcset=\"https:\/\/aramarvarais.com\/wp-content\/uploads\/2024\/06\/contato-varal-santos-aramar-varais.png 500w, https:\/\/aramarvarais.com\/wp-content\/uploads\/2024\/06\/contato-varal-santos-aramar-varais-300x100.png 300w\" sizes=\"(max-width: 500px) 100vw, 500px\" \/><figcaption id=\"caption-attachment-907\" class=\"wp-caption-text\">varal de roupa em Santos, contato WhatsApp.\u00a0<\/figcaption><\/figure>\n","protected":false},"excerpt":{"rendered":"<p>Essa instala\u00e7\u00e3o fica entre duas paredes frontais dependendo da dist\u00e2ncia entre elas, \u00e9 recomendado o uso de carretilhas de metal. Pequenas\u00a0 altera\u00e7\u00f5es podem ser feitas sem\u00a0 aviso pr\u00e9vio, apenas para melhorar o produto. Esse tipo de instala\u00e7\u00e3o \u00e9 muito usado em Santos, S\u00e3o Vicente, Guaruj\u00e1 e toda Baixada Santista.<\/p>\n","protected":false},"author":1,"featured_media":0,"parent":20,"menu_order":0,"comment_status":"closed","ping_status":"closed","template":"","meta":{"footnotes":""},"class_list":["post-60","page","type-page","status-publish","hentry"],"_links":{"self":[{"href":"https:\/\/aramarvarais.com\/index.php?rest_route=\/wp\/v2\/pages\/60","targetHints":{"allow":["GET"]}}],"collection":[{"href":"https:\/\/aramarvarais.com\/index.php?rest_route=\/wp\/v2\/pages"}],"about":[{"href":"https:\/\/aramarvarais.com\/index.php?rest_route=\/wp\/v2\/types\/page"}],"author":[{"embeddable":true,"href":"https:\/\/aramarvarais.com\/index.php?rest_route=\/wp\/v2\/users\/1"}],"replies":[{"embeddable":true,"href":"https:\/\/aramarvarais.com\/index.php?rest_route=%2Fwp%2Fv2%2Fcomments&post=60"}],"version-history":[{"count":8,"href":"https:\/\/aramarvarais.com\/index.php?rest_route=\/wp\/v2\/pages\/60\/revisions"}],"predecessor-version":[{"id":914,"href":"https:\/\/aramarvarais.com\/index.php?rest_route=\/wp\/v2\/pages\/60\/revisions\/914"}],"up":[{"embeddable":true,"href":"https:\/\/aramarvarais.com\/index.php?rest_route=\/wp\/v2\/pages\/20"}],"wp:attachment":[{"href":"https:\/\/aramarvarais.com\/index.php?rest_route=%2Fwp%2Fv2%2Fmedia&parent=60"}],"curies":[{"name":"wp","href":"https:\/\/api.w.org\/{rel}","templated":true}]}}