{"id":58,"date":"2017-02-07T23:48:24","date_gmt":"2017-02-07T23:48:24","guid":{"rendered":"http:\/\/aramarvarais.com\/?page_id=58"},"modified":"2026-02-06T22:59:38","modified_gmt":"2026-02-06T22:59:38","slug":"aluminio-branco-aramar","status":"publish","type":"page","link":"https:\/\/aramarvarais.com\/?page_id=58","title":{"rendered":"alum\u00ednio branco aramar"},"content":{"rendered":"\t\t<div data-elementor-type=\"wp-page\" data-elementor-id=\"58\" class=\"elementor elementor-58\">\n\t\t\t\t<div class=\"elementor-element elementor-element-4baff164 e-flex e-con-boxed wpr-particle-no wpr-jarallax-no wpr-parallax-no wpr-sticky-section-no e-con e-parent\" data-id=\"4baff164\" data-element_type=\"container\">\n\t\t\t\t\t<div class=\"e-con-inner\">\n\t\t\t\t<div class=\"elementor-element elementor-element-2af1b8dc elementor-widget elementor-widget-text-editor\" data-id=\"2af1b8dc\" data-element_type=\"widget\" data-widget_type=\"text-editor.default\">\n\t\t\t\t\t\t\t\t\t&nbsp;\n\n&nbsp;\n\n&nbsp;\n\n&nbsp;\t\t\t\t\t\t\t\t<\/div>\n\t\t\t\t\t<\/div>\n\t\t\t\t<\/div>\n\t\t<div class=\"elementor-element elementor-element-9978180 e-flex e-con-boxed wpr-particle-no wpr-jarallax-no wpr-parallax-no wpr-sticky-section-no e-con e-parent\" data-id=\"9978180\" data-element_type=\"container\">\n\t\t\t\t\t<div class=\"e-con-inner\">\n\t\t<div class=\"elementor-element elementor-element-043c2ad e-con-full e-flex wpr-particle-no wpr-jarallax-no wpr-parallax-no wpr-sticky-section-no e-con e-child\" data-id=\"043c2ad\" data-element_type=\"container\">\n\t\t\t\t<div class=\"elementor-element elementor-element-dfa06e4 elementor-widget elementor-widget-heading\" data-id=\"dfa06e4\" data-element_type=\"widget\" data-widget_type=\"heading.default\">\n\t\t\t\t\t<h3 class=\"elementor-heading-title elementor-size-default\">Nossa linha de varal modelo tradicional de teto feito em alum\u00ednio com pintura eletrost\u00e1tica branca com alta resist\u00eancia a corros\u00e3o, e alta capacidade de peso comparado com os varais industrializados de alum\u00ednio, capacidade de 15 de roupas.<\/h3>\t\t\t\t<\/div>\n\t\t\t\t<\/div>\n\t\t<div class=\"elementor-element elementor-element-76e0412 e-con-full e-flex wpr-particle-no wpr-jarallax-no wpr-parallax-no wpr-sticky-section-no e-con e-child\" data-id=\"76e0412\" data-element_type=\"container\">\n\t\t\t\t<div class=\"elementor-element elementor-element-c9d11e0 elementor-widget elementor-widget-image\" data-id=\"c9d11e0\" data-element_type=\"widget\" data-widget_type=\"image.default\">\n\t\t\t\t\t\t\t\t\t\t\t\t\t\t\t<img fetchpriority=\"high\" decoding=\"async\" width=\"800\" height=\"450\" src=\"https:\/\/aramarvarais.com\/wp-content\/uploads\/2017\/02\/site-varal-aluminio-branco.jpg\" class=\"attachment-large size-large wp-image-398\" alt=\"varal em santos\" srcset=\"https:\/\/aramarvarais.com\/wp-content\/uploads\/2017\/02\/site-varal-aluminio-branco.jpg 1000w, https:\/\/aramarvarais.com\/wp-content\/uploads\/2017\/02\/site-varal-aluminio-branco-300x169.jpg 300w, https:\/\/aramarvarais.com\/wp-content\/uploads\/2017\/02\/site-varal-aluminio-branco-768x432.jpg 768w\" sizes=\"(max-width: 800px) 100vw, 800px\" \/>\t\t\t\t\t\t\t\t\t\t\t\t\t\t\t<\/div>\n\t\t\t\t<\/div>\n\t\t\t\t\t<\/div>\n\t\t\t\t<\/div>\n\t\t<div class=\"elementor-element elementor-element-c2fc75a e-grid e-con-boxed wpr-particle-no wpr-jarallax-no wpr-parallax-no wpr-sticky-section-no e-con e-parent\" data-id=\"c2fc75a\" data-element_type=\"container\">\n\t\t\t\t\t<div class=\"e-con-inner\">\n\t\t\t\t<div class=\"elementor-element elementor-element-667427d elementor-widget elementor-widget-image\" data-id=\"667427d\" data-element_type=\"widget\" data-widget_type=\"image.default\">\n\t\t\t\t\t\t\t\t\t\t\t\t\t\t\t<img decoding=\"async\" width=\"800\" height=\"600\" src=\"https:\/\/aramarvarais.com\/wp-content\/uploads\/2026\/02\/varal-de-teto-em-santos-1024x768.jpg\" class=\"attachment-large size-large wp-image-1362\" alt=\"\" srcset=\"https:\/\/aramarvarais.com\/wp-content\/uploads\/2026\/02\/varal-de-teto-em-santos-1024x768.jpg 1024w, https:\/\/aramarvarais.com\/wp-content\/uploads\/2026\/02\/varal-de-teto-em-santos-300x225.jpg 300w, https:\/\/aramarvarais.com\/wp-content\/uploads\/2026\/02\/varal-de-teto-em-santos-768x576.jpg 768w, https:\/\/aramarvarais.com\/wp-content\/uploads\/2026\/02\/varal-de-teto-em-santos.jpg 1200w\" sizes=\"(max-width: 800px) 100vw, 800px\" \/>\t\t\t\t\t\t\t\t\t\t\t\t\t\t\t<\/div>\n\t\t\t\t<div class=\"elementor-element elementor-element-ca5cc5b elementor-widget elementor-widget-image\" data-id=\"ca5cc5b\" data-element_type=\"widget\" data-widget_type=\"image.default\">\n\t\t\t\t\t\t\t\t\t\t\t\t\t\t\t<img decoding=\"async\" width=\"800\" height=\"600\" src=\"https:\/\/aramarvarais.com\/wp-content\/uploads\/2026\/02\/varal-teto-de-gesso-santos-1024x768.jpg\" class=\"attachment-large size-large wp-image-1351\" alt=\"varal teto de gesso aramar\" srcset=\"https:\/\/aramarvarais.com\/wp-content\/uploads\/2026\/02\/varal-teto-de-gesso-santos-1024x768.jpg 1024w, https:\/\/aramarvarais.com\/wp-content\/uploads\/2026\/02\/varal-teto-de-gesso-santos-300x225.jpg 300w, https:\/\/aramarvarais.com\/wp-content\/uploads\/2026\/02\/varal-teto-de-gesso-santos-768x576.jpg 768w, https:\/\/aramarvarais.com\/wp-content\/uploads\/2026\/02\/varal-teto-de-gesso-santos.jpg 1200w\" sizes=\"(max-width: 800px) 100vw, 800px\" \/>\t\t\t\t\t\t\t\t\t\t\t\t\t\t\t<\/div>\n\t\t\t\t<div class=\"elementor-element elementor-element-37cfc19 elementor-widget elementor-widget-image\" data-id=\"37cfc19\" data-element_type=\"widget\" data-widget_type=\"image.default\">\n\t\t\t\t\t\t\t\t\t\t\t\t\t\t\t<img loading=\"lazy\" decoding=\"async\" width=\"800\" height=\"600\" src=\"https:\/\/aramarvarais.com\/wp-content\/uploads\/2026\/02\/varal-no-gesso-santos-1024x768.jpg\" class=\"attachment-large size-large wp-image-1352\" alt=\"\" srcset=\"https:\/\/aramarvarais.com\/wp-content\/uploads\/2026\/02\/varal-no-gesso-santos-1024x768.jpg 1024w, https:\/\/aramarvarais.com\/wp-content\/uploads\/2026\/02\/varal-no-gesso-santos-300x225.jpg 300w, https:\/\/aramarvarais.com\/wp-content\/uploads\/2026\/02\/varal-no-gesso-santos-768x576.jpg 768w, https:\/\/aramarvarais.com\/wp-content\/uploads\/2026\/02\/varal-no-gesso-santos.jpg 1200w\" sizes=\"(max-width: 800px) 100vw, 800px\" \/>\t\t\t\t\t\t\t\t\t\t\t\t\t\t\t<\/div>\n\t\t\t\t<div class=\"elementor-element elementor-element-d9cd610 elementor-widget elementor-widget-image\" data-id=\"d9cd610\" data-element_type=\"widget\" data-widget_type=\"image.default\">\n\t\t\t\t\t\t\t\t\t\t\t\t\t\t\t<img loading=\"lazy\" decoding=\"async\" width=\"800\" height=\"600\" src=\"https:\/\/aramarvarais.com\/wp-content\/uploads\/2026\/02\/varal-santos-1024x768.jpg\" class=\"attachment-large size-large wp-image-1367\" alt=\"\" srcset=\"https:\/\/aramarvarais.com\/wp-content\/uploads\/2026\/02\/varal-santos-1024x768.jpg 1024w, https:\/\/aramarvarais.com\/wp-content\/uploads\/2026\/02\/varal-santos-300x225.jpg 300w, https:\/\/aramarvarais.com\/wp-content\/uploads\/2026\/02\/varal-santos-768x576.jpg 768w, https:\/\/aramarvarais.com\/wp-content\/uploads\/2026\/02\/varal-santos.jpg 1200w\" sizes=\"(max-width: 800px) 100vw, 800px\" \/>\t\t\t\t\t\t\t\t\t\t\t\t\t\t\t<\/div>\n\t\t\t\t<div class=\"elementor-element elementor-element-b98ca74 elementor-widget elementor-widget-image\" data-id=\"b98ca74\" data-element_type=\"widget\" data-widget_type=\"image.default\">\n\t\t\t\t\t\t\t\t\t\t\t\t\t\t\t<img loading=\"lazy\" decoding=\"async\" width=\"800\" height=\"600\" src=\"https:\/\/aramarvarais.com\/wp-content\/uploads\/2026\/02\/varal-forte-1024x768.jpg\" class=\"attachment-large size-large wp-image-1371\" alt=\"\" srcset=\"https:\/\/aramarvarais.com\/wp-content\/uploads\/2026\/02\/varal-forte-1024x768.jpg 1024w, https:\/\/aramarvarais.com\/wp-content\/uploads\/2026\/02\/varal-forte-300x225.jpg 300w, https:\/\/aramarvarais.com\/wp-content\/uploads\/2026\/02\/varal-forte-768x576.jpg 768w, https:\/\/aramarvarais.com\/wp-content\/uploads\/2026\/02\/varal-forte.jpg 1200w\" sizes=\"(max-width: 800px) 100vw, 800px\" \/>\t\t\t\t\t\t\t\t\t\t\t\t\t\t\t<\/div>\n\t\t\t\t<div class=\"elementor-element elementor-element-183553a elementor-widget elementor-widget-image\" data-id=\"183553a\" data-element_type=\"widget\" data-widget_type=\"image.default\">\n\t\t\t\t\t\t\t\t\t\t\t\t\t\t\t<img loading=\"lazy\" decoding=\"async\" width=\"800\" height=\"600\" src=\"https:\/\/aramarvarais.com\/wp-content\/uploads\/2026\/02\/varal-teto-de-gesso-1024x768.jpg\" class=\"attachment-large size-large wp-image-1376\" alt=\"\" srcset=\"https:\/\/aramarvarais.com\/wp-content\/uploads\/2026\/02\/varal-teto-de-gesso-1024x768.jpg 1024w, https:\/\/aramarvarais.com\/wp-content\/uploads\/2026\/02\/varal-teto-de-gesso-300x225.jpg 300w, https:\/\/aramarvarais.com\/wp-content\/uploads\/2026\/02\/varal-teto-de-gesso-768x576.jpg 768w, https:\/\/aramarvarais.com\/wp-content\/uploads\/2026\/02\/varal-teto-de-gesso.jpg 1200w\" sizes=\"(max-width: 800px) 100vw, 800px\" \/>\t\t\t\t\t\t\t\t\t\t\t\t\t\t\t<\/div>\n\t\t\t\t\t<\/div>\n\t\t\t\t<\/div>\n\t\t\t\t<\/div>\n\t\t","protected":false},"excerpt":{"rendered":"<p>&nbsp; &nbsp; &nbsp; &nbsp; Nossa linha de varal modelo tradicional de teto feito em alum\u00ednio com pintura eletrost\u00e1tica branca com alta resist\u00eancia a corros\u00e3o, e alta capacidade de peso comparado com os varais industrializados de alum\u00ednio, capacidade de 15 de roupas.<\/p>\n","protected":false},"author":1,"featured_media":0,"parent":7,"menu_order":0,"comment_status":"closed","ping_status":"closed","template":"","meta":{"footnotes":""},"class_list":["post-58","page","type-page","status-publish","hentry"],"_links":{"self":[{"href":"https:\/\/aramarvarais.com\/index.php?rest_route=\/wp\/v2\/pages\/58","targetHints":{"allow":["GET"]}}],"collection":[{"href":"https:\/\/aramarvarais.com\/index.php?rest_route=\/wp\/v2\/pages"}],"about":[{"href":"https:\/\/aramarvarais.com\/index.php?rest_route=\/wp\/v2\/types\/page"}],"author":[{"embeddable":true,"href":"https:\/\/aramarvarais.com\/index.php?rest_route=\/wp\/v2\/users\/1"}],"replies":[{"embeddable":true,"href":"https:\/\/aramarvarais.com\/index.php?rest_route=%2Fwp%2Fv2%2Fcomments&post=58"}],"version-history":[{"count":32,"href":"https:\/\/aramarvarais.com\/index.php?rest_route=\/wp\/v2\/pages\/58\/revisions"}],"predecessor-version":[{"id":1379,"href":"https:\/\/aramarvarais.com\/index.php?rest_route=\/wp\/v2\/pages\/58\/revisions\/1379"}],"up":[{"embeddable":true,"href":"https:\/\/aramarvarais.com\/index.php?rest_route=\/wp\/v2\/pages\/7"}],"wp:attachment":[{"href":"https:\/\/aramarvarais.com\/index.php?rest_route=%2Fwp%2Fv2%2Fmedia&parent=58"}],"curies":[{"name":"wp","href":"https:\/\/api.w.org\/{rel}","templated":true}]}}