{"id":54,"date":"2017-02-07T23:43:50","date_gmt":"2017-02-07T23:43:50","guid":{"rendered":"http:\/\/aramarvarais.com\/?page_id=54"},"modified":"2026-03-21T13:18:04","modified_gmt":"2026-03-21T13:18:04","slug":"aramar-aluminio-branco","status":"publish","type":"page","link":"https:\/\/aramarvarais.com\/?page_id=54","title":{"rendered":"aramar alum\u00ednio branco"},"content":{"rendered":"<h3>Um varal que se torna muito leve para estender a roupa por descer vareta por vareta, nosso varal individual trabalha com o perfil mais resistente do mercado, a parte interna da vareta que \u00e9 a medida <strong>1\/2 x 1\/16<\/strong> enquanto os industriais trabalham na medida <strong>1\/2 x 1\/10.<\/strong><\/h3>\n<h3>Dica cuidado com o &#8220;artesanal refor\u00e7ado&#8221; falam isso mas nem sabem o perfil do varal, al\u00e9m das pontas da vareta ficarem caindo gerando manuten\u00e7\u00e3o precoce!<\/h3>\n<h3>Feito com 6, 8, 10 varetas ou sob medida: largura x comprimento e n\u00famero de vareta.<\/h3>\n<h3>Feito em alum\u00ednio com pintura eletrost\u00e1tica branca com corda 100% polipropileno (seda) 3 mm e uma generosa\u00a0 garantia de 1 ano!<\/h3>\n<h3>Fazemos suporte de parede em alguns formatos diferentes para quem coloca muito peso no varal ou dependendo do espa\u00e7o dispon\u00edvel.<\/h3>\n<p>&nbsp;<\/p>\n<p><img fetchpriority=\"high\" decoding=\"async\" class=\"alignnone size-full wp-image-1448\" src=\"https:\/\/aramarvarais.com\/wp-content\/uploads\/2026\/03\/site-varal-em-teto-de-gesso-santos.jpg\" alt=\"\" width=\"1200\" height=\"900\" srcset=\"https:\/\/aramarvarais.com\/wp-content\/uploads\/2026\/03\/site-varal-em-teto-de-gesso-santos.jpg 1200w, https:\/\/aramarvarais.com\/wp-content\/uploads\/2026\/03\/site-varal-em-teto-de-gesso-santos-300x225.jpg 300w, https:\/\/aramarvarais.com\/wp-content\/uploads\/2026\/03\/site-varal-em-teto-de-gesso-santos-1024x768.jpg 1024w, https:\/\/aramarvarais.com\/wp-content\/uploads\/2026\/03\/site-varal-em-teto-de-gesso-santos-768x576.jpg 768w\" sizes=\"(max-width: 1200px) 100vw, 1200px\" \/><\/p>\n<h3>Uma das principais vantagens do nosso modelo de varal individual \u00e9 que a corda passa por dentro da vareta, nada de ponteira caindo e<\/h3>\n<h3>suas roupas no ch\u00e3o!<\/h3>\n<p><img decoding=\"async\" class=\"alignnone size-full wp-image-1490\" src=\"https:\/\/aramarvarais.com\/wp-content\/uploads\/2026\/03\/comparativo-individual-tampa-caindo2.jpg\" alt=\"\" width=\"1200\" height=\"356\" srcset=\"https:\/\/aramarvarais.com\/wp-content\/uploads\/2026\/03\/comparativo-individual-tampa-caindo2.jpg 1200w, https:\/\/aramarvarais.com\/wp-content\/uploads\/2026\/03\/comparativo-individual-tampa-caindo2-300x89.jpg 300w, https:\/\/aramarvarais.com\/wp-content\/uploads\/2026\/03\/comparativo-individual-tampa-caindo2-1024x304.jpg 1024w, https:\/\/aramarvarais.com\/wp-content\/uploads\/2026\/03\/comparativo-individual-tampa-caindo2-768x228.jpg 768w\" sizes=\"(max-width: 1200px) 100vw, 1200px\" \/><\/p>\n<h3>Serve para todas as alturas dos moradores e secret\u00e1rias!<\/h3>\n<p><img decoding=\"async\" class=\"alignnone wp-image-1450\" src=\"https:\/\/aramarvarais.com\/wp-content\/uploads\/2026\/03\/site-varal-individual-casa-do-varal-santos2.jpg\" alt=\"\" width=\"1213\" height=\"1280\" srcset=\"https:\/\/aramarvarais.com\/wp-content\/uploads\/2026\/03\/site-varal-individual-casa-do-varal-santos2.jpg 1100w, https:\/\/aramarvarais.com\/wp-content\/uploads\/2026\/03\/site-varal-individual-casa-do-varal-santos2-284x300.jpg 284w, https:\/\/aramarvarais.com\/wp-content\/uploads\/2026\/03\/site-varal-individual-casa-do-varal-santos2-970x1024.jpg 970w, https:\/\/aramarvarais.com\/wp-content\/uploads\/2026\/03\/site-varal-individual-casa-do-varal-santos2-768x811.jpg 768w\" sizes=\"(max-width: 1213px) 100vw, 1213px\" \/><\/p>\n<h3>Nosso varal tem travas ante tor\u00e7\u00e3o e ante mergulho.<\/h3>\n<p><img loading=\"lazy\" decoding=\"async\" class=\"alignnone wp-image-1452\" src=\"https:\/\/aramarvarais.com\/wp-content\/uploads\/2026\/03\/site-varal-individual-casa-do-varal-santos.jpg\" alt=\"\" width=\"1231\" height=\"923\" srcset=\"https:\/\/aramarvarais.com\/wp-content\/uploads\/2026\/03\/site-varal-individual-casa-do-varal-santos.jpg 1000w, https:\/\/aramarvarais.com\/wp-content\/uploads\/2026\/03\/site-varal-individual-casa-do-varal-santos-300x225.jpg 300w, https:\/\/aramarvarais.com\/wp-content\/uploads\/2026\/03\/site-varal-individual-casa-do-varal-santos-768x576.jpg 768w\" sizes=\"(max-width: 1231px) 100vw, 1231px\" \/><\/p>\n<h3>tamb\u00e9m temos a op\u00e7\u00e3o de desvio de corda com isso o varal pode ficar maior otimizando todo o espa\u00e7o dispon\u00edvel! pratico e funcional.<\/h3>\n<p><img loading=\"lazy\" decoding=\"async\" class=\"alignnone wp-image-1454\" src=\"https:\/\/aramarvarais.com\/wp-content\/uploads\/2026\/03\/varal-individual-forte-aluminio.jpg\" alt=\"\" width=\"1204\" height=\"751\" srcset=\"https:\/\/aramarvarais.com\/wp-content\/uploads\/2026\/03\/varal-individual-forte-aluminio.jpg 1100w, https:\/\/aramarvarais.com\/wp-content\/uploads\/2026\/03\/varal-individual-forte-aluminio-300x187.jpg 300w, https:\/\/aramarvarais.com\/wp-content\/uploads\/2026\/03\/varal-individual-forte-aluminio-1024x639.jpg 1024w, https:\/\/aramarvarais.com\/wp-content\/uploads\/2026\/03\/varal-individual-forte-aluminio-768x479.jpg 768w\" sizes=\"(max-width: 1204px) 100vw, 1204px\" \/><\/p>\n<h3>Servi\u00e7o realizado no residencial Times Square em Santos, suporte de varal em alguns formatos diferentes.<\/h3>\n<p><img loading=\"lazy\" decoding=\"async\" class=\"alignnone size-full wp-image-1456\" src=\"https:\/\/aramarvarais.com\/wp-content\/uploads\/2026\/03\/residencial-times-square-santos.jpg\" alt=\"\" width=\"1200\" height=\"900\" srcset=\"https:\/\/aramarvarais.com\/wp-content\/uploads\/2026\/03\/residencial-times-square-santos.jpg 1200w, https:\/\/aramarvarais.com\/wp-content\/uploads\/2026\/03\/residencial-times-square-santos-300x225.jpg 300w, https:\/\/aramarvarais.com\/wp-content\/uploads\/2026\/03\/residencial-times-square-santos-1024x768.jpg 1024w, https:\/\/aramarvarais.com\/wp-content\/uploads\/2026\/03\/residencial-times-square-santos-768x576.jpg 768w\" sizes=\"(max-width: 1200px) 100vw, 1200px\" \/><\/p>\n<h3>Varal sob medida no Residencial Times Square em Santos, \u00e1rea com teto de gesso \u00e9 a nossa especialidade.<\/h3>\n<p><img loading=\"lazy\" decoding=\"async\" class=\"alignnone size-full wp-image-1458\" src=\"https:\/\/aramarvarais.com\/wp-content\/uploads\/2026\/03\/varal-em-tedo-de-gesso-guaruja.jpg\" alt=\"\" width=\"1200\" height=\"900\" srcset=\"https:\/\/aramarvarais.com\/wp-content\/uploads\/2026\/03\/varal-em-tedo-de-gesso-guaruja.jpg 1200w, https:\/\/aramarvarais.com\/wp-content\/uploads\/2026\/03\/varal-em-tedo-de-gesso-guaruja-300x225.jpg 300w, https:\/\/aramarvarais.com\/wp-content\/uploads\/2026\/03\/varal-em-tedo-de-gesso-guaruja-1024x768.jpg 1024w, https:\/\/aramarvarais.com\/wp-content\/uploads\/2026\/03\/varal-em-tedo-de-gesso-guaruja-768x576.jpg 768w\" sizes=\"(max-width: 1200px) 100vw, 1200px\" \/><\/p>\n<h3>Servi\u00e7o realizado no Residencial My Place em Santos.<\/h3>\n<p><img loading=\"lazy\" decoding=\"async\" class=\"alignnone size-full wp-image-1460\" src=\"https:\/\/aramarvarais.com\/wp-content\/uploads\/2026\/03\/varal-individual-forte-aluminio-my-place.jpg\" alt=\"\" width=\"1200\" height=\"900\" srcset=\"https:\/\/aramarvarais.com\/wp-content\/uploads\/2026\/03\/varal-individual-forte-aluminio-my-place.jpg 1200w, https:\/\/aramarvarais.com\/wp-content\/uploads\/2026\/03\/varal-individual-forte-aluminio-my-place-300x225.jpg 300w, https:\/\/aramarvarais.com\/wp-content\/uploads\/2026\/03\/varal-individual-forte-aluminio-my-place-1024x768.jpg 1024w, https:\/\/aramarvarais.com\/wp-content\/uploads\/2026\/03\/varal-individual-forte-aluminio-my-place-768x576.jpg 768w\" sizes=\"(max-width: 1200px) 100vw, 1200px\" \/><\/p>\n<h3>Estivemos no Residencial Lacca em parceria com a Arquiteta Fernanda Trindade.<\/h3>\n<p><img loading=\"lazy\" decoding=\"async\" class=\"alignnone size-full wp-image-1473\" src=\"https:\/\/aramarvarais.com\/wp-content\/uploads\/2026\/03\/reseidencial-lacca-santos.jpg\" alt=\"\" width=\"1190\" height=\"900\" srcset=\"https:\/\/aramarvarais.com\/wp-content\/uploads\/2026\/03\/reseidencial-lacca-santos.jpg 1190w, https:\/\/aramarvarais.com\/wp-content\/uploads\/2026\/03\/reseidencial-lacca-santos-300x227.jpg 300w, https:\/\/aramarvarais.com\/wp-content\/uploads\/2026\/03\/reseidencial-lacca-santos-1024x774.jpg 1024w, https:\/\/aramarvarais.com\/wp-content\/uploads\/2026\/03\/reseidencial-lacca-santos-768x581.jpg 768w\" sizes=\"(max-width: 1190px) 100vw, 1190px\" \/><\/p>\n<p>&nbsp;<\/p>\n<p><img loading=\"lazy\" decoding=\"async\" class=\"alignnone wp-image-440\" src=\"http:\/\/aramarvarais.com\/wp-content\/uploads\/2017\/02\/site-individual-no-gesso-1-300x169.jpg\" alt=\"site-individual-no-gesso\" width=\"1199\" height=\"676\" srcset=\"https:\/\/aramarvarais.com\/wp-content\/uploads\/2017\/02\/site-individual-no-gesso-1-300x169.jpg 300w, https:\/\/aramarvarais.com\/wp-content\/uploads\/2017\/02\/site-individual-no-gesso-1-768x432.jpg 768w, https:\/\/aramarvarais.com\/wp-content\/uploads\/2017\/02\/site-individual-no-gesso-1.jpg 1000w\" sizes=\"(max-width: 1199px) 100vw, 1199px\" \/><\/p>\n<p>&nbsp;<\/p>\n<h3><span class=\"fontplugin_fontid_4876_AMCAPEternal\">Curiosidade: <\/span>O que \u00e9 pintura eletrost\u00e1tica?<\/h3>\n<h3>A pintura eletrost\u00e1tica ou lacagem \u00e9 um processo de pintura, que tem como finalidade o revestimento do alum\u00ednio com uma pel\u00edcula de pol\u00edmero termo-endurecer colorido (p\u00f3 de poli\u00e9ster). Este processo de pintura garante a flexibilidade da pe\u00e7a sem ofender a pintura para isso a pe\u00e7a \u00e9 levada a uma estufa de alta temperatura fazendo com que a tinta cura e \u00e9 fixada. A pintura a p\u00f3 caracteriza-se por ter um acabamento mais duro e resistente que a pintura l\u00edquida convencional. Tamb\u00e9m permite camadas mais espessas de tinta sem que a tinta escorra, mantendo uma superf\u00edcie mais lisa e uniforme.<\/h3>\n<h3>Pequenas altera\u00e7\u00f5es podem ser feitas sem\u00a0 aviso pr\u00e9vio, apenas para melhorar o produto.<\/h3>\n<p>&nbsp;<\/p>\n<p><img loading=\"lazy\" decoding=\"async\" class=\"alignnone size-full wp-image-1029\" src=\"https:\/\/aramarvarais.com\/wp-content\/uploads\/2026\/01\/aramar-varal-em-santos-site-reclicar.jpg\" alt=\"varal recicl\u00e1vel, varal forte, varal em santos\" width=\"1200\" height=\"655\" srcset=\"https:\/\/aramarvarais.com\/wp-content\/uploads\/2026\/01\/aramar-varal-em-santos-site-reclicar.jpg 1200w, https:\/\/aramarvarais.com\/wp-content\/uploads\/2026\/01\/aramar-varal-em-santos-site-reclicar-300x164.jpg 300w, https:\/\/aramarvarais.com\/wp-content\/uploads\/2026\/01\/aramar-varal-em-santos-site-reclicar-1024x559.jpg 1024w, https:\/\/aramarvarais.com\/wp-content\/uploads\/2026\/01\/aramar-varal-em-santos-site-reclicar-768x419.jpg 768w\" sizes=\"(max-width: 1200px) 100vw, 1200px\" \/><\/p>\n<p>&nbsp;<\/p>\n","protected":false},"excerpt":{"rendered":"<p>Um varal que se torna muito leve para estender a roupa por descer vareta por vareta, nosso varal individual trabalha com o perfil mais resistente do mercado, a parte interna da vareta que \u00e9 a medida 1\/2 x 1\/16 enquanto os industriais trabalham na medida 1\/2 x 1\/10. Dica cuidado com o &#8220;artesanal refor\u00e7ado&#8221; falam isso mas nem sabem o perfil do varal, al\u00e9m das pontas da vareta ficarem caindo gerando manuten\u00e7\u00e3o precoce! Feito com 6, 8, 10 varetas ou sob medida: largura x comprimento e n\u00famero de vareta. Feito em alum\u00ednio com pintura eletrost\u00e1tica branca com corda 100% polipropileno (seda) 3 mm e uma generosa\u00a0 garantia de 1 ano! Fazemos suporte de parede em alguns formatos diferentes para quem coloca muito peso no varal ou dependendo do espa\u00e7o dispon\u00edvel. &nbsp; Uma das principais vantagens do nosso modelo de varal individual \u00e9 que a corda passa por dentro da vareta, nada de ponteira caindo e suas roupas no ch\u00e3o! Serve para todas as alturas dos moradores e secret\u00e1rias! Nosso varal tem travas ante tor\u00e7\u00e3o e ante mergulho. tamb\u00e9m temos a op\u00e7\u00e3o de desvio de corda com isso o varal pode ficar maior otimizando todo o espa\u00e7o dispon\u00edvel! pratico e funcional. Servi\u00e7o realizado no residencial Times Square em Santos, suporte de varal em alguns formatos diferentes. Varal sob medida no Residencial Times Square em Santos, \u00e1rea com teto de gesso \u00e9 a nossa especialidade. Servi\u00e7o realizado no Residencial My Place em Santos. Estivemos no Residencial Lacca em parceria com a Arquiteta Fernanda Trindade. &nbsp; &nbsp; Curiosidade: O que \u00e9 pintura eletrost\u00e1tica? A pintura eletrost\u00e1tica ou lacagem \u00e9 um processo de pintura, que tem como finalidade o revestimento do alum\u00ednio com uma pel\u00edcula de pol\u00edmero termo-endurecer colorido (p\u00f3 de poli\u00e9ster). Este processo de pintura garante a flexibilidade da pe\u00e7a sem ofender a pintura para isso a pe\u00e7a \u00e9 levada a uma estufa de alta temperatura fazendo com que a tinta cura e \u00e9 fixada. A pintura a p\u00f3 caracteriza-se por ter um acabamento mais duro e resistente que a pintura l\u00edquida convencional. Tamb\u00e9m permite camadas mais espessas de tinta sem que a tinta escorra, mantendo uma superf\u00edcie mais lisa e uniforme. Pequenas altera\u00e7\u00f5es podem ser feitas sem\u00a0 aviso pr\u00e9vio, apenas para melhorar o produto. &nbsp; &nbsp;<\/p>\n","protected":false},"author":1,"featured_media":0,"parent":9,"menu_order":0,"comment_status":"closed","ping_status":"closed","template":"","meta":{"footnotes":""},"class_list":["post-54","page","type-page","status-publish","hentry"],"_links":{"self":[{"href":"https:\/\/aramarvarais.com\/index.php?rest_route=\/wp\/v2\/pages\/54","targetHints":{"allow":["GET"]}}],"collection":[{"href":"https:\/\/aramarvarais.com\/index.php?rest_route=\/wp\/v2\/pages"}],"about":[{"href":"https:\/\/aramarvarais.com\/index.php?rest_route=\/wp\/v2\/types\/page"}],"author":[{"embeddable":true,"href":"https:\/\/aramarvarais.com\/index.php?rest_route=\/wp\/v2\/users\/1"}],"replies":[{"embeddable":true,"href":"https:\/\/aramarvarais.com\/index.php?rest_route=%2Fwp%2Fv2%2Fcomments&post=54"}],"version-history":[{"count":25,"href":"https:\/\/aramarvarais.com\/index.php?rest_route=\/wp\/v2\/pages\/54\/revisions"}],"predecessor-version":[{"id":1491,"href":"https:\/\/aramarvarais.com\/index.php?rest_route=\/wp\/v2\/pages\/54\/revisions\/1491"}],"up":[{"embeddable":true,"href":"https:\/\/aramarvarais.com\/index.php?rest_route=\/wp\/v2\/pages\/9"}],"wp:attachment":[{"href":"https:\/\/aramarvarais.com\/index.php?rest_route=%2Fwp%2Fv2%2Fmedia&parent=54"}],"curies":[{"name":"wp","href":"https:\/\/api.w.org\/{rel}","templated":true}]}}