{"id":48,"date":"2017-02-07T23:35:46","date_gmt":"2017-02-07T23:35:46","guid":{"rendered":"http:\/\/aramarvarais.com\/?page_id=48"},"modified":"2026-03-20T17:54:47","modified_gmt":"2026-03-20T17:54:47","slug":"industrializado-aco","status":"publish","type":"page","link":"https:\/\/aramarvarais.com\/?page_id=48","title":{"rendered":"industrializado a\u00e7o"},"content":{"rendered":"<h3><strong>Encerramos a venda de varais de a\u00e7o de teto, a partir de agora, passamos a trabalhar exclusivamente com varais de alum\u00ednio branco.<\/strong><br data-start=\"197\" data-end=\"200\" \/><strong>Essa mudan\u00e7a reflete nosso compromisso com qualidade, durabilidade e inova\u00e7\u00e3o, oferecendo um produto mais leve, resistente \u00e0 corros\u00e3o principalmente aqui no litoral e com melhor acabamento para o dia a dia.<\/strong><\/h3>\n<p>&nbsp;<\/p>\n<p><img fetchpriority=\"high\" decoding=\"async\" class=\"wp-image-117 aligncenter\" src=\"http:\/\/aramarvarais.com\/wp-content\/uploads\/2017\/02\/site-varal-aco-aramar-300x225.jpg\" alt=\"site-varal-aco-aramar\" width=\"675\" height=\"506\" srcset=\"https:\/\/aramarvarais.com\/wp-content\/uploads\/2017\/02\/site-varal-aco-aramar-300x225.jpg 300w, https:\/\/aramarvarais.com\/wp-content\/uploads\/2017\/02\/site-varal-aco-aramar-768x576.jpg 768w, https:\/\/aramarvarais.com\/wp-content\/uploads\/2017\/02\/site-varal-aco-aramar.jpg 800w\" sizes=\"(max-width: 675px) 100vw, 675px\" \/><\/p>\n<h3 style=\"text-align: center;\">Entra em linha o nosso novo modelo base, com 6 varetas de alum\u00ednio e 56 cm de largura,<\/h3>\n<h3 style=\"text-align: center;\">muito mais durabilidade, capacidade de peso 18 quilos, com medidas padr\u00e3o:<\/h3>\n<h3 style=\"text-align: center;\"><em><strong>1,00 x 56<\/strong><\/em><\/h3>\n<h3 style=\"text-align: center;\"><em><strong>1,20 x 56<\/strong><\/em><\/h3>\n<h3 style=\"text-align: center;\"><em><strong>1,40 x 56<\/strong><\/em><\/h3>\n<p><img decoding=\"async\" class=\" wp-image-1024 aligncenter\" src=\"https:\/\/aramarvarais.com\/wp-content\/uploads\/2026\/01\/varal-aluminio-santos.jpg\" alt=\"varal alum\u00ednio aramar varais\" width=\"841\" height=\"597\" srcset=\"https:\/\/aramarvarais.com\/wp-content\/uploads\/2026\/01\/varal-aluminio-santos.jpg 1200w, https:\/\/aramarvarais.com\/wp-content\/uploads\/2026\/01\/varal-aluminio-santos-300x213.jpg 300w, https:\/\/aramarvarais.com\/wp-content\/uploads\/2026\/01\/varal-aluminio-santos-1024x727.jpg 1024w, https:\/\/aramarvarais.com\/wp-content\/uploads\/2026\/01\/varal-aluminio-santos-768x545.jpg 768w\" sizes=\"(max-width: 841px) 100vw, 841px\" \/><\/p>\n<p><img decoding=\"async\" class=\"wp-image-1025 aligncenter\" src=\"https:\/\/aramarvarais.com\/wp-content\/uploads\/2026\/01\/varal-aluminio-sao-vicente.jpg\" alt=\"\" width=\"846\" height=\"635\" srcset=\"https:\/\/aramarvarais.com\/wp-content\/uploads\/2026\/01\/varal-aluminio-sao-vicente.jpg 1200w, https:\/\/aramarvarais.com\/wp-content\/uploads\/2026\/01\/varal-aluminio-sao-vicente-300x225.jpg 300w, https:\/\/aramarvarais.com\/wp-content\/uploads\/2026\/01\/varal-aluminio-sao-vicente-1024x768.jpg 1024w, https:\/\/aramarvarais.com\/wp-content\/uploads\/2026\/01\/varal-aluminio-sao-vicente-768x576.jpg 768w\" sizes=\"(max-width: 846px) 100vw, 846px\" \/><\/p>\n<p><img loading=\"lazy\" decoding=\"async\" class=\"wp-image-1479 aligncenter\" src=\"https:\/\/aramarvarais.com\/wp-content\/uploads\/2026\/03\/varal-aluminio-6-varetas-santos.jpg\" alt=\"\" width=\"815\" height=\"1811\" srcset=\"https:\/\/aramarvarais.com\/wp-content\/uploads\/2026\/03\/varal-aluminio-6-varetas-santos.jpg 900w, https:\/\/aramarvarais.com\/wp-content\/uploads\/2026\/03\/varal-aluminio-6-varetas-santos-135x300.jpg 135w, https:\/\/aramarvarais.com\/wp-content\/uploads\/2026\/03\/varal-aluminio-6-varetas-santos-461x1024.jpg 461w, https:\/\/aramarvarais.com\/wp-content\/uploads\/2026\/03\/varal-aluminio-6-varetas-santos-768x1707.jpg 768w, https:\/\/aramarvarais.com\/wp-content\/uploads\/2026\/03\/varal-aluminio-6-varetas-santos-691x1536.jpg 691w\" sizes=\"(max-width: 815px) 100vw, 815px\" \/><\/p>\n<h3 style=\"text-align: center;\">Pequenas altera\u00e7\u00f5es podem ser feitas sem\u00a0 aviso pr\u00e9vio, apenas para melhorar o produto.<\/h3>\n<p>&nbsp;<\/p>\n<p><img loading=\"lazy\" decoding=\"async\" class=\" wp-image-1029 aligncenter\" src=\"https:\/\/aramarvarais.com\/wp-content\/uploads\/2026\/01\/aramar-varal-em-santos-site-reclicar.jpg\" alt=\"varal recicl\u00e1vel\" width=\"845\" height=\"461\" srcset=\"https:\/\/aramarvarais.com\/wp-content\/uploads\/2026\/01\/aramar-varal-em-santos-site-reclicar.jpg 1200w, https:\/\/aramarvarais.com\/wp-content\/uploads\/2026\/01\/aramar-varal-em-santos-site-reclicar-300x164.jpg 300w, https:\/\/aramarvarais.com\/wp-content\/uploads\/2026\/01\/aramar-varal-em-santos-site-reclicar-1024x559.jpg 1024w, https:\/\/aramarvarais.com\/wp-content\/uploads\/2026\/01\/aramar-varal-em-santos-site-reclicar-768x419.jpg 768w\" sizes=\"(max-width: 845px) 100vw, 845px\" \/><\/p>\n","protected":false},"excerpt":{"rendered":"<p>Encerramos a venda de varais de a\u00e7o de teto, a partir de agora, passamos a trabalhar exclusivamente com varais de alum\u00ednio branco.Essa mudan\u00e7a reflete nosso compromisso com qualidade, durabilidade e inova\u00e7\u00e3o, oferecendo um produto mais leve, resistente \u00e0 corros\u00e3o principalmente aqui no litoral e com melhor acabamento para o dia a dia. &nbsp; Entra em linha o nosso novo modelo base, com 6 varetas de alum\u00ednio e 56 cm de largura, muito mais durabilidade, capacidade de peso 18 quilos, com medidas padr\u00e3o: 1,00 x 56 1,20 x 56 1,40 x 56 Pequenas altera\u00e7\u00f5es podem ser feitas sem\u00a0 aviso pr\u00e9vio, apenas para melhorar o produto. &nbsp;<\/p>\n","protected":false},"author":1,"featured_media":0,"parent":7,"menu_order":0,"comment_status":"closed","ping_status":"closed","template":"","meta":{"footnotes":""},"class_list":["post-48","page","type-page","status-publish","hentry"],"_links":{"self":[{"href":"https:\/\/aramarvarais.com\/index.php?rest_route=\/wp\/v2\/pages\/48","targetHints":{"allow":["GET"]}}],"collection":[{"href":"https:\/\/aramarvarais.com\/index.php?rest_route=\/wp\/v2\/pages"}],"about":[{"href":"https:\/\/aramarvarais.com\/index.php?rest_route=\/wp\/v2\/types\/page"}],"author":[{"embeddable":true,"href":"https:\/\/aramarvarais.com\/index.php?rest_route=\/wp\/v2\/users\/1"}],"replies":[{"embeddable":true,"href":"https:\/\/aramarvarais.com\/index.php?rest_route=%2Fwp%2Fv2%2Fcomments&post=48"}],"version-history":[{"count":24,"href":"https:\/\/aramarvarais.com\/index.php?rest_route=\/wp\/v2\/pages\/48\/revisions"}],"predecessor-version":[{"id":1480,"href":"https:\/\/aramarvarais.com\/index.php?rest_route=\/wp\/v2\/pages\/48\/revisions\/1480"}],"up":[{"embeddable":true,"href":"https:\/\/aramarvarais.com\/index.php?rest_route=\/wp\/v2\/pages\/7"}],"wp:attachment":[{"href":"https:\/\/aramarvarais.com\/index.php?rest_route=%2Fwp%2Fv2%2Fmedia&parent=48"}],"curies":[{"name":"wp","href":"https:\/\/api.w.org\/{rel}","templated":true}]}}