{"id":303,"date":"2017-02-14T23:28:12","date_gmt":"2017-02-14T23:28:12","guid":{"rendered":"http:\/\/aramarvarais.com\/?page_id=303"},"modified":"2026-01-27T22:13:56","modified_gmt":"2026-01-27T22:13:56","slug":"instalacao-de-varal","status":"publish","type":"page","link":"https:\/\/aramarvarais.com\/?page_id=303","title":{"rendered":"instala\u00e7\u00e3o de varal"},"content":{"rendered":"<h4>Se voc\u00ea j\u00e1 tiver o seu varal nos fazemos a instala\u00e7\u00e3o! Tudo com garantia e refer\u00eancia.<\/h4>\n<figure id=\"attachment_198\" aria-describedby=\"caption-attachment-198\" style=\"width: 700px\" class=\"wp-caption alignnone\"><img fetchpriority=\"high\" decoding=\"async\" class=\"size-full wp-image-198\" src=\"http:\/\/aramarvarais.com\/wp-content\/uploads\/2017\/02\/site-varal-troca-de-corda-santos.jpg\" alt=\"troca de corda varal em santos\" width=\"700\" height=\"394\" srcset=\"https:\/\/aramarvarais.com\/wp-content\/uploads\/2017\/02\/site-varal-troca-de-corda-santos.jpg 700w, https:\/\/aramarvarais.com\/wp-content\/uploads\/2017\/02\/site-varal-troca-de-corda-santos-300x169.jpg 300w\" sizes=\"(max-width: 700px) 100vw, 700px\" \/><figcaption id=\"caption-attachment-198\" class=\"wp-caption-text\">fazemos troca de corda do seu varal<\/figcaption><\/figure>\n<p>Ligue e agende a sua instala\u00e7\u00e3o com hora marcada.<\/p>\n<p>&nbsp;<\/p>\n<p>&nbsp;<\/p>\n","protected":false},"excerpt":{"rendered":"<p>Se voc\u00ea j\u00e1 tiver o seu varal nos fazemos a instala\u00e7\u00e3o! Tudo com garantia e refer\u00eancia. Ligue e agende a sua instala\u00e7\u00e3o com hora marcada. &nbsp; &nbsp;<\/p>\n","protected":false},"author":1,"featured_media":0,"parent":31,"menu_order":0,"comment_status":"closed","ping_status":"closed","template":"","meta":{"footnotes":""},"class_list":["post-303","page","type-page","status-publish","hentry"],"_links":{"self":[{"href":"https:\/\/aramarvarais.com\/index.php?rest_route=\/wp\/v2\/pages\/303","targetHints":{"allow":["GET"]}}],"collection":[{"href":"https:\/\/aramarvarais.com\/index.php?rest_route=\/wp\/v2\/pages"}],"about":[{"href":"https:\/\/aramarvarais.com\/index.php?rest_route=\/wp\/v2\/types\/page"}],"author":[{"embeddable":true,"href":"https:\/\/aramarvarais.com\/index.php?rest_route=\/wp\/v2\/users\/1"}],"replies":[{"embeddable":true,"href":"https:\/\/aramarvarais.com\/index.php?rest_route=%2Fwp%2Fv2%2Fcomments&post=303"}],"version-history":[{"count":4,"href":"https:\/\/aramarvarais.com\/index.php?rest_route=\/wp\/v2\/pages\/303\/revisions"}],"predecessor-version":[{"id":1032,"href":"https:\/\/aramarvarais.com\/index.php?rest_route=\/wp\/v2\/pages\/303\/revisions\/1032"}],"up":[{"embeddable":true,"href":"https:\/\/aramarvarais.com\/index.php?rest_route=\/wp\/v2\/pages\/31"}],"wp:attachment":[{"href":"https:\/\/aramarvarais.com\/index.php?rest_route=%2Fwp%2Fv2%2Fmedia&parent=303"}],"curies":[{"name":"wp","href":"https:\/\/api.w.org\/{rel}","templated":true}]}}