{"id":2,"date":"2016-05-10T03:48:21","date_gmt":"2016-05-10T03:48:21","guid":{"rendered":"http:\/\/wp452m.a10-52-158-154.qa.plesk.ru\/wordpress\/?page_id=2"},"modified":"2026-04-07T12:51:25","modified_gmt":"2026-04-07T12:51:25","slug":"sample-page","status":"publish","type":"page","link":"https:\/\/aramarvarais.com\/","title":{"rendered":"P\u00e1gina Inicial"},"content":{"rendered":"\t\t<div data-elementor-type=\"wp-page\" data-elementor-id=\"2\" class=\"elementor elementor-2\">\n\t\t\t\t<div class=\"elementor-element elementor-element-e1e4248 e-flex e-con-boxed wpr-particle-no wpr-jarallax-no wpr-parallax-no wpr-sticky-section-no e-con e-parent\" data-id=\"e1e4248\" data-element_type=\"container\" data-settings=\"{&quot;background_background&quot;:&quot;video&quot;}\">\n\t\t\t\t\t<div class=\"e-con-inner\">\n\t\t\t\t<div class=\"elementor-element elementor-element-a7284fc elementor-widget elementor-widget-heading\" data-id=\"a7284fc\" data-element_type=\"widget\" data-widget_type=\"heading.default\">\n\t\t\t\t\t<h1 class=\"elementor-heading-title elementor-size-default\">Aramar Varais<\/h1>\t\t\t\t<\/div>\n\t\t\t\t<div class=\"elementor-element elementor-element-00479a2 elementor-widget elementor-widget-text-editor\" data-id=\"00479a2\" data-element_type=\"widget\" data-widget_type=\"text-editor.default\">\n\t\t\t\t\t\t\t\t\t<p>Bem vindo, a mais de 31 anos no mercado, temos a exclusiva instala\u00e7\u00e3o que transpassa o gesso e fixa na laje com garantia vital\u00edcia na instala\u00e7\u00e3o!<\/p>\t\t\t\t\t\t\t\t<\/div>\n\t\t\t\t<div class=\"elementor-element elementor-element-7b0c3a4 elementor-align-center elementor-widget elementor-widget-button\" data-id=\"7b0c3a4\" data-element_type=\"widget\" data-widget_type=\"button.default\">\n\t\t\t\t\t\t\t\t\t\t<a class=\"elementor-button elementor-button-link elementor-size-sm\" href=\"https:\/\/aramarvarais.com\/?page_id=68\" target=\"_blank\">\n\t\t\t\t\t\t<span class=\"elementor-button-content-wrapper\">\n\t\t\t\t\t\t\t\t\t<span class=\"elementor-button-text\">Teto de gesso<\/span>\n\t\t\t\t\t<\/span>\n\t\t\t\t\t<\/a>\n\t\t\t\t\t\t\t\t<\/div>\n\t\t\t\t\t<\/div>\n\t\t\t\t<\/div>\n\t\t<div class=\"elementor-element elementor-element-439e532f e-flex e-con-boxed wpr-particle-no wpr-jarallax-no wpr-parallax-no wpr-sticky-section-no e-con e-parent\" data-id=\"439e532f\" data-element_type=\"container\" data-settings=\"{&quot;background_background&quot;:&quot;classic&quot;}\">\n\t\t\t\t\t<div class=\"e-con-inner\">\n\t\t\t\t<div class=\"elementor-element elementor-element-38f0f2f3 elementor-widget__width-initial elementor-widget elementor-widget-text-editor\" data-id=\"38f0f2f3\" data-element_type=\"widget\" data-widget_type=\"text-editor.default\">\n\t\t\t\t\t\t\t\t\t<p>Outro diferencial, temos 5 op\u00e7\u00f5es de fixa\u00e7\u00e3o para \u00e1rea de servi\u00e7o com teto de gesso!<\/p>\t\t\t\t\t\t\t\t<\/div>\n\t\t\t\t\t<\/div>\n\t\t\t\t<\/div>\n\t\t<div class=\"elementor-element elementor-element-4256fff e-flex e-con-boxed wpr-particle-no wpr-jarallax-no wpr-parallax-no wpr-sticky-section-no e-con e-parent\" data-id=\"4256fff\" data-element_type=\"container\">\n\t\t\t\t\t<div class=\"e-con-inner\">\n\t\t<div class=\"elementor-element elementor-element-1a2efe6 e-con-full e-flex wpr-particle-no wpr-jarallax-no wpr-parallax-no wpr-sticky-section-no e-con e-child\" data-id=\"1a2efe6\" data-element_type=\"container\">\n\t\t<div class=\"elementor-element elementor-element-cda985a e-con-full e-flex wpr-particle-no wpr-jarallax-no wpr-parallax-no wpr-sticky-section-no e-con e-child\" data-id=\"cda985a\" data-element_type=\"container\">\n\t\t\t\t<div class=\"elementor-element elementor-element-9a6c29d elementor-widget elementor-widget-heading\" data-id=\"9a6c29d\" data-element_type=\"widget\" data-widget_type=\"heading.default\">\n\t\t\t\t\t<h2 class=\"elementor-heading-title elementor-size-default\">Nossos sevi\u00e7os<\/h2>\t\t\t\t<\/div>\n\t\t\t\t<div class=\"elementor-element elementor-element-56c7bd1 elementor-widget elementor-widget-text-editor\" data-id=\"56c7bd1\" data-element_type=\"widget\" data-widget_type=\"text-editor.default\">\n\t\t\t\t\t\t\t\t\t<p>Instala\u00e7\u00e3o de varais, troca de corda e roldanas, troca de corda varal mazzonetto, fazemos varais sob medida, visita t\u00e9cnica na sua resid\u00eancia com hora marcada!<\/p>\t\t\t\t\t\t\t\t<\/div>\n\t\t\t\t<\/div>\n\t\t<div class=\"elementor-element elementor-element-db7a23c e-con-full e-flex wpr-particle-no wpr-jarallax-no wpr-parallax-no wpr-sticky-section-no e-con e-child\" data-id=\"db7a23c\" data-element_type=\"container\">\n\t\t\t\t<div class=\"elementor-element elementor-element-1bddabe elementor-widget elementor-widget-image\" data-id=\"1bddabe\" data-element_type=\"widget\" data-widget_type=\"image.default\">\n\t\t\t\t\t\t\t\t\t\t\t\t\t\t\t<img fetchpriority=\"high\" decoding=\"async\" width=\"700\" height=\"394\" src=\"https:\/\/aramarvarais.com\/wp-content\/uploads\/2017\/02\/site-varal-troca-de-corda-santos.jpg\" class=\"attachment-medium_large size-medium_large wp-image-198\" alt=\"troca de corda varal em santos\" srcset=\"https:\/\/aramarvarais.com\/wp-content\/uploads\/2017\/02\/site-varal-troca-de-corda-santos.jpg 700w, https:\/\/aramarvarais.com\/wp-content\/uploads\/2017\/02\/site-varal-troca-de-corda-santos-300x169.jpg 300w\" sizes=\"(max-width: 700px) 100vw, 700px\" \/>\t\t\t\t\t\t\t\t\t\t\t\t\t\t\t<\/div>\n\t\t\t\t<\/div>\n\t\t\t\t<\/div>\n\t\t\t\t\t<\/div>\n\t\t\t\t<\/div>\n\t\t<div class=\"elementor-element elementor-element-68cf27e e-flex e-con-boxed wpr-particle-no wpr-jarallax-no wpr-parallax-no wpr-sticky-section-no e-con e-parent\" data-id=\"68cf27e\" data-element_type=\"container\">\n\t\t\t\t\t<div class=\"e-con-inner\">\n\t\t\t\t<div class=\"elementor-element elementor-element-76a476f elementor-widget elementor-widget-heading\" data-id=\"76a476f\" data-element_type=\"widget\" data-widget_type=\"heading.default\">\n\t\t\t\t\t<h2 class=\"elementor-heading-title elementor-size-default\">Teto de Gesso<br><\/h2>\t\t\t\t<\/div>\n\t\t\t\t<div class=\"elementor-element elementor-element-c1f73be elementor-widget elementor-widget-text-editor\" data-id=\"c1f73be\" data-element_type=\"widget\" data-widget_type=\"text-editor.default\">\n\t\t\t\t\t\t\t\t\t<p>Instala\u00e7\u00e3o aprovada feita a mais de 15 anos aqui na Baixada Santista, sendo refer\u00eancia para Arquitetos, Engenheiros e Clientes diretos,<\/p><p>essa instala\u00e7\u00e3o transpassa o geso e fixa na laje, conta com garantia vital\u00edcia na instala\u00e7\u00e3o.\u00a0<\/p>\t\t\t\t\t\t\t\t<\/div>\n\t\t\t\t\t<\/div>\n\t\t\t\t<\/div>\n\t\t<div class=\"elementor-element elementor-element-64f3de0 e-grid e-con-boxed wpr-particle-no wpr-jarallax-no wpr-parallax-no wpr-sticky-section-no e-con e-parent\" data-id=\"64f3de0\" data-element_type=\"container\" data-settings=\"{&quot;background_background&quot;:&quot;classic&quot;}\">\n\t\t\t\t\t<div class=\"e-con-inner\">\n\t\t\t\t<div class=\"elementor-element elementor-element-b7f20d1 elementor-widget elementor-widget-image\" data-id=\"b7f20d1\" data-element_type=\"widget\" data-widget_type=\"image.default\">\n\t\t\t\t\t\t\t\t\t\t\t\t\t\t\t<img decoding=\"async\" width=\"800\" height=\"600\" src=\"https:\/\/aramarvarais.com\/wp-content\/uploads\/2026\/01\/casa-do-varal-santos-1024x768.jpg\" class=\"attachment-large size-large wp-image-1099\" alt=\"varal em santos\" srcset=\"https:\/\/aramarvarais.com\/wp-content\/uploads\/2026\/01\/casa-do-varal-santos-1024x768.jpg 1024w, https:\/\/aramarvarais.com\/wp-content\/uploads\/2026\/01\/casa-do-varal-santos-300x225.jpg 300w, https:\/\/aramarvarais.com\/wp-content\/uploads\/2026\/01\/casa-do-varal-santos-768x576.jpg 768w, https:\/\/aramarvarais.com\/wp-content\/uploads\/2026\/01\/casa-do-varal-santos.jpg 1200w\" sizes=\"(max-width: 800px) 100vw, 800px\" \/>\t\t\t\t\t\t\t\t\t\t\t\t\t\t\t<\/div>\n\t\t\t\t<div class=\"elementor-element elementor-element-bfdfba2 elementor-widget elementor-widget-image\" data-id=\"bfdfba2\" data-element_type=\"widget\" data-widget_type=\"image.default\">\n\t\t\t\t\t\t\t\t\t\t\t\t\t\t\t<img decoding=\"async\" width=\"800\" height=\"600\" src=\"https:\/\/aramarvarais.com\/wp-content\/uploads\/2026\/01\/casa-do-varal-santos-teto-de-gesso-1024x768.jpg\" class=\"attachment-large size-large wp-image-1104\" alt=\"\" srcset=\"https:\/\/aramarvarais.com\/wp-content\/uploads\/2026\/01\/casa-do-varal-santos-teto-de-gesso-1024x768.jpg 1024w, https:\/\/aramarvarais.com\/wp-content\/uploads\/2026\/01\/casa-do-varal-santos-teto-de-gesso-300x225.jpg 300w, https:\/\/aramarvarais.com\/wp-content\/uploads\/2026\/01\/casa-do-varal-santos-teto-de-gesso-768x576.jpg 768w, https:\/\/aramarvarais.com\/wp-content\/uploads\/2026\/01\/casa-do-varal-santos-teto-de-gesso.jpg 1200w\" sizes=\"(max-width: 800px) 100vw, 800px\" \/>\t\t\t\t\t\t\t\t\t\t\t\t\t\t\t<\/div>\n\t\t\t\t<div class=\"elementor-element elementor-element-40a9d6f elementor-widget elementor-widget-image\" data-id=\"40a9d6f\" data-element_type=\"widget\" data-widget_type=\"image.default\">\n\t\t\t\t\t\t\t\t\t\t\t\t\t\t\t<img loading=\"lazy\" decoding=\"async\" width=\"800\" height=\"600\" src=\"https:\/\/aramarvarais.com\/wp-content\/uploads\/2026\/01\/varal-teto-de-gesso-santos-1024x768.jpg\" class=\"attachment-large size-large wp-image-1141\" alt=\"casa com varal\" srcset=\"https:\/\/aramarvarais.com\/wp-content\/uploads\/2026\/01\/varal-teto-de-gesso-santos-1024x768.jpg 1024w, https:\/\/aramarvarais.com\/wp-content\/uploads\/2026\/01\/varal-teto-de-gesso-santos-300x225.jpg 300w, https:\/\/aramarvarais.com\/wp-content\/uploads\/2026\/01\/varal-teto-de-gesso-santos-768x576.jpg 768w, https:\/\/aramarvarais.com\/wp-content\/uploads\/2026\/01\/varal-teto-de-gesso-santos.jpg 1200w\" sizes=\"(max-width: 800px) 100vw, 800px\" \/>\t\t\t\t\t\t\t\t\t\t\t\t\t\t\t<\/div>\n\t\t\t\t<div class=\"elementor-element elementor-element-106bf74 elementor-widget elementor-widget-image\" data-id=\"106bf74\" data-element_type=\"widget\" data-widget_type=\"image.default\">\n\t\t\t\t\t\t\t\t\t\t\t\t\t\t\t<img loading=\"lazy\" decoding=\"async\" width=\"800\" height=\"600\" src=\"https:\/\/aramarvarais.com\/wp-content\/uploads\/2026\/01\/gesso-varal-existe-instala-1024x768.jpg\" class=\"attachment-large size-large wp-image-1146\" alt=\"\" srcset=\"https:\/\/aramarvarais.com\/wp-content\/uploads\/2026\/01\/gesso-varal-existe-instala-1024x768.jpg 1024w, https:\/\/aramarvarais.com\/wp-content\/uploads\/2026\/01\/gesso-varal-existe-instala-300x225.jpg 300w, https:\/\/aramarvarais.com\/wp-content\/uploads\/2026\/01\/gesso-varal-existe-instala-768x576.jpg 768w, https:\/\/aramarvarais.com\/wp-content\/uploads\/2026\/01\/gesso-varal-existe-instala.jpg 1200w\" sizes=\"(max-width: 800px) 100vw, 800px\" \/>\t\t\t\t\t\t\t\t\t\t\t\t\t\t\t<\/div>\n\t\t\t\t<div class=\"elementor-element elementor-element-b932719 elementor-widget elementor-widget-image\" data-id=\"b932719\" data-element_type=\"widget\" data-widget_type=\"image.default\">\n\t\t\t\t\t\t\t\t\t\t\t\t\t\t\t<img loading=\"lazy\" decoding=\"async\" width=\"800\" height=\"600\" src=\"https:\/\/aramarvarais.com\/wp-content\/uploads\/2026\/01\/aramar-varais-teto-de-gesso-1024x768.jpg\" class=\"attachment-large size-large wp-image-1151\" alt=\"varal em teto de gesso litoral\" srcset=\"https:\/\/aramarvarais.com\/wp-content\/uploads\/2026\/01\/aramar-varais-teto-de-gesso-1024x768.jpg 1024w, https:\/\/aramarvarais.com\/wp-content\/uploads\/2026\/01\/aramar-varais-teto-de-gesso-300x225.jpg 300w, https:\/\/aramarvarais.com\/wp-content\/uploads\/2026\/01\/aramar-varais-teto-de-gesso-768x576.jpg 768w, https:\/\/aramarvarais.com\/wp-content\/uploads\/2026\/01\/aramar-varais-teto-de-gesso.jpg 1200w\" sizes=\"(max-width: 800px) 100vw, 800px\" \/>\t\t\t\t\t\t\t\t\t\t\t\t\t\t\t<\/div>\n\t\t\t\t<div class=\"elementor-element elementor-element-e3dc6a1 elementor-widget elementor-widget-image\" data-id=\"e3dc6a1\" data-element_type=\"widget\" data-widget_type=\"image.default\">\n\t\t\t\t\t\t\t\t\t\t\t\t\t\t\t<img loading=\"lazy\" decoding=\"async\" width=\"800\" height=\"600\" src=\"https:\/\/aramarvarais.com\/wp-content\/uploads\/2026\/01\/varal-em-teto-de-gesso-como-1024x768.jpg\" class=\"attachment-large size-large wp-image-1158\" alt=\"\" srcset=\"https:\/\/aramarvarais.com\/wp-content\/uploads\/2026\/01\/varal-em-teto-de-gesso-como-1024x768.jpg 1024w, https:\/\/aramarvarais.com\/wp-content\/uploads\/2026\/01\/varal-em-teto-de-gesso-como-300x225.jpg 300w, https:\/\/aramarvarais.com\/wp-content\/uploads\/2026\/01\/varal-em-teto-de-gesso-como-768x576.jpg 768w, https:\/\/aramarvarais.com\/wp-content\/uploads\/2026\/01\/varal-em-teto-de-gesso-como.jpg 1200w\" sizes=\"(max-width: 800px) 100vw, 800px\" \/>\t\t\t\t\t\t\t\t\t\t\t\t\t\t\t<\/div>\n\t\t\t\t\t<\/div>\n\t\t\t\t<\/div>\n\t\t<div class=\"elementor-element elementor-element-4bbce43 e-flex e-con-boxed wpr-particle-no wpr-jarallax-no wpr-parallax-no wpr-sticky-section-no e-con e-parent\" data-id=\"4bbce43\" data-element_type=\"container\">\n\t\t\t\t\t<div class=\"e-con-inner\">\n\t\t\t\t<div class=\"elementor-element elementor-element-0ca209e elementor-widget elementor-widget-heading\" data-id=\"0ca209e\" data-element_type=\"widget\" data-widget_type=\"heading.default\">\n\t\t\t\t\t<h2 class=\"elementor-heading-title elementor-size-default\">Depoimento dos Clientes.<\/h2>\t\t\t\t<\/div>\n\t\t\t\t\t<\/div>\n\t\t\t\t<\/div>\n\t\t<div class=\"elementor-element elementor-element-8fc4fb4 e-flex e-con-boxed wpr-particle-no wpr-jarallax-no wpr-parallax-no wpr-sticky-section-no e-con e-parent\" data-id=\"8fc4fb4\" data-element_type=\"container\">\n\t\t\t\t\t<div class=\"e-con-inner\">\n\t\t<div class=\"elementor-element elementor-element-6e7e467 e-con-full e-flex wpr-particle-no wpr-jarallax-no wpr-parallax-no wpr-sticky-section-no e-con e-child\" data-id=\"6e7e467\" data-element_type=\"container\">\n\t\t\t\t<div class=\"elementor-element elementor-element-2190499 elementor-widget elementor-widget-testimonial\" data-id=\"2190499\" data-element_type=\"widget\" data-widget_type=\"testimonial.default\">\n\t\t\t\t\t\t\t<div class=\"elementor-testimonial-wrapper\">\n\t\t\t\t\t\t\t<div class=\"elementor-testimonial-content\">Muito bom! Medi\u00e7\u00e3o no local. Projeto em 3D para visualiza\u00e7\u00e3o. Pontualidade e cuidado no atendimento. Varal colocado nota 10!<\/div>\n\t\t\t\n\t\t\t\t\t\t<div class=\"elementor-testimonial-meta elementor-has-image elementor-testimonial-image-position-aside\">\n\t\t\t\t<div class=\"elementor-testimonial-meta-inner\">\n\t\t\t\t\t\t\t\t\t\t\t<div class=\"elementor-testimonial-image\">\n\t\t\t\t\t\t\t<a href=\"https:\/\/maps.app.goo.gl\/9BozDrWtBvinKMmb6\"><img loading=\"lazy\" decoding=\"async\" width=\"169\" height=\"161\" src=\"https:\/\/aramarvarais.com\/wp-content\/uploads\/2026\/01\/Captura-de-tela-2026-01-31-171639.png\" class=\"attachment-full size-full wp-image-1180\" alt=\"\" \/><\/a>\t\t\t\t\t\t<\/div>\n\t\t\t\t\t\n\t\t\t\t\t\t\t\t\t\t<div class=\"elementor-testimonial-details\">\n\t\t\t\t\t\t\t\t\t\t\t\t\t\t<a class=\"elementor-testimonial-name\" href=\"https:\/\/maps.app.goo.gl\/9BozDrWtBvinKMmb6\">Renata Andrade<\/a>\n\t\t\t\t\t\t\t\t\t\t\t\t\t\t\t\t\t\t\t\t\t\t<a class=\"elementor-testimonial-job\" href=\"https:\/\/maps.app.goo.gl\/9BozDrWtBvinKMmb6\">Via Google<\/a>\n\t\t\t\t\t\t\t\t\t\t\t\t\t<\/div>\n\t\t\t\t\t\t\t\t\t<\/div>\n\t\t\t<\/div>\n\t\t\t\t\t<\/div>\n\t\t\t\t\t\t<\/div>\n\t\t\t\t<\/div>\n\t\t<div class=\"elementor-element elementor-element-18daee1 e-con-full e-flex wpr-particle-no wpr-jarallax-no wpr-parallax-no wpr-sticky-section-no e-con e-child\" data-id=\"18daee1\" data-element_type=\"container\">\n\t\t\t\t<div class=\"elementor-element elementor-element-94f8d93 elementor-widget elementor-widget-testimonial\" data-id=\"94f8d93\" data-element_type=\"widget\" data-widget_type=\"testimonial.default\">\n\t\t\t\t\t\t\t<div class=\"elementor-testimonial-wrapper\">\n\t\t\t\t\t\t\t<div class=\"elementor-testimonial-content\">Excelente atendimento desde o contato pelo WhatsApp at\u00e9 instala\u00e7\u00e3o.\nPre\u00e7o excelente, agendamento rapido, instala\u00e7\u00e3o pontual, limpa.\nSuper indico<\/div>\n\t\t\t\n\t\t\t\t\t\t<div class=\"elementor-testimonial-meta elementor-has-image elementor-testimonial-image-position-aside\">\n\t\t\t\t<div class=\"elementor-testimonial-meta-inner\">\n\t\t\t\t\t\t\t\t\t\t\t<div class=\"elementor-testimonial-image\">\n\t\t\t\t\t\t\t<a href=\"https:\/\/share.google\/mLk1i8wdV9XGhff0Z\"><img loading=\"lazy\" decoding=\"async\" width=\"148\" height=\"152\" src=\"https:\/\/aramarvarais.com\/wp-content\/uploads\/2026\/01\/Captura-de-tela-2026-01-31-174443.png\" class=\"attachment-full size-full wp-image-1200\" alt=\"\" \/><\/a>\t\t\t\t\t\t<\/div>\n\t\t\t\t\t\n\t\t\t\t\t\t\t\t\t\t<div class=\"elementor-testimonial-details\">\n\t\t\t\t\t\t\t\t\t\t\t\t\t\t<a class=\"elementor-testimonial-name\" href=\"https:\/\/share.google\/mLk1i8wdV9XGhff0Z\">Ana<\/a>\n\t\t\t\t\t\t\t\t\t\t\t\t\t\t\t\t\t\t\t\t\t\t<a class=\"elementor-testimonial-job\" href=\"https:\/\/share.google\/mLk1i8wdV9XGhff0Z\">Via Google<\/a>\n\t\t\t\t\t\t\t\t\t\t\t\t\t<\/div>\n\t\t\t\t\t\t\t\t\t<\/div>\n\t\t\t<\/div>\n\t\t\t\t\t<\/div>\n\t\t\t\t\t\t<\/div>\n\t\t\t\t<\/div>\n\t\t<div class=\"elementor-element elementor-element-6c016da e-con-full e-flex wpr-particle-no wpr-jarallax-no wpr-parallax-no wpr-sticky-section-no e-con e-child\" data-id=\"6c016da\" data-element_type=\"container\">\n\t\t\t\t<div class=\"elementor-element elementor-element-7c4ca2f elementor-widget elementor-widget-testimonial\" data-id=\"7c4ca2f\" data-element_type=\"widget\" data-widget_type=\"testimonial.default\">\n\t\t\t\t\t\t\t<div class=\"elementor-testimonial-wrapper\">\n\t\t\t\t\t\t\t<div class=\"elementor-testimonial-content\">Excelente atendimento. Pontualidade tanto na hora de tirar as medidas do local como no dia da instala\u00e7\u00e3o. Pre\u00e7o justo dentro do que \u00e9 oferecido .<\/div>\n\t\t\t\n\t\t\t\t\t\t<div class=\"elementor-testimonial-meta elementor-has-image elementor-testimonial-image-position-aside\">\n\t\t\t\t<div class=\"elementor-testimonial-meta-inner\">\n\t\t\t\t\t\t\t\t\t\t\t<div class=\"elementor-testimonial-image\">\n\t\t\t\t\t\t\t<a href=\"https:\/\/share.google\/CD3FX5CIpv7i7KcNp\"><img loading=\"lazy\" decoding=\"async\" width=\"161\" height=\"163\" src=\"https:\/\/aramarvarais.com\/wp-content\/uploads\/2026\/01\/Captura-de-tela-2026-01-31-174838.png\" class=\"attachment-full size-full wp-image-1205\" alt=\"\" \/><\/a>\t\t\t\t\t\t<\/div>\n\t\t\t\t\t\n\t\t\t\t\t\t\t\t\t\t<div class=\"elementor-testimonial-details\">\n\t\t\t\t\t\t\t\t\t\t\t\t\t\t<a class=\"elementor-testimonial-name\" href=\"https:\/\/share.google\/CD3FX5CIpv7i7KcNp\">Paula Stolagli<\/a>\n\t\t\t\t\t\t\t\t\t\t\t\t\t\t\t\t\t\t\t\t\t\t<a class=\"elementor-testimonial-job\" href=\"https:\/\/share.google\/CD3FX5CIpv7i7KcNp\">Via Google<\/a>\n\t\t\t\t\t\t\t\t\t\t\t\t\t<\/div>\n\t\t\t\t\t\t\t\t\t<\/div>\n\t\t\t<\/div>\n\t\t\t\t\t<\/div>\n\t\t\t\t\t\t<\/div>\n\t\t\t\t<\/div>\n\t\t\t\t\t<\/div>\n\t\t\t\t<\/div>\n\t\t<div class=\"elementor-element elementor-element-940692e e-flex e-con-boxed wpr-particle-no wpr-jarallax-no wpr-parallax-no wpr-sticky-section-no e-con e-parent\" data-id=\"940692e\" data-element_type=\"container\">\n\t\t\t\t\t<div class=\"e-con-inner\">\n\t\t\t\t<div class=\"elementor-element elementor-element-f691480 elementor-widget elementor-widget-heading\" data-id=\"f691480\" data-element_type=\"widget\" data-widget_type=\"heading.default\">\n\t\t\t\t\t<h2 class=\"elementor-heading-title elementor-size-default\">Entre em contato.<br><\/h2>\t\t\t\t<\/div>\n\t\t\t\t\t<\/div>\n\t\t\t\t<\/div>\n\t\t<div class=\"elementor-element elementor-element-e61166d e-flex e-con-boxed wpr-particle-no wpr-jarallax-no wpr-parallax-no wpr-sticky-section-no e-con e-parent\" data-id=\"e61166d\" data-element_type=\"container\">\n\t\t\t\t\t<div class=\"e-con-inner\">\n\t\t\t\t<div class=\"elementor-element elementor-element-ffad3dd elementor-widget elementor-widget-google_maps\" data-id=\"ffad3dd\" data-element_type=\"widget\" data-widget_type=\"google_maps.default\">\n\t\t\t\t\t\t\t<div class=\"elementor-custom-embed\">\n\t\t\t<iframe loading=\"lazy\"\n\t\t\t\t\tsrc=\"https:\/\/maps.google.com\/maps?q=aramar%20varais&#038;t=m&#038;z=14&#038;output=embed&#038;iwloc=near\"\n\t\t\t\t\ttitle=\"aramar varais\"\n\t\t\t\t\taria-label=\"aramar varais\"\n\t\t\t><\/iframe>\n\t\t<\/div>\n\t\t\t\t\t\t<\/div>\n\t\t\t\t\t<\/div>\n\t\t\t\t<\/div>\n\t\t<div class=\"elementor-element elementor-element-3e4f9c8 e-flex e-con-boxed wpr-particle-no wpr-jarallax-no wpr-parallax-no wpr-sticky-section-no e-con e-parent\" data-id=\"3e4f9c8\" data-element_type=\"container\">\n\t\t\t\t\t<div class=\"e-con-inner\">\n\t\t\t\t<div class=\"elementor-element elementor-element-beba72d elementor-widget elementor-widget-text-editor\" data-id=\"beba72d\" data-element_type=\"widget\" data-widget_type=\"text-editor.default\">\n\t\t\t\t\t\t\t\t\t<p>Telefone e whatsapp:&nbsp; 13 981169483&nbsp;<\/p><p>Rua: Bar\u00e3o de Paranapiacaba n\u00ba190&nbsp; &nbsp;Bairro: Encruzilhada&nbsp; Santos &#8211; SP<\/p>\t\t\t\t\t\t\t\t<\/div>\n\t\t\t\t\t<\/div>\n\t\t\t\t<\/div>\n\t\t\t\t<\/div>\n\t\t","protected":false},"excerpt":{"rendered":"<p>Aramar Varais Bem vindo, a mais de 31 anos no mercado, temos a exclusiva instala\u00e7\u00e3o que transpassa o gesso e fixa na laje com garantia vital\u00edcia na instala\u00e7\u00e3o! Teto de gesso Outro diferencial, temos 5 op\u00e7\u00f5es de fixa\u00e7\u00e3o para \u00e1rea de servi\u00e7o com teto de gesso! Nossos sevi\u00e7os Instala\u00e7\u00e3o de varais, troca de corda e roldanas, troca de corda varal mazzonetto, fazemos varais sob medida, visita t\u00e9cnica na sua resid\u00eancia com hora marcada! Teto de Gesso Instala\u00e7\u00e3o aprovada feita a mais de 15 anos aqui na Baixada Santista, sendo refer\u00eancia para Arquitetos, Engenheiros e Clientes diretos, essa instala\u00e7\u00e3o transpassa o geso e fixa na laje, conta com garantia vital\u00edcia na instala\u00e7\u00e3o.\u00a0 Depoimento dos Clientes. Muito bom! Medi\u00e7\u00e3o no local. Projeto em 3D para visualiza\u00e7\u00e3o. Pontualidade e cuidado no atendimento. Varal colocado nota 10! Renata Andrade Via Google Excelente atendimento desde o contato pelo WhatsApp at\u00e9 instala\u00e7\u00e3o. Pre\u00e7o excelente, agendamento rapido, instala\u00e7\u00e3o pontual, limpa. Super indico Ana Via Google Excelente atendimento. Pontualidade tanto na hora de tirar as medidas do local como no dia da instala\u00e7\u00e3o. Pre\u00e7o justo dentro do que \u00e9 oferecido . Paula Stolagli Via Google Entre em contato. Telefone e whatsapp:&nbsp; 13 981169483&nbsp; Rua: Bar\u00e3o de Paranapiacaba n\u00ba190&nbsp; &nbsp;Bairro: Encruzilhada&nbsp; Santos &#8211; SP<\/p>\n","protected":false},"author":1,"featured_media":1021,"parent":0,"menu_order":0,"comment_status":"closed","ping_status":"open","template":"","meta":{"footnotes":""},"class_list":["post-2","page","type-page","status-publish","has-post-thumbnail","hentry"],"_links":{"self":[{"href":"https:\/\/aramarvarais.com\/index.php?rest_route=\/wp\/v2\/pages\/2","targetHints":{"allow":["GET"]}}],"collection":[{"href":"https:\/\/aramarvarais.com\/index.php?rest_route=\/wp\/v2\/pages"}],"about":[{"href":"https:\/\/aramarvarais.com\/index.php?rest_route=\/wp\/v2\/types\/page"}],"author":[{"embeddable":true,"href":"https:\/\/aramarvarais.com\/index.php?rest_route=\/wp\/v2\/users\/1"}],"replies":[{"embeddable":true,"href":"https:\/\/aramarvarais.com\/index.php?rest_route=%2Fwp%2Fv2%2Fcomments&post=2"}],"version-history":[{"count":281,"href":"https:\/\/aramarvarais.com\/index.php?rest_route=\/wp\/v2\/pages\/2\/revisions"}],"predecessor-version":[{"id":1496,"href":"https:\/\/aramarvarais.com\/index.php?rest_route=\/wp\/v2\/pages\/2\/revisions\/1496"}],"wp:featuredmedia":[{"embeddable":true,"href":"https:\/\/aramarvarais.com\/index.php?rest_route=\/wp\/v2\/media\/1021"}],"wp:attachment":[{"href":"https:\/\/aramarvarais.com\/index.php?rest_route=%2Fwp%2Fv2%2Fmedia&parent=2"}],"curies":[{"name":"wp","href":"https:\/\/api.w.org\/{rel}","templated":true}]}}