{"id":186,"date":"2017-02-11T00:25:47","date_gmt":"2017-02-11T00:25:47","guid":{"rendered":"http:\/\/aramarvarais.com\/?page_id=186"},"modified":"2026-02-05T21:07:19","modified_gmt":"2026-02-05T21:07:19","slug":"contato","status":"publish","type":"page","link":"https:\/\/aramarvarais.com\/?page_id=186","title":{"rendered":"contato e localiza\u00e7\u00e3o"},"content":{"rendered":"\t\t<div data-elementor-type=\"wp-page\" data-elementor-id=\"186\" class=\"elementor elementor-186\">\n\t\t\t\t<div class=\"elementor-element elementor-element-61cfa4e e-flex e-con-boxed wpr-particle-no wpr-jarallax-no wpr-parallax-no wpr-sticky-section-no e-con e-parent\" data-id=\"61cfa4e\" data-element_type=\"container\">\n\t\t\t\t\t<div class=\"e-con-inner\">\n\t\t\t\t<div class=\"elementor-element elementor-element-1aeabf2e elementor-widget elementor-widget-text-editor\" data-id=\"1aeabf2e\" data-element_type=\"widget\" data-widget_type=\"text-editor.default\">\n\t\t\t\t\t\t\t\t\t<p><span style=\"font-size: 19px;\">Instala\u00e7\u00f5es e or\u00e7amentos de segunda \u00e0 s\u00e1bado, ligue em um de nossos n\u00fameros, d\u00favidas ou sugest\u00f5es podem ser feitas por e-mail.<\/span><\/p><h5>Endere\u00e7o: Rua Bar\u00e3o de Paranapiacaba n\u00ba190\u00a0\u00a0\u00a0\u00a0\u00a0 Bairro: Encruzilhada\u00a0 Cep: 11050-250\u00a0\u00a0Santo-SP<\/h5><p><a href=\"http:\/\/iframe%20src=https:\/\/www.google.com\/maps\/embed?pb=!1m18!1m12!1m3!1d2811.5260526228103!2d-46.327593539709625!3d-23.956962295844953!2m3!1f0!2f0!3f0!3m2!1i1024!2i768!4f13.1!3m3!1m2!1s0x94ce030b7b068515%3A0xf46a1906daf783bd!2sR.+Bar%C3%A3o+de+Paranapiacaba%2C+190+-+Encruzilhada%2C+Santos+-+SP%2C+11050-250!5e0!3m2!1spt-BR!2sbr!4v1537578553901%20width=600%20height=450%20frameborder=0%20style=border:0%20allowfullscreen\/iframe\">http:\/\/<iframe style=\"border: 0px currentColor;\" src=\"https:\/\/www.google.com\/maps\/embed?pb=!1m18!1m12!1m3!1d2811.5260526228103!2d-46.327593539709625!3d-23.956962295844953!2m3!1f0!2f0!3f0!3m2!1i1024!2i768!4f13.1!3m3!1m2!1s0x94ce030b7b068515%3A0xf46a1906daf783bd!2sR.+Bar%C3%A3o+de+Paranapiacaba%2C+190+-+Encruzilhada%2C+Santos+-+SP%2C+11050-250!5e0!3m2!1spt-BR!2sbr!4v1537578553901\" width=\"600\" height=\"450\" frameborder=\"0\" allowfullscreen=\"allowfullscreen\"><\/iframe><\/a><\/p><h4>Hor\u00e1rio de atendimento na loja:<\/h4><h4>Segunda a Sexta Feira.<\/h4><h4>das 8 \u00e0s 18 horas.<\/h4><h4>S\u00e1bado das 8 \u00e0s 14 horas.\u00a0 \u00a0 \u00a0\u00a0<\/h4><h4>\u00a0<\/h4><h5>Estamos presentes nas principais m\u00eddias sociais!<\/h5><p><img decoding=\"async\" class=\" wp-image-690 alignleft\" src=\"http:\/\/aramarvarais.com\/wp-content\/uploads\/2019\/06\/media-aramar.png\" alt=\"media-aramar\" width=\"105\" height=\"343\" srcset=\"https:\/\/aramarvarais.com\/wp-content\/uploads\/2019\/06\/media-aramar.png 132w, https:\/\/aramarvarais.com\/wp-content\/uploads\/2019\/06\/media-aramar-92x300.png 92w\" sizes=\"(max-width: 105px) 100vw, 105px\" \/><\/p><p>\u00a0<\/p><p><a href=\"https:\/\/www.facebook.com\/aramarvarais\">https:\/\/www.facebook.com\/aramarvarais<\/a><\/p><p>\u00a0<\/p><p><a href=\"https:\/\/www.youtube.com\/aramarvarais\">https:\/\/www.youtube.com\/aramarvarais<\/a><\/p><p>\u00a0<\/p><p><a href=\"https:\/\/www.instagram.com\/aramar_varais\">https:\/\/www.instagram.com\/aramar_varais<\/a><\/p><p>\u00a0<\/p><p><span style=\"color: #339966;\">(13) 9-8116-9483<\/span><\/p><h3>\u00a0<\/h3><h3>\u00a0<\/h3>\t\t\t\t\t\t\t\t<\/div>\n\t\t\t\t\t<\/div>\n\t\t\t\t<\/div>\n\t\t\t\t<\/div>\n\t\t","protected":false},"excerpt":{"rendered":"<p>Instala\u00e7\u00f5es e or\u00e7amentos de segunda \u00e0 s\u00e1bado, ligue em um de nossos n\u00fameros, d\u00favidas ou sugest\u00f5es podem ser feitas por e-mail. Endere\u00e7o: Rua Bar\u00e3o de Paranapiacaba n\u00ba190\u00a0\u00a0\u00a0\u00a0\u00a0 Bairro: Encruzilhada\u00a0 Cep: 11050-250\u00a0\u00a0Santo-SP http:\/\/ Hor\u00e1rio de atendimento na loja: Segunda a Sexta Feira. das 8 \u00e0s 18 horas. S\u00e1bado das 8 \u00e0s 14 horas.\u00a0 \u00a0 \u00a0\u00a0 \u00a0 Estamos presentes nas principais m\u00eddias sociais! \u00a0 https:\/\/www.facebook.com\/aramarvarais \u00a0 https:\/\/www.youtube.com\/aramarvarais \u00a0 https:\/\/www.instagram.com\/aramar_varais \u00a0 (13) 9-8116-9483 \u00a0 \u00a0<\/p>\n","protected":false},"author":1,"featured_media":0,"parent":0,"menu_order":0,"comment_status":"closed","ping_status":"closed","template":"","meta":{"footnotes":""},"class_list":["post-186","page","type-page","status-publish","hentry"],"_links":{"self":[{"href":"https:\/\/aramarvarais.com\/index.php?rest_route=\/wp\/v2\/pages\/186","targetHints":{"allow":["GET"]}}],"collection":[{"href":"https:\/\/aramarvarais.com\/index.php?rest_route=\/wp\/v2\/pages"}],"about":[{"href":"https:\/\/aramarvarais.com\/index.php?rest_route=\/wp\/v2\/types\/page"}],"author":[{"embeddable":true,"href":"https:\/\/aramarvarais.com\/index.php?rest_route=\/wp\/v2\/users\/1"}],"replies":[{"embeddable":true,"href":"https:\/\/aramarvarais.com\/index.php?rest_route=%2Fwp%2Fv2%2Fcomments&post=186"}],"version-history":[{"count":49,"href":"https:\/\/aramarvarais.com\/index.php?rest_route=\/wp\/v2\/pages\/186\/revisions"}],"predecessor-version":[{"id":1318,"href":"https:\/\/aramarvarais.com\/index.php?rest_route=\/wp\/v2\/pages\/186\/revisions\/1318"}],"wp:attachment":[{"href":"https:\/\/aramarvarais.com\/index.php?rest_route=%2Fwp%2Fv2%2Fmedia&parent=186"}],"curies":[{"name":"wp","href":"https:\/\/api.w.org\/{rel}","templated":true}]}}