{"id":184,"date":"2017-02-10T23:58:31","date_gmt":"2017-02-10T23:58:31","guid":{"rendered":"http:\/\/aramarvarais.com\/?page_id=184"},"modified":"2026-02-05T22:28:14","modified_gmt":"2026-02-05T22:28:14","slug":"promocao","status":"publish","type":"page","link":"https:\/\/aramarvarais.com\/?page_id=184","title":{"rendered":"promo\u00e7\u00e3o, ofertas!"},"content":{"rendered":"\t\t<div data-elementor-type=\"wp-page\" data-elementor-id=\"184\" class=\"elementor elementor-184\">\n\t\t\t\t<div class=\"elementor-element elementor-element-19c17c33 e-flex e-con-boxed wpr-particle-no wpr-jarallax-no wpr-parallax-no wpr-sticky-section-no e-con e-parent\" data-id=\"19c17c33\" data-element_type=\"container\">\n\t\t\t\t\t<div class=\"e-con-inner\">\n\t\t\t\t<div class=\"elementor-element elementor-element-4ff06418 elementor-widget elementor-widget-text-editor\" data-id=\"4ff06418\" data-element_type=\"widget\" data-widget_type=\"text-editor.default\">\n\t\t\t\t\t\t\t\t\t<h5><span style=\"color: #3366ff;\"><em><strong>Confira aqui nossas promo\u00e7\u00f5es especiais!<\/strong><\/em><\/span><\/h5><p>Essas promo\u00e7\u00f5es s\u00e3o validas para a cidade de Santos as demais cidades que atendemos ser\u00e1 cobrado o valor referente a dist\u00e2ncia, essas ofertas s\u00e3o para pagamento a vista dinheiro ou pix e s\u00e3o validas enquanto estiverem publicadas no site o servi\u00e7o ser\u00e1 realizado em dias \u00fateis, de segunda a sexta feira exceto feriado.<\/p><p><span style=\"color: #0000ff;\">Promo\u00e7\u00e3o 1: Troca de corda varal tradicional R$75, roldanas a parte R$6 cada uma, corda padr\u00e3o 3 mm branca 100% polipropileno.<\/span><\/p><p><span style=\"color: #0000ff;\"><span dir=\"auto\" style=\"vertical-align: inherit;\"><span dir=\"auto\" style=\"vertical-align: inherit;\">Promo\u00e7\u00e3o 2: Elevador de varal retirando na loja R$135.<\/span><\/span><\/span><\/p><h4>\u00a0 Ao ligar fale da promo\u00e7\u00e3o do site!<\/h4><figure id=\"attachment_907\" aria-describedby=\"caption-attachment-907\" style=\"width: 316px\" class=\"wp-caption aligncenter\"><img decoding=\"async\" class=\" wp-image-907\" src=\"http:\/\/aramarvarais.com\/wp-content\/uploads\/2024\/06\/contato-varal-santos-aramar-varais.png\" alt=\"varal em santos roupa\" width=\"316\" height=\"105\" srcset=\"https:\/\/aramarvarais.com\/wp-content\/uploads\/2024\/06\/contato-varal-santos-aramar-varais.png 500w, https:\/\/aramarvarais.com\/wp-content\/uploads\/2024\/06\/contato-varal-santos-aramar-varais-300x100.png 300w\" sizes=\"(max-width: 316px) 100vw, 316px\" \/><figcaption id=\"caption-attachment-907\" class=\"wp-caption-text\">Varal de roupa em Santos, contato WhatsApp.<\/figcaption><\/figure>\t\t\t\t\t\t\t\t<\/div>\n\t\t\t\t\t<\/div>\n\t\t\t\t<\/div>\n\t\t\t\t<\/div>\n\t\t","protected":false},"excerpt":{"rendered":"<p>Confira aqui nossas promo\u00e7\u00f5es especiais! Essas promo\u00e7\u00f5es s\u00e3o validas para a cidade de Santos as demais cidades que atendemos ser\u00e1 cobrado o valor referente a dist\u00e2ncia, essas ofertas s\u00e3o para pagamento a vista dinheiro ou pix e s\u00e3o validas enquanto estiverem publicadas no site o servi\u00e7o ser\u00e1 realizado em dias \u00fateis, de segunda a sexta feira exceto feriado. Promo\u00e7\u00e3o 1: Troca de corda varal tradicional R$75, roldanas a parte R$6 cada uma, corda padr\u00e3o 3 mm branca 100% polipropileno. Promo\u00e7\u00e3o 2: Elevador de varal retirando na loja R$135. \u00a0 Ao ligar fale da promo\u00e7\u00e3o do site!<\/p>\n","protected":false},"author":1,"featured_media":0,"parent":0,"menu_order":0,"comment_status":"closed","ping_status":"closed","template":"","meta":{"footnotes":""},"class_list":["post-184","page","type-page","status-publish","hentry"],"_links":{"self":[{"href":"https:\/\/aramarvarais.com\/index.php?rest_route=\/wp\/v2\/pages\/184","targetHints":{"allow":["GET"]}}],"collection":[{"href":"https:\/\/aramarvarais.com\/index.php?rest_route=\/wp\/v2\/pages"}],"about":[{"href":"https:\/\/aramarvarais.com\/index.php?rest_route=\/wp\/v2\/types\/page"}],"author":[{"embeddable":true,"href":"https:\/\/aramarvarais.com\/index.php?rest_route=\/wp\/v2\/users\/1"}],"replies":[{"embeddable":true,"href":"https:\/\/aramarvarais.com\/index.php?rest_route=%2Fwp%2Fv2%2Fcomments&post=184"}],"version-history":[{"count":23,"href":"https:\/\/aramarvarais.com\/index.php?rest_route=\/wp\/v2\/pages\/184\/revisions"}],"predecessor-version":[{"id":1340,"href":"https:\/\/aramarvarais.com\/index.php?rest_route=\/wp\/v2\/pages\/184\/revisions\/1340"}],"wp:attachment":[{"href":"https:\/\/aramarvarais.com\/index.php?rest_route=%2Fwp%2Fv2%2Fmedia&parent=184"}],"curies":[{"name":"wp","href":"https:\/\/api.w.org\/{rel}","templated":true}]}}