{"id":18,"date":"2017-02-07T23:05:40","date_gmt":"2017-02-07T23:05:40","guid":{"rendered":"http:\/\/aramarvarais.com\/?page_id=18"},"modified":"2018-08-06T14:38:03","modified_gmt":"2018-08-06T14:38:03","slug":"varal-de-muro","status":"publish","type":"page","link":"https:\/\/aramarvarais.com\/?page_id=18","title":{"rendered":"Varal de muro"},"content":{"rendered":"<p>Varal de fabrica\u00e7\u00e3o pr\u00f3pria tem alta capacidade de peso s\u00e3o at\u00e9 14 quilos de roupa \u00famida! Feito em alum\u00ednio tem alta resist\u00eancia a corros\u00e3o.<\/p>\n<p><img fetchpriority=\"high\" decoding=\"async\" class=\"alignnone wp-image-286\" src=\"http:\/\/aramarvarais.com\/wp-content\/uploads\/2017\/02\/site-varal-de-muro-aramar-santos-300x225.jpg\" alt=\"site-varal-de-muro-aramar-santos\" width=\"471\" height=\"353\" srcset=\"https:\/\/aramarvarais.com\/wp-content\/uploads\/2017\/02\/site-varal-de-muro-aramar-santos-300x225.jpg 300w, https:\/\/aramarvarais.com\/wp-content\/uploads\/2017\/02\/site-varal-de-muro-aramar-santos-768x576.jpg 768w, https:\/\/aramarvarais.com\/wp-content\/uploads\/2017\/02\/site-varal-de-muro-aramar-santos.jpg 800w\" sizes=\"(max-width: 471px) 100vw, 471px\" \/><\/p>\n<p><img decoding=\"async\" class=\"alignnone wp-image-295\" src=\"http:\/\/aramarvarais.com\/wp-content\/uploads\/2017\/02\/site-varal-de-muro-aluminio-300x225.jpg\" alt=\"site-varal-de-muro-aluminio\" width=\"472\" height=\"354\" srcset=\"https:\/\/aramarvarais.com\/wp-content\/uploads\/2017\/02\/site-varal-de-muro-aluminio-300x225.jpg 300w, https:\/\/aramarvarais.com\/wp-content\/uploads\/2017\/02\/site-varal-de-muro-aluminio-768x576.jpg 768w, https:\/\/aramarvarais.com\/wp-content\/uploads\/2017\/02\/site-varal-de-muro-aluminio.jpg 800w\" sizes=\"(max-width: 472px) 100vw, 472px\" \/><\/p>\n<p>&nbsp;<\/p>\n<p><span id=\"inserted3397\" style=\"font-size: 18px;\"><span id=\"inserted7091\" style=\"font-size: 18px;\"><span style=\"color: #339966; font-size: 18px;\">informa\u00e7\u00e3o:<\/span> <\/span><\/span>Nosso varal de muro tem capacidade de peso de 14 quilos contra 5 quilos do varal sanfonado de a\u00e7o!<\/p>\n<p><img decoding=\"async\" class=\"alignnone wp-image-297\" src=\"http:\/\/aramarvarais.com\/wp-content\/uploads\/2017\/02\/site-varal-de-muro-300x225.jpg\" alt=\"site-varal-de-muro\" width=\"475\" height=\"356\" srcset=\"https:\/\/aramarvarais.com\/wp-content\/uploads\/2017\/02\/site-varal-de-muro-300x225.jpg 300w, https:\/\/aramarvarais.com\/wp-content\/uploads\/2017\/02\/site-varal-de-muro-768x576.jpg 768w, https:\/\/aramarvarais.com\/wp-content\/uploads\/2017\/02\/site-varal-de-muro.jpg 800w\" sizes=\"(max-width: 475px) 100vw, 475px\" \/><\/p>\n<p>Pequenas altera\u00e7\u00f5es podem ser feitas sem\u00a0aviso pr\u00e9vio, apenas para melhorar o produto.<\/p>\n<p><img loading=\"lazy\" decoding=\"async\" class=\"size-medium wp-image-470 aligncenter\" src=\"http:\/\/aramarvarais.com\/wp-content\/uploads\/2017\/02\/produto-reciclavel-3-300x225.png\" alt=\"produto-reciclavel-3\" width=\"300\" height=\"225\" srcset=\"https:\/\/aramarvarais.com\/wp-content\/uploads\/2017\/02\/produto-reciclavel-3-300x225.png 300w, https:\/\/aramarvarais.com\/wp-content\/uploads\/2017\/02\/produto-reciclavel-3.png 500w\" sizes=\"(max-width: 300px) 100vw, 300px\" \/><\/p>\n<p>&nbsp;<\/p>\n<p>&nbsp;<\/p>\n<p>&nbsp;<\/p>\n","protected":false},"excerpt":{"rendered":"<p>Varal de fabrica\u00e7\u00e3o pr\u00f3pria tem alta capacidade de peso s\u00e3o at\u00e9 14 quilos de roupa \u00famida! Feito em alum\u00ednio tem alta resist\u00eancia a corros\u00e3o. &nbsp; informa\u00e7\u00e3o: Nosso varal de muro tem capacidade de peso de 14 quilos contra 5 quilos do varal sanfonado de a\u00e7o! Pequenas altera\u00e7\u00f5es podem ser feitas sem\u00a0aviso pr\u00e9vio, apenas para melhorar o produto. &nbsp; &nbsp; &nbsp;<\/p>\n","protected":false},"author":1,"featured_media":0,"parent":0,"menu_order":0,"comment_status":"closed","ping_status":"closed","template":"","meta":{"footnotes":""},"class_list":["post-18","page","type-page","status-publish","hentry"],"_links":{"self":[{"href":"https:\/\/aramarvarais.com\/index.php?rest_route=\/wp\/v2\/pages\/18","targetHints":{"allow":["GET"]}}],"collection":[{"href":"https:\/\/aramarvarais.com\/index.php?rest_route=\/wp\/v2\/pages"}],"about":[{"href":"https:\/\/aramarvarais.com\/index.php?rest_route=\/wp\/v2\/types\/page"}],"author":[{"embeddable":true,"href":"https:\/\/aramarvarais.com\/index.php?rest_route=\/wp\/v2\/users\/1"}],"replies":[{"embeddable":true,"href":"https:\/\/aramarvarais.com\/index.php?rest_route=%2Fwp%2Fv2%2Fcomments&post=18"}],"version-history":[{"count":11,"href":"https:\/\/aramarvarais.com\/index.php?rest_route=\/wp\/v2\/pages\/18\/revisions"}],"predecessor-version":[{"id":600,"href":"https:\/\/aramarvarais.com\/index.php?rest_route=\/wp\/v2\/pages\/18\/revisions\/600"}],"wp:attachment":[{"href":"https:\/\/aramarvarais.com\/index.php?rest_route=%2Fwp%2Fv2%2Fmedia&parent=18"}],"curies":[{"name":"wp","href":"https:\/\/api.w.org\/{rel}","templated":true}]}}