{"id":164,"date":"2017-02-10T15:51:55","date_gmt":"2017-02-10T15:51:55","guid":{"rendered":"http:\/\/aramarvarais.com\/?page_id=164"},"modified":"2026-02-05T22:21:49","modified_gmt":"2026-02-05T22:21:49","slug":"comparativo-aramar-x-industrializados","status":"publish","type":"page","link":"https:\/\/aramarvarais.com\/?page_id=164","title":{"rendered":"comparativo varal individual"},"content":{"rendered":"<p>Aqui nessa p\u00e1gina vamos mostrar as principais vantagens ao adquirir um varal da Aramar.<\/p>\n<p><em><strong>1\u00ba Garantia<\/strong><\/em>: Enquanto os concorrentes d\u00e3o no m\u00e1ximo de 6 meses o nosso varal individual tem 1 ano!<\/p>\n<p><em><strong>2\u00ba Suporte de corda:<\/strong><\/em> Algumas marcas da\u00a0 linha industrial tem um suporte que voc\u00eas vem na foto abaixo: ferro com alum\u00ednio ou\u00a0 pl\u00e1stico, nosso suporte \u00e9 feito de inox com alum\u00ednio isso faz com que tenha alta resist\u00eancia contra corros\u00e3o<\/p>\n<p><img fetchpriority=\"high\" decoding=\"async\" class=\"size-full wp-image-871 aligncenter\" src=\"http:\/\/aramarvarais.com\/wp-content\/uploads\/2017\/02\/face-suporte-de-corda-comparacao-varal.jpg\" alt=\"face-suporte-de-corda-comparacao-varal\" width=\"500\" height=\"845\" srcset=\"https:\/\/aramarvarais.com\/wp-content\/uploads\/2017\/02\/face-suporte-de-corda-comparacao-varal.jpg 500w, https:\/\/aramarvarais.com\/wp-content\/uploads\/2017\/02\/face-suporte-de-corda-comparacao-varal-178x300.jpg 178w\" sizes=\"(max-width: 500px) 100vw, 500px\" \/><\/p>\n<p><em><strong>3\u00ba Perfil da vareta:<\/strong> <\/em>Nosso varal individual trabalha com o perfil 1\/2 x 1\/16 \u00e9 o melhor que se pode ter enquanto a maioria da linhas industriais trabalha com o perfil 1\/2 x 1\/10.<\/p>\n<p><img decoding=\"async\" class=\"wp-image-171 aligncenter\" src=\"http:\/\/aramarvarais.com\/wp-content\/uploads\/2017\/02\/site-perfil-varal-aluminio-santos-300x208.jpg\" alt=\"site-perfil-varal-aluminio-santos\" width=\"462\" height=\"320\" srcset=\"https:\/\/aramarvarais.com\/wp-content\/uploads\/2017\/02\/site-perfil-varal-aluminio-santos-300x208.jpg 300w, https:\/\/aramarvarais.com\/wp-content\/uploads\/2017\/02\/site-perfil-varal-aluminio-santos-768x532.jpg 768w, https:\/\/aramarvarais.com\/wp-content\/uploads\/2017\/02\/site-perfil-varal-aluminio-santos.jpg 895w\" sizes=\"(max-width: 462px) 100vw, 462px\" \/><\/p>\n<p><em><strong>4\u00ba Descer e subir as varetas:<\/strong><\/em> Algumas marcas tem o sistema de &#8220;pescaria&#8221; voc\u00ea tem que encaixar a vareta na argola que fica l\u00e1 no alto quando a vareta desce, causando dificuldade e as vezes at\u00e9 sujando o teto. O nosso modelo a mesma corda que faz descer a vareta faz ele subir muito mais pratico e r\u00e1pido!<\/p>\n<p><img decoding=\"async\" class=\"wp-image-173 aligncenter\" src=\"http:\/\/aramarvarais.com\/wp-content\/uploads\/2017\/02\/site-sisitema-individual-197x300.jpg\" alt=\"site-sisitema-individual\" width=\"443\" height=\"674\" srcset=\"https:\/\/aramarvarais.com\/wp-content\/uploads\/2017\/02\/site-sisitema-individual-197x300.jpg 197w, https:\/\/aramarvarais.com\/wp-content\/uploads\/2017\/02\/site-sisitema-individual.jpg 409w\" sizes=\"(max-width: 443px) 100vw, 443px\" \/><\/p>\n<p><em><strong>5\u00ba Altura para estender a roupa:<\/strong><\/em> O concorrente que tem o sistema acima &#8220;tipo pescaria&#8221; tem apenas uma altura quando a vareta est\u00e1 em baixo, ou seja se tiver na casa uma pessoa mais baixa e outra mais alta vai ter que pendurar a roupa na \u00fanica op\u00e7\u00e3o de altura enquanto o nosso varal tem at\u00e9 5 op\u00e7\u00f5es de parada de vareta!<\/p>\n<p><img loading=\"lazy\" decoding=\"async\" class=\"wp-image-177 aligncenter\" src=\"http:\/\/aramarvarais.com\/wp-content\/uploads\/2017\/02\/site-5-posi-parada-varal-300x225.jpg\" alt=\"site-5-posi-parada-varal\" width=\"475\" height=\"356\" srcset=\"https:\/\/aramarvarais.com\/wp-content\/uploads\/2017\/02\/site-5-posi-parada-varal-300x225.jpg 300w, https:\/\/aramarvarais.com\/wp-content\/uploads\/2017\/02\/site-5-posi-parada-varal-768x576.jpg 768w, https:\/\/aramarvarais.com\/wp-content\/uploads\/2017\/02\/site-5-posi-parada-varal.jpg 900w\" sizes=\"(max-width: 475px) 100vw, 475px\" \/><\/p>\n<p><img loading=\"lazy\" decoding=\"async\" class=\"wp-image-181 aligncenter\" src=\"http:\/\/aramarvarais.com\/wp-content\/uploads\/2017\/02\/site-argola-comparativo-pescaria-varal-300x300.jpg\" alt=\"site-argola-comparativo-pescaria-varal\" width=\"476\" height=\"476\" srcset=\"https:\/\/aramarvarais.com\/wp-content\/uploads\/2017\/02\/site-argola-comparativo-pescaria-varal-300x300.jpg 300w, https:\/\/aramarvarais.com\/wp-content\/uploads\/2017\/02\/site-argola-comparativo-pescaria-varal-150x150.jpg 150w, https:\/\/aramarvarais.com\/wp-content\/uploads\/2017\/02\/site-argola-comparativo-pescaria-varal.jpg 650w\" sizes=\"(max-width: 476px) 100vw, 476px\" \/><\/p>\n<p><em><strong>6\u00ba Ponta das Varetas:\u00a0 \u00a0<\/strong><\/em>O sistema usado para prender as cordas nas varetas que a maioria das marcas usam, s\u00e3o as pontas pl\u00e1sticas que\u00a0as vezes se soltam das varetas com pouco tempo de uso ou ressacam e vem a quebrar gerando mais gasto com a manuten\u00e7\u00e3o do varal prematuramente, basta ver nos sites como Reclame Aqui que tem refer\u00eancia sobre o assunto, e no dia a dia atendemos clientes com o mesmo problema.<\/p>\n<p><img loading=\"lazy\" decoding=\"async\" class=\"alignnone size-full wp-image-825\" src=\"http:\/\/aramarvarais.com\/wp-content\/uploads\/2017\/02\/site-aramar-vareta.jpg\" alt=\"site-aramar-vareta\" width=\"1000\" height=\"918\" srcset=\"https:\/\/aramarvarais.com\/wp-content\/uploads\/2017\/02\/site-aramar-vareta.jpg 1000w, https:\/\/aramarvarais.com\/wp-content\/uploads\/2017\/02\/site-aramar-vareta-300x275.jpg 300w, https:\/\/aramarvarais.com\/wp-content\/uploads\/2017\/02\/site-aramar-vareta-768x705.jpg 768w\" sizes=\"(max-width: 1000px) 100vw, 1000px\" \/><\/p>\n<p>Na nossa linha de varal individual Aramar as cordas passam por dentro da vareta, n\u00e3o corre risco de soltar e vai ser usada sem nenhum problema at\u00e9 a vida \u00fatil da corda acabar!<\/p>\n<p><img loading=\"lazy\" decoding=\"async\" class=\"alignnone size-full wp-image-827\" src=\"http:\/\/aramarvarais.com\/wp-content\/uploads\/2017\/02\/site-aramar-vareta2.jpg\" alt=\"site-aramar-vareta2\" width=\"1000\" height=\"1111\" srcset=\"https:\/\/aramarvarais.com\/wp-content\/uploads\/2017\/02\/site-aramar-vareta2.jpg 1000w, https:\/\/aramarvarais.com\/wp-content\/uploads\/2017\/02\/site-aramar-vareta2-270x300.jpg 270w, https:\/\/aramarvarais.com\/wp-content\/uploads\/2017\/02\/site-aramar-vareta2-768x853.jpg 768w, https:\/\/aramarvarais.com\/wp-content\/uploads\/2017\/02\/site-aramar-vareta2-922x1024.jpg 922w\" sizes=\"(max-width: 1000px) 100vw, 1000px\" \/><\/p>\n<p><img loading=\"lazy\" decoding=\"async\" class=\"alignnone size-full wp-image-826\" src=\"http:\/\/aramarvarais.com\/wp-content\/uploads\/2017\/02\/aramar-varais-exclusivo.gif\" alt=\"aramar-varais-exclusivo\" width=\"600\" height=\"600\" \/><\/p>\n<p><em><strong>Pode confiar, compare e decida por um varal de alta qualidade!<\/strong><\/em><\/p>\n","protected":false},"excerpt":{"rendered":"<p>Aqui nessa p\u00e1gina vamos mostrar as principais vantagens ao adquirir um varal da Aramar. 1\u00ba Garantia: Enquanto os concorrentes d\u00e3o no m\u00e1ximo de 6 meses o nosso varal individual tem 1 ano! 2\u00ba Suporte de corda: Algumas marcas da\u00a0 linha industrial tem um suporte que voc\u00eas vem na foto abaixo: ferro com alum\u00ednio ou\u00a0 pl\u00e1stico, nosso suporte \u00e9 feito de inox com alum\u00ednio isso faz com que tenha alta resist\u00eancia contra corros\u00e3o 3\u00ba Perfil da vareta: Nosso varal individual trabalha com o perfil 1\/2 x 1\/16 \u00e9 o melhor que se pode ter enquanto a maioria da linhas industriais trabalha com o perfil 1\/2 x 1\/10. 4\u00ba Descer e subir as varetas: Algumas marcas tem o sistema de &#8220;pescaria&#8221; voc\u00ea tem que encaixar a vareta na argola que fica l\u00e1 no alto quando a vareta desce, causando dificuldade e as vezes at\u00e9 sujando o teto. O nosso modelo a mesma corda que faz descer a vareta faz ele subir muito mais pratico e r\u00e1pido! 5\u00ba Altura para estender a roupa: O concorrente que tem o sistema acima &#8220;tipo pescaria&#8221; tem apenas uma altura quando a vareta est\u00e1 em baixo, ou seja se tiver na casa uma pessoa mais baixa e outra mais alta vai ter que pendurar a roupa na \u00fanica op\u00e7\u00e3o de altura enquanto o nosso varal tem at\u00e9 5 op\u00e7\u00f5es de parada de vareta! 6\u00ba Ponta das Varetas:\u00a0 \u00a0O sistema usado para prender as cordas nas varetas que a maioria das marcas usam, s\u00e3o as pontas pl\u00e1sticas que\u00a0as vezes se soltam das varetas com pouco tempo de uso ou ressacam e vem a quebrar gerando mais gasto com a manuten\u00e7\u00e3o do varal prematuramente, basta ver nos sites como Reclame Aqui que tem refer\u00eancia sobre o assunto, e no dia a dia atendemos clientes com o mesmo problema. Na nossa linha de varal individual Aramar as cordas passam por dentro da vareta, n\u00e3o corre risco de soltar e vai ser usada sem nenhum problema at\u00e9 a vida \u00fatil da corda acabar! Pode confiar, compare e decida por um varal de alta qualidade!<\/p>\n","protected":false},"author":1,"featured_media":0,"parent":9,"menu_order":0,"comment_status":"closed","ping_status":"closed","template":"","meta":{"footnotes":""},"class_list":["post-164","page","type-page","status-publish","hentry"],"_links":{"self":[{"href":"https:\/\/aramarvarais.com\/index.php?rest_route=\/wp\/v2\/pages\/164","targetHints":{"allow":["GET"]}}],"collection":[{"href":"https:\/\/aramarvarais.com\/index.php?rest_route=\/wp\/v2\/pages"}],"about":[{"href":"https:\/\/aramarvarais.com\/index.php?rest_route=\/wp\/v2\/types\/page"}],"author":[{"embeddable":true,"href":"https:\/\/aramarvarais.com\/index.php?rest_route=\/wp\/v2\/users\/1"}],"replies":[{"embeddable":true,"href":"https:\/\/aramarvarais.com\/index.php?rest_route=%2Fwp%2Fv2%2Fcomments&post=164"}],"version-history":[{"count":24,"href":"https:\/\/aramarvarais.com\/index.php?rest_route=\/wp\/v2\/pages\/164\/revisions"}],"predecessor-version":[{"id":1336,"href":"https:\/\/aramarvarais.com\/index.php?rest_route=\/wp\/v2\/pages\/164\/revisions\/1336"}],"up":[{"embeddable":true,"href":"https:\/\/aramarvarais.com\/index.php?rest_route=\/wp\/v2\/pages\/9"}],"wp:attachment":[{"href":"https:\/\/aramarvarais.com\/index.php?rest_route=%2Fwp%2Fv2%2Fmedia&parent=164"}],"curies":[{"name":"wp","href":"https:\/\/api.w.org\/{rel}","templated":true}]}}