{"id":14,"date":"2017-02-07T23:04:47","date_gmt":"2017-02-07T23:04:47","guid":{"rendered":"http:\/\/aramarvarais.com\/?page_id=14"},"modified":"2023-05-25T17:13:00","modified_gmt":"2023-05-25T17:13:00","slug":"varal-sanfonado","status":"publish","type":"page","link":"https:\/\/aramarvarais.com\/?page_id=14","title":{"rendered":"Varal sanfonado"},"content":{"rendered":"<p>Sendo um varal de apoio serve para pe\u00e7as pequenas e m\u00e9dias como toalhas, pano de prato, blusas etc&#8230; fabricado em ferro ou alum\u00ednio.<\/p>\n<p><img fetchpriority=\"high\" decoding=\"async\" class=\"alignnone wp-image-274\" src=\"http:\/\/aramarvarais.com\/wp-content\/uploads\/2017\/02\/site-varal-sanfonado-aluminio-300x225.jpg\" alt=\"site-varal-sanfonado-aluminio\" width=\"460\" height=\"345\" srcset=\"https:\/\/aramarvarais.com\/wp-content\/uploads\/2017\/02\/site-varal-sanfonado-aluminio-300x225.jpg 300w, https:\/\/aramarvarais.com\/wp-content\/uploads\/2017\/02\/site-varal-sanfonado-aluminio-768x576.jpg 768w, https:\/\/aramarvarais.com\/wp-content\/uploads\/2017\/02\/site-varal-sanfonado-aluminio.jpg 800w\" sizes=\"(max-width: 460px) 100vw, 460px\" \/><\/p>\n<p>&nbsp;<\/p>\n<p><span style=\"color: #339966;\">informa\u00e7\u00e3o:<\/span> O varal sanfonado de alum\u00ednio \u00e9 mais indicado para \u00e1rea externa.<\/p>\n<p><img decoding=\"async\" class=\"alignnone wp-image-277\" src=\"http:\/\/aramarvarais.com\/wp-content\/uploads\/2017\/02\/varal-sanfonadoo-300x225.jpg\" alt=\"varal sanfonadoo\" width=\"459\" height=\"344\" srcset=\"https:\/\/aramarvarais.com\/wp-content\/uploads\/2017\/02\/varal-sanfonadoo-300x225.jpg 300w, https:\/\/aramarvarais.com\/wp-content\/uploads\/2017\/02\/varal-sanfonadoo-768x576.jpg 768w, https:\/\/aramarvarais.com\/wp-content\/uploads\/2017\/02\/varal-sanfonadoo.jpg 800w\" sizes=\"(max-width: 459px) 100vw, 459px\" \/><\/p>\n<p><img decoding=\"async\" class=\"alignnone wp-image-424\" src=\"http:\/\/aramarvarais.com\/wp-content\/uploads\/2017\/02\/site-varal-sanfona-300x225.jpg\" alt=\"site-varal-sanfona\" width=\"456\" height=\"342\" srcset=\"https:\/\/aramarvarais.com\/wp-content\/uploads\/2017\/02\/site-varal-sanfona-300x225.jpg 300w, https:\/\/aramarvarais.com\/wp-content\/uploads\/2017\/02\/site-varal-sanfona.jpg 750w\" sizes=\"(max-width: 456px) 100vw, 456px\" \/><\/p>\n<p><img loading=\"lazy\" decoding=\"async\" class=\"alignnone wp-image-426\" src=\"http:\/\/aramarvarais.com\/wp-content\/uploads\/2017\/02\/site-varal-sanfo-209x300.jpg\" alt=\"site-varal-sanfo\" width=\"457\" height=\"656\" srcset=\"https:\/\/aramarvarais.com\/wp-content\/uploads\/2017\/02\/site-varal-sanfo-209x300.jpg 209w, https:\/\/aramarvarais.com\/wp-content\/uploads\/2017\/02\/site-varal-sanfo.jpg 600w\" sizes=\"(max-width: 457px) 100vw, 457px\" \/><\/p>\n<p>&nbsp;<\/p>\n<p>Modelo de alum\u00ednio feito para ficar na \u00e1rea externa pegando chuva a vontade!<\/p>\n<p><img loading=\"lazy\" decoding=\"async\" class=\"alignnone size-full wp-image-830\" src=\"http:\/\/aramarvarais.com\/wp-content\/uploads\/2017\/02\/site-sanfonado-alumin.jpg\" alt=\"site-sanfonado-alumin\" width=\"1000\" height=\"750\" srcset=\"https:\/\/aramarvarais.com\/wp-content\/uploads\/2017\/02\/site-sanfonado-alumin.jpg 1000w, https:\/\/aramarvarais.com\/wp-content\/uploads\/2017\/02\/site-sanfonado-alumin-300x225.jpg 300w, https:\/\/aramarvarais.com\/wp-content\/uploads\/2017\/02\/site-sanfonado-alumin-768x576.jpg 768w\" sizes=\"(max-width: 1000px) 100vw, 1000px\" \/><\/p>\n<p>O modelo feito em ferro \u00e9 mais indicado para \u00e1rea interna.<img loading=\"lazy\" decoding=\"async\" class=\"alignnone size-full wp-image-862\" src=\"http:\/\/aramarvarais.com\/wp-content\/uploads\/2017\/02\/site-varal-sanfonado-alu.jpg\" alt=\"site-varal-sanfonado-alum\u00ednio \" width=\"712\" height=\"712\" srcset=\"https:\/\/aramarvarais.com\/wp-content\/uploads\/2017\/02\/site-varal-sanfonado-alu.jpg 712w, https:\/\/aramarvarais.com\/wp-content\/uploads\/2017\/02\/site-varal-sanfonado-alu-150x150.jpg 150w, https:\/\/aramarvarais.com\/wp-content\/uploads\/2017\/02\/site-varal-sanfonado-alu-300x300.jpg 300w\" sizes=\"(max-width: 712px) 100vw, 712px\" \/><\/p>\n<p><img loading=\"lazy\" decoding=\"async\" class=\"alignnone size-full wp-image-863\" src=\"http:\/\/aramarvarais.com\/wp-content\/uploads\/2017\/02\/site-varal-sanfonado-santos.jpg\" alt=\"varal-sanfonado-santos concerto varal\" width=\"1200\" height=\"900\" srcset=\"https:\/\/aramarvarais.com\/wp-content\/uploads\/2017\/02\/site-varal-sanfonado-santos.jpg 1200w, https:\/\/aramarvarais.com\/wp-content\/uploads\/2017\/02\/site-varal-sanfonado-santos-300x225.jpg 300w, https:\/\/aramarvarais.com\/wp-content\/uploads\/2017\/02\/site-varal-sanfonado-santos-768x576.jpg 768w, https:\/\/aramarvarais.com\/wp-content\/uploads\/2017\/02\/site-varal-sanfonado-santos-1024x768.jpg 1024w\" sizes=\"(max-width: 1200px) 100vw, 1200px\" \/><\/p>\n<p>&nbsp;<\/p>\n<p>Todas as imagens do site n\u00e3o podem ser copiadas ou alteradas sem permiss\u00e3o.<\/p>\n<p><img loading=\"lazy\" decoding=\"async\" class=\"size-medium wp-image-470 aligncenter\" src=\"http:\/\/aramarvarais.com\/wp-content\/uploads\/2017\/02\/produto-reciclavel-3-300x225.png\" alt=\"produto-reciclavel-3\" width=\"300\" height=\"225\" srcset=\"https:\/\/aramarvarais.com\/wp-content\/uploads\/2017\/02\/produto-reciclavel-3-300x225.png 300w, https:\/\/aramarvarais.com\/wp-content\/uploads\/2017\/02\/produto-reciclavel-3.png 500w\" sizes=\"(max-width: 300px) 100vw, 300px\" \/><\/p>\n<p>&nbsp;<\/p>\n","protected":false},"excerpt":{"rendered":"<p>Sendo um varal de apoio serve para pe\u00e7as pequenas e m\u00e9dias como toalhas, pano de prato, blusas etc&#8230; fabricado em ferro ou alum\u00ednio. &nbsp; informa\u00e7\u00e3o: O varal sanfonado de alum\u00ednio \u00e9 mais indicado para \u00e1rea externa. &nbsp; Modelo de alum\u00ednio feito para ficar na \u00e1rea externa pegando chuva a vontade! O modelo feito em ferro \u00e9 mais indicado para \u00e1rea interna. &nbsp; Todas as imagens do site n\u00e3o podem ser copiadas ou alteradas sem permiss\u00e3o. &nbsp;<\/p>\n","protected":false},"author":1,"featured_media":0,"parent":0,"menu_order":0,"comment_status":"closed","ping_status":"closed","template":"","meta":{"footnotes":""},"class_list":["post-14","page","type-page","status-publish","hentry"],"_links":{"self":[{"href":"https:\/\/aramarvarais.com\/index.php?rest_route=\/wp\/v2\/pages\/14","targetHints":{"allow":["GET"]}}],"collection":[{"href":"https:\/\/aramarvarais.com\/index.php?rest_route=\/wp\/v2\/pages"}],"about":[{"href":"https:\/\/aramarvarais.com\/index.php?rest_route=\/wp\/v2\/types\/page"}],"author":[{"embeddable":true,"href":"https:\/\/aramarvarais.com\/index.php?rest_route=\/wp\/v2\/users\/1"}],"replies":[{"embeddable":true,"href":"https:\/\/aramarvarais.com\/index.php?rest_route=%2Fwp%2Fv2%2Fcomments&post=14"}],"version-history":[{"count":12,"href":"https:\/\/aramarvarais.com\/index.php?rest_route=\/wp\/v2\/pages\/14\/revisions"}],"predecessor-version":[{"id":864,"href":"https:\/\/aramarvarais.com\/index.php?rest_route=\/wp\/v2\/pages\/14\/revisions\/864"}],"wp:attachment":[{"href":"https:\/\/aramarvarais.com\/index.php?rest_route=%2Fwp%2Fv2%2Fmedia&parent=14"}],"curies":[{"name":"wp","href":"https:\/\/api.w.org\/{rel}","templated":true}]}}